{"id":7932,"date":"2024-09-26T09:31:22","date_gmt":"2024-09-26T07:31:22","guid":{"rendered":"https:\/\/kopendoors.com\/?page_id=7932"},"modified":"2026-02-10T18:18:01","modified_gmt":"2026-02-10T17:18:01","slug":"privacy-policy-contact-form","status":"publish","type":"page","link":"https:\/\/kopendoors.com\/it\/privacy-policy-contact-form\/","title":{"rendered":"Privacy Policy Contact form"},"content":{"rendered":"<section class=\"wpb-content-wrapper\"><p>[vc_row css=&#8221;.vc_custom_1727271280105{margin-top: 50px !important;}&#8221;][vc_column][vc_column_text]<\/p>\r\n<div class=\"iub_header\">\r\n<h1 class=\"wp-block-heading\">INFORMATIVA PRIVACY SITO INTERNET <u>https:\/\/kopendoors.com\/<\/u> \u00a0FORM \u201cCONTATTI\u201d v.1.1<\/h1>\r\n<h2>(ai sensi dell\u2019art.13 del Regolamento UE n. 2016\/679)<\/h2>\r\n<p>&nbsp;<\/p>\r\n<p>Con la presente informativa Kopen Srl (di seguito \u201c<strong>Titolare<\/strong>\u201d) La informa in relazione al trattamento dei Suoi dati personali forniti mediante la compilazione del form \u201c<strong>Contatti<\/strong>\u201d presente sul sito web <a href=\"https:\/\/kopendoors.com\/\"><u>https:\/\/kopendoors.com\/<\/u><\/a><\/p>\r\n<p>&nbsp;<\/p>\r\n<p><strong>1. Titolare del trattamento e dati di contatto<br \/><\/strong>Il Titolare del trattamento \u00e8 Kopen S.r.l. nella persona del legale rappresentante pro-tempore, con sede legale in Via Tiburtina Valeria Km. 127,5 CAP 67041 \u2013 Aielli (AQ), P.iva 01981860669, posta elettronica <a href=\"mailto:privacy@kopendoors.com\"><u>privacy@kopendoors.com<\/u><\/a><\/p>\r\n<p>&nbsp;<\/p>\r\n<p><strong>2. Il Responsabile della Protezione dei Dati Personali<br \/><\/strong>Il Responsabile della Protezione dei dati (\u201cDPO\u201d) \u00e8 Zenko S.r.l. con sede legale in Via dell\u2019Industria, snc \u2013 Zona Ind.le \u2013 64025 \u2013 Pineto (TE), posta elettronica: <a href=\"mailto:dpo@zenko.it\"><u>dpo@zenko.it<\/u><\/a><\/p>\r\n<p>&nbsp;<\/p>\r\n<p><strong>3. Oggetto del trattamento<br \/><\/strong>Il Titolare tratter\u00e0 i seguenti dati personali (\u201cDati\u201d), raccolti a seguito della Sua compilazione del form \u201cContatti\u201d presente sul sito web <a href=\"https:\/\/kopendoors.com\/\"><u>https:\/\/kopendoors.com\/<\/u><\/a> :<\/p>\r\n<ul>\r\n<li>dati anagrafici (nome);<\/li>\r\n<li>dati di contatto (indirizzo e-mail, numero di telefono);<\/li>\r\n<li>eventuali ulteriori dati personali inseriti nel campo \u201cMessaggio\u201d).<\/li>\r\n<\/ul>\r\n<p>&nbsp;<\/p>\r\n<p><strong>4. Finalit\u00e0 e Base giuridica del trattamento<br \/><\/strong>I Suoi Dati verranno trattati per le seguenti finalit\u00e0 e basi giuridiche:<br \/>senza il Suo preventivo consenso, per l\u2019esecuzione di un contratto o per l\u2019adempimento di misure precontrattuali richieste dall\u2019interessato, al solo fine di consentire al Titolare di rispondere alle Sue richieste pervenute tramite il form di contatto.<\/p>\r\n<p>&nbsp;<\/p>\r\n<p><strong>5. <\/strong><strong>Modalit\u00e0 di trattamento<br \/><\/strong>I Suoi Dati vengono trattati nel rispetto dei diritti e delle libert\u00e0 fondamentali ed \u00e8 improntato ai principi di correttezza, liceit\u00e0, trasparenza e di tutela della riservatezza e viene effettuato anche con l\u2019ausilio di strumenti elettronici.<\/p>\r\n<p>&nbsp;<\/p>\r\n<p><strong>6. Natura del conferimento<br \/><\/strong>Il conferimento dei Suoi Dati \u00e8 obbligatorio, in mancanza, infatti, il Titolare non potrebbe fornire riscontro alla Sua richiesta, pervenuta tramite il form.<\/p>\r\n<p>&nbsp;<\/p>\r\n<p><strong>7. Comunicazione e diffusione<br \/><\/strong>Ferme restando le comunicazioni eseguite in adempimento di obblighi di legge e contrattuali ad enti e soggetti pubblici, i Suoi Dati sono trattati da personale interno previamente autorizzato e designato quale incaricato del trattamento, a cui sono impartite idonee istruzioni in ordine a misure, accorgimenti, modus operandi, tutti volti alla concreta tutela dei Suoi dati personali.<\/p>\r\n<p>Il Titolare pu\u00f2 inoltre avvalersi di soggetti terzi per l&#8217;espletamento di attivit\u00e0 sui Suoi Dati, quali ad esempio:<\/p>\r\n<ul>\r\n<li>fornitori di servizi web, cloud o IT nell\u2019ambito di attivit\u00e0 di assistenza, supporto e manutenzione;<\/li>\r\n<li>fornitori di software o piattaforme software nell\u2019ambito di attivit\u00e0 di assistenza, supporto e manutenzione; consulenti o liberi professionisti esterni, quali ad esempio legali di fiducia ecc;<\/li>\r\n<li>societ\u00e0 controllate o controllanti e facenti parte del medesimo gruppo di imprese, in adempimento di servizi infragruppo.<\/li>\r\n<\/ul>\r\n<p>&nbsp;<\/p>\r\n<p>Conformemente a quanto stabilito dalla normativa, tali soggetti assicurano livelli esperienza, capacit\u00e0 e affidabilit\u00e0 tali da garantire il rispetto delle vigenti disposizioni in materia di trattamento, ivi compreso il profilo della sicurezza dei dati. Detti soggetti terzi, se del caso, sono designati &#8220;Responsabili del trattamento&#8221; e vengono sottoposti a verifiche periodiche al fine di constatare il mantenimento dei livelli di garanzia registrati in occasione dell&#8217;affidamento dell&#8217;incarico iniziale. Un elenco dei responsabili nominati \u00e8 disponibile presso il Titolare del trattamento.<\/p>\r\n<p>&nbsp;<\/p>\r\n<p><strong>8. Trasferimento dei dati all\u2019estero<br \/><\/strong>I Suoi dati non sono trasferiti presso Paesi Terzi non Europei.<\/p>\r\n<p>&nbsp;<\/p>\r\n<p><strong>9. Tempi di conservazione<br \/><\/strong>I Suoi Dati, raccolti per la finalit\u00e0 indicata nel precedente Paragrafo 4., saranno conservati fino al momento in cui saranno state fornite le informazioni richieste o, comunque, trascorsi sessanta giorni decorrenti dall\u2019ultima Sua comunicazione, i Suoi Dati saranno cancellati.<\/p>\r\n<p>&nbsp;<\/p>\r\n<p><strong>10. Diritti dell&#8217;interessato<br \/><\/strong>Seguendo le modalit\u00e0 indicate al Paragrafo 11, potr\u00e0 esercitare i diritti previsti dall\u2019art. 15 e seguenti del Regolamento UE 2016\/679 ed in particolare:<\/p>\r\n<ol>\r\n<li>accedere ai Suoi Dati;<\/li>\r\n<li>di chiederne la rettifica o l\u2019aggiornamento se incompleti o erronei;<\/li>\r\n<li>di chiederne la cancellazione per uno dei motivi indicati all\u2019art. 17 paragrafo 1 del GDPR;<\/li>\r\n<li>di chiederne a limitazione nei casi espressamente previsti dall\u2019art. 18, paragrafo del GDPR;<\/li>\r\n<li>di chiederne la portabilit\u00e0, nei casi indicati all\u2019art. 20 del GDPR;<\/li>\r\n<li>di opporsi in qualsiasi momento, per motivi connessi alla Sua situazione particolare, al trattamento dei Suoi Dati ai sensi dell&#8217;articolo 6, paragrafo 1, lettere e) o f), compresa la profilazione sulla base di tali disposizioni; in tal caso, il Titolare si astiene dal trattare ulteriormente i Suoi Dati personali salvo che dimostri l&#8217;esistenza di motivi legittimi cogenti per procedere al trattamento che prevalgono sui Suoi interessi, diritti e libert\u00e0 oppure per l&#8217;accertamento, l&#8217;esercizio o la difesa di un diritto in sede giudiziaria; qualora i Suoi Dati siano trattati per finalit\u00e0 di marketing diretto, Lei ha il diritto di opporsi in qualsiasi momento al trattamento dei Dati che la riguardano effettuato per tali finalit\u00e0, compresa la profilazione nella misura in cui sia connessa a tale marketing diretto; qualora Lei si opponga al trattamento per finalit\u00e0 di marketing diretto, i Suoi Dati non sono pi\u00f9 oggetto di trattamento per tali finalit\u00e0;<\/li>\r\n<li>di non essere sottoposto a una decisione basata unicamente sul trattamento automatizzato, compresa la profilazione, che produca effetti giuridici che la riguardano o che incida in modo analogo significativamente sulla Sua persona; tale diritto si applica limitatamente a quanto previsto dall\u2019art. 22 del GDPR;<\/li>\r\n<\/ol>\r\n<p>Al fine di agevolare l\u2019esercizio dei diritti sopra riportati, si potr\u00e0 inoltrare al Titolare del Trattamento il modello \u201cesercizio di diritti in materia di protezione dei dati personali\u201d, pubblicato sul portale del Garante Privacy http:\/\/www.garanteprivacy.it, debitamente compilato.<\/p>\r\n<p>Si informa infine che, qualora ritenga che il trattamento dei Suoi Dati avvenga in violazione di quanto previsto dal Regolamento UE 2016\/679 (art. 77), ha il diritto di proporre reclamo al Garante, (www.garanteprivacy.it) o di adire le opportune sedi giudiziarie.<\/p>\r\n<p>&nbsp;<\/p>\r\n<p><strong>11. Modalit\u00e0 di esercizio dei diritti<br \/><\/strong>Si potr\u00e0 in qualsiasi momento esercitare i diritti inviando:<\/p>\r\n<ul>\r\n<li>una raccomandata a.r. a Kopen S.r.l. all\u2019indirizzo Via Tiburtina Valeria Km. 127,5 CAP 67041 \u2013 Aielli (AQ);<\/li>\r\n<li>una e-mail all\u2019indirizzo <a href=\"mailto:privacy@kopendoors.com\"><u>privacy@kopendoors.com<\/u><\/a><\/li>\r\n<\/ul>\r\n<p>Oppure si potr\u00e0 contattare direttamente il RDP (Responsabile della protezione dei dati) o DPO di Kopen S.r.l. all\u2019indirizzo di posta elettronica <a href=\"mailto:dpo@zenko.it\"><u>dpo@zenko.it<\/u><\/a><\/p>\r\n<\/div>\r\n\r\n<p>&nbsp;<\/p>\r\n<p>[\/vc_column_text][\/vc_column][\/vc_row]<\/p><\/section>","protected":false},"excerpt":{"rendered":"<p>[vc_row css=&#8221;.vc_custom_1727271280105{margin-top: 50px !important;}&#8221;][vc_column][vc_column_text] INFORMATIVA PRIVACY SITO INTERNET https:\/\/kopendoors.com\/ \u00a0FORM \u201cCONTATTI\u201d v.1.1 (ai sensi dell\u2019art.13 del Regolamento UE n. 2016\/679) &nbsp; Con la presente informativa Kopen Srl (di seguito \u201cTitolare\u201d) La informa in relazione al trattamento dei Suoi dati personali forniti mediante la compilazione del form \u201cContatti\u201d presente sul sito web https:\/\/kopendoors.com\/ &nbsp; 1. Titolare [&hellip;]<\/p>\n","protected":false},"author":7,"featured_media":0,"parent":0,"menu_order":0,"comment_status":"closed","ping_status":"closed","template":"","meta":{"footnotes":""},"class_list":["post-7932","page","type-page","status-publish","hentry"],"acf":[],"yoast_head":"<!-- This site is optimized with the Yoast SEO plugin v25.9 - https:\/\/yoast.com\/wordpress\/plugins\/seo\/ -->\n<title>Privacy Policy Contact form - Kopen<\/title>\n<meta name=\"robots\" content=\"index, follow, max-snippet:-1, max-image-preview:large, max-video-preview:-1\" \/>\n<link rel=\"canonical\" href=\"https:\/\/kopendoors.com\/it\/privacy-policy-contact-form\/\" \/>\n<meta property=\"og:locale\" content=\"it_IT\" \/>\n<meta property=\"og:type\" content=\"article\" \/>\n<meta property=\"og:title\" content=\"Privacy Policy Contact form - Kopen\" \/>\n<meta property=\"og:description\" content=\"[vc_row css=&#8221;.vc_custom_1727271280105{margin-top: 50px !important;}&#8221;][vc_column][vc_column_text] INFORMATIVA PRIVACY SITO INTERNET https:\/\/kopendoors.com\/ \u00a0FORM \u201cCONTATTI\u201d v.1.1 (ai sensi dell\u2019art.13 del Regolamento UE n. 2016\/679) &nbsp; Con la presente informativa Kopen Srl (di seguito \u201cTitolare\u201d) La informa in relazione al trattamento dei Suoi dati personali forniti mediante la compilazione del form \u201cContatti\u201d presente sul sito web https:\/\/kopendoors.com\/ &nbsp; 1. Titolare [&hellip;]\" \/>\n<meta property=\"og:url\" content=\"https:\/\/kopendoors.com\/it\/privacy-policy-contact-form\/\" \/>\n<meta property=\"og:site_name\" content=\"Kopen\" \/>\n<meta property=\"article:publisher\" content=\"https:\/\/www.facebook.com\/Kopendoors\" \/>\n<meta property=\"article:modified_time\" content=\"2026-02-10T17:18:01+00:00\" \/>\n<meta name=\"twitter:card\" content=\"summary_large_image\" \/>\n<meta name=\"twitter:site\" content=\"@Kopendoor\" \/>\n<meta name=\"twitter:label1\" content=\"Tempo di lettura stimato\" \/>\n\t<meta name=\"twitter:data1\" content=\"6 minuti\" \/>\n<script type=\"application\/ld+json\" class=\"yoast-schema-graph\">{\"@context\":\"https:\/\/schema.org\",\"@graph\":[{\"@type\":\"WebPage\",\"@id\":\"https:\/\/kopendoors.com\/it\/privacy-policy-contact-form\/\",\"url\":\"https:\/\/kopendoors.com\/it\/privacy-policy-contact-form\/\",\"name\":\"Privacy Policy Contact form - Kopen\",\"isPartOf\":{\"@id\":\"https:\/\/kopendoors.com\/it\/#website\"},\"datePublished\":\"2024-09-26T07:31:22+00:00\",\"dateModified\":\"2026-02-10T17:18:01+00:00\",\"inLanguage\":\"it-IT\",\"potentialAction\":[{\"@type\":\"ReadAction\",\"target\":[\"https:\/\/kopendoors.com\/it\/privacy-policy-contact-form\/\"]}]},{\"@type\":\"WebSite\",\"@id\":\"https:\/\/kopendoors.com\/it\/#website\",\"url\":\"https:\/\/kopendoors.com\/it\/\",\"name\":\"Kopen\",\"description\":\"Porte di Ingresso in Alluminio con Design Esclusivo. Belle e Personalizzabili. Garanzia 15 anni.\",\"potentialAction\":[{\"@type\":\"SearchAction\",\"target\":{\"@type\":\"EntryPoint\",\"urlTemplate\":\"https:\/\/kopendoors.com\/it\/?s={search_term_string}\"},\"query-input\":{\"@type\":\"PropertyValueSpecification\",\"valueRequired\":true,\"valueName\":\"search_term_string\"}}],\"inLanguage\":\"it-IT\"}]}<\/script>\n<!-- \/ Yoast SEO plugin. -->","yoast_head_json":{"title":"Privacy Policy Contact form - Kopen","robots":{"index":"index","follow":"follow","max-snippet":"max-snippet:-1","max-image-preview":"max-image-preview:large","max-video-preview":"max-video-preview:-1"},"canonical":"https:\/\/kopendoors.com\/it\/privacy-policy-contact-form\/","og_locale":"it_IT","og_type":"article","og_title":"Privacy Policy Contact form - Kopen","og_description":"[vc_row css=&#8221;.vc_custom_1727271280105{margin-top: 50px !important;}&#8221;][vc_column][vc_column_text] INFORMATIVA PRIVACY SITO INTERNET https:\/\/kopendoors.com\/ \u00a0FORM \u201cCONTATTI\u201d v.1.1 (ai sensi dell\u2019art.13 del Regolamento UE n. 2016\/679) &nbsp; Con la presente informativa Kopen Srl (di seguito \u201cTitolare\u201d) La informa in relazione al trattamento dei Suoi dati personali forniti mediante la compilazione del form \u201cContatti\u201d presente sul sito web https:\/\/kopendoors.com\/ &nbsp; 1. Titolare [&hellip;]","og_url":"https:\/\/kopendoors.com\/it\/privacy-policy-contact-form\/","og_site_name":"Kopen","article_publisher":"https:\/\/www.facebook.com\/Kopendoors","article_modified_time":"2026-02-10T17:18:01+00:00","twitter_card":"summary_large_image","twitter_site":"@Kopendoor","twitter_misc":{"Tempo di lettura stimato":"6 minuti"},"schema":{"@context":"https:\/\/schema.org","@graph":[{"@type":"WebPage","@id":"https:\/\/kopendoors.com\/it\/privacy-policy-contact-form\/","url":"https:\/\/kopendoors.com\/it\/privacy-policy-contact-form\/","name":"Privacy Policy Contact form - Kopen","isPartOf":{"@id":"https:\/\/kopendoors.com\/it\/#website"},"datePublished":"2024-09-26T07:31:22+00:00","dateModified":"2026-02-10T17:18:01+00:00","inLanguage":"it-IT","potentialAction":[{"@type":"ReadAction","target":["https:\/\/kopendoors.com\/it\/privacy-policy-contact-form\/"]}]},{"@type":"WebSite","@id":"https:\/\/kopendoors.com\/it\/#website","url":"https:\/\/kopendoors.com\/it\/","name":"Kopen","description":"Porte di Ingresso in Alluminio con Design Esclusivo. Belle e Personalizzabili. Garanzia 15 anni.","potentialAction":[{"@type":"SearchAction","target":{"@type":"EntryPoint","urlTemplate":"https:\/\/kopendoors.com\/it\/?s={search_term_string}"},"query-input":{"@type":"PropertyValueSpecification","valueRequired":true,"valueName":"search_term_string"}}],"inLanguage":"it-IT"}]}},"_links":{"self":[{"href":"https:\/\/kopendoors.com\/it\/wp-json\/wp\/v2\/pages\/7932","targetHints":{"allow":["GET"]}}],"collection":[{"href":"https:\/\/kopendoors.com\/it\/wp-json\/wp\/v2\/pages"}],"about":[{"href":"https:\/\/kopendoors.com\/it\/wp-json\/wp\/v2\/types\/page"}],"author":[{"embeddable":true,"href":"https:\/\/kopendoors.com\/it\/wp-json\/wp\/v2\/users\/7"}],"replies":[{"embeddable":true,"href":"https:\/\/kopendoors.com\/it\/wp-json\/wp\/v2\/comments?post=7932"}],"version-history":[{"count":7,"href":"https:\/\/kopendoors.com\/it\/wp-json\/wp\/v2\/pages\/7932\/revisions"}],"predecessor-version":[{"id":8079,"href":"https:\/\/kopendoors.com\/it\/wp-json\/wp\/v2\/pages\/7932\/revisions\/8079"}],"wp:attachment":[{"href":"https:\/\/kopendoors.com\/it\/wp-json\/wp\/v2\/media?parent=7932"}],"curies":[{"name":"wp","href":"https:\/\/api.w.org\/{rel}","templated":true}]}}