{"id":5364,"date":"2022-11-06T11:16:55","date_gmt":"2022-11-06T10:16:55","guid":{"rendered":"https:\/\/kopendoors.com?page_id=5364"},"modified":"2023-02-02T16:58:59","modified_gmt":"2023-02-02T15:58:59","slug":"design","status":"publish","type":"page","link":"https:\/\/kopendoors.com\/it\/design\/","title":{"rendered":"Design"},"content":{"rendered":"<section class=\"wpb-content-wrapper\"><p>[vc_row css=&#8221;.vc_custom_1667917284968{margin-right: -12px !important;margin-left: -12px !important;background-color: #c4bfbf !important;}&#8221;][vc_column offset=&#8221;vc_col-lg-offset-1 vc_col-lg-10&#8243;][vc_column_text css=&#8221;.vc_custom_1667917305387{padding-top: 50px !important;padding-bottom: 50px !important;}&#8221;]<\/p>\n<h3 style=\"text-align: center;\"><strong>Il Catalogo Porte 2018 si arricchisce di nuove ed esclusive collezioni, frutto di un lungo e laborioso lavoro del nostro team di designer e progettisti, per soddisfare ogni esigenza architettonica e di arredamento.<\/strong><\/h3>\n<p>[\/vc_column_text][\/vc_column][\/vc_row][vc_row][vc_column css=&#8221;.vc_custom_1667917556707{margin-top: 0px !important;margin-right: 0px !important;margin-bottom: 0px !important;margin-left: 0px !important;padding-top: 0px !important;padding-right: 3px !important;padding-bottom: 0px !important;padding-left: 3px !important;}&#8221;]\n\t\t<section class=\"reveal-image lay3\">\n\t\t\t<div class=\"reveal_main \">\n\t\t\t\t<div data-reveal=\"home\" data-reveal-bgcolor=\"#c4bfbf\" data-reveal-direction=\"rl\" data-reveal-duration=\"800\"  data-reveal-offset=\"-100\" data-reveal-cover-area=\"0\" class=\"reveal_cont-img full-width block-revealer\">\n\t\t\t\t\t<div class=\"block-revealer__content\">\n\t\t\t\t\t\t<div class=\"reveal_img image-bg image-large image-center\" style=\"background-image: url(https:\/\/kopendoors.com\/wp-content\/uploads\/2022\/11\/porta-kopen-detail-wood-1024x576.jpg);\">\n\t\t\t\t\t\t\t<img decoding=\"async\" class=\"reveal_img img-responsive hidden-lg\" src=\"https:\/\/kopendoors.com\/wp-content\/themes\/kopen\/img\/size-16-9.gif\"><img decoding=\"async\" class=\"reveal_img img-responsive hidden-sm\" src=\"https:\/\/kopendoors.com\/wp-content\/themes\/kopen\/img\/size-square.gif\">\n\t\t\t\t\t\t<\/div>\n\t\t\t\t\t<\/div>\n\t\t\t\t\t<div class=\"block-revealer__element\"><\/div>\n\t\t\t\t<\/div>\n\t\t\t<\/div>\n\t\t<\/section>\n\t\t[\/vc_column][\/vc_row][vc_row][vc_column css=&#8221;.vc_custom_1668174182551{margin-top: 40px !important;margin-bottom: 40px !important;}&#8221;]<div class=\"importedel\"><section class=\"wpb-content-wrapper\"><p>[vc_row equal_height=&#8221;yes&#8221; content_placement=&#8221;middle&#8221;][vc_column width=&#8221;2\/3&#8243; css=&#8221;.vc_custom_1667756009129{padding-right: 50px !important;padding-left: 50px !important;}&#8221;][vc_column_text]<\/p>\n<h3>Tipologie<\/h3>\n<p>&nbsp;<\/p>\n<p>La porta di ingresso in alluminio Kopen nasce per soddisfare al meglio ogni esigenza, ed \u00e8 per questo che ogni prodotto \u00e8 realizzato sempre su misura. Per questo ogni porta Kopen \u00e8 un modello unico. Le dimensioni sono da considerarsi standard sino a 1.060 x 2.250 mm (dimensioni riferite alla singola anta &#8211; esterno telaio), con la possibilit\u00e0 di realizzare modelli fino 1.300 x 2.500 mm, inclusa l\u2019opportunit\u00e0 di scegliere il formato XL con altezza sino a 2.800 mm.<\/p>\n<p>&nbsp;<\/p>\n<p>Con la soluzione BILICO, inoltre, pu\u00f2 essere realizzata una porta ad un\u2019anta del formato XXL fino a 1.800 x 3.000 mm (solo per i modelli della Linea Effect). Il sistema Kopen, inoltre, garantisce la massima libert\u00e0 progettuale anche per la possibilit\u00e0 di scegliere tra oltre cinquanta diverse configurazioni di prodotto abbinando i prodotti complementari (che per facilitare movimentazione, trasporto e montaggio, sono consegnati separatamente nell\u2019imballo), quali fianchiluce fissi e sopraluce fissi o apribili a wasistas ed anta secondaria simmetrica o asimmetrica.<\/p>\n<p>&nbsp;<\/p>\n<p>Da ultimo la porta di ingresso Kopen pu\u00f2 essere ordinata con soglia ribassata nelle versioni ossidato nero o argento e con spessore finito 24 mm, oppure con soglia mobile (paraspifferi) per venire incontro alle esigenze di ogni cliente finale[\/vc_column_text][\/vc_column][vc_column width=&#8221;1\/3&#8243;]<div class=\"owl-carousel owl-theme owl-loaded\" data-items=\"1\" data-margin=\"10\" data-loop=\"true\" data-merge=\"true\" data-nav=\"true\" data-dots=\"true\" data-imgbackground=\"false\" data-lazyload=\"false\" data-stagepadding=\"\" data-mobile=\"1\" data-tablet=\"1\" data-desktopsmall=\"1\" data-desktop=\"1\" data-autoplay=\"true\" data-delay=\"4000\"><div class=\"item\"><img decoding=\"async\" src=\"https:\/\/kopendoors.com\/wp-content\/uploads\/2022\/11\/porte-tipologie-a.jpg\"><\/div><div class=\"item\"><img decoding=\"async\" src=\"https:\/\/kopendoors.com\/wp-content\/uploads\/2022\/11\/porte-tipologie-b.jpg\"><\/div><div class=\"item\"><img decoding=\"async\" src=\"https:\/\/kopendoors.com\/wp-content\/uploads\/2022\/11\/porte-tipologie-c.jpg\"><\/div><div class=\"item\"><img decoding=\"async\" src=\"https:\/\/kopendoors.com\/wp-content\/uploads\/2022\/11\/porte-tipologie-d.jpg\"><\/div><\/div>[\/vc_column][\/vc_row][vc_row css=&#8221;.vc_custom_1667827812050{border-top-width: 1px !important;border-top-color: #e6e6e6 !important;border-top-style: solid !important;}&#8221;][vc_column width=&#8221;1\/3&#8243;][vc_single_image image=&#8221;5441&#8243; img_size=&#8221;large&#8221; alignment=&#8221;center&#8221; el_class=&#8221;tipologieimg&#8221;][vc_column_text]<\/p>\n<h5 style=\"text-align: center;\"><strong>Porta ad una anta<\/strong><\/h5>\n<p>[\/vc_column_text][\/vc_column][vc_column width=&#8221;1\/3&#8243;][vc_single_image image=&#8221;5445&#8243; img_size=&#8221;large&#8221; alignment=&#8221;center&#8221; el_class=&#8221;tipologieimg&#8221;][vc_column_text]<\/p>\n<h5 style=\"text-align: center;\"><strong>Porta a due ante con anta secondaria apribile<\/strong><\/h5>\n<p>[\/vc_column_text][\/vc_column][vc_column width=&#8221;1\/3&#8243;][vc_single_image image=&#8221;5449&#8243; img_size=&#8221;large&#8221; alignment=&#8221;center&#8221; el_class=&#8221;tipologieimg&#8221;][vc_column_text]<\/p>\n<h5 style=\"text-align: center;\"><strong>Porta a due ante simmetrica<\/strong><\/h5>\n<p>[\/vc_column_text][\/vc_column][\/vc_row][vc_row css=&#8221;.vc_custom_1667827812050{border-top-width: 1px !important;border-top-color: #e6e6e6 !important;border-top-style: solid !important;}&#8221;][vc_column width=&#8221;1\/3&#8243;][vc_single_image image=&#8221;5453&#8243; img_size=&#8221;large&#8221; alignment=&#8221;center&#8221; el_class=&#8221;tipologieimg&#8221;][vc_column_text]<\/p>\n<h5 style=\"text-align: center;\"><strong>Porta ad una anta con fiancoluce fisso a sinistra<br \/>\n<\/strong><\/h5>\n<p>[\/vc_column_text][\/vc_column][vc_column width=&#8221;1\/3&#8243;][vc_single_image image=&#8221;5457&#8243; img_size=&#8221;large&#8221; alignment=&#8221;center&#8221; el_class=&#8221;tipologieimg&#8221;][vc_column_text]<\/p>\n<h5 style=\"text-align: center;\"><strong>Porta ad una anta con fiancoluce fisso a destra<\/strong><\/h5>\n<p>[\/vc_column_text][\/vc_column][vc_column width=&#8221;1\/3&#8243;][vc_single_image image=&#8221;5461&#8243; img_size=&#8221;large&#8221; alignment=&#8221;center&#8221; el_class=&#8221;tipologieimg&#8221;][vc_column_text]<\/p>\n<h5 style=\"text-align: center;\"><strong>Porta ad una anta con fiancoluce fisso a destra e a sinistra<\/strong><\/h5>\n<p>[\/vc_column_text][\/vc_column][\/vc_row][vc_row css=&#8221;.vc_custom_1667827812050{border-top-width: 1px !important;border-top-color: #e6e6e6 !important;border-top-style: solid !important;}&#8221;][vc_column width=&#8221;1\/3&#8243;][vc_single_image image=&#8221;5465&#8243; img_size=&#8221;large&#8221; alignment=&#8221;center&#8221; el_class=&#8221;tipologieimg&#8221;][vc_column_text]<\/p>\n<h5 style=\"text-align: center;\"><strong>Porta ad una anta con sopraluce fisso<\/strong><\/h5>\n<p>[\/vc_column_text][\/vc_column][vc_column width=&#8221;1\/3&#8243;][vc_single_image image=&#8221;5469&#8243; img_size=&#8221;large&#8221; alignment=&#8221;center&#8221; el_class=&#8221;tipologieimg&#8221;][vc_column_text]<\/p>\n<h5 style=\"text-align: center;\"><strong>Porta ad una anta con sopraluce apribile a wasistas<\/strong><\/h5>\n<p>[\/vc_column_text][\/vc_column][vc_column width=&#8221;1\/3&#8243;][vc_single_image image=&#8221;5473&#8243; img_size=&#8221;large&#8221; alignment=&#8221;center&#8221; el_class=&#8221;tipologieimg&#8221;][vc_column_text]<\/p>\n<h5 style=\"text-align: center;\"><strong>Porta ad una anta con sopraluce e fianchiluce<\/strong><\/h5>\n<p>[\/vc_column_text][\/vc_column][\/vc_row]<\/p>\n<\/section><style type=\"text\/css\" data-type=\"vc_shortcodes-custom-css\">.vc_custom_1667827812050{border-top-width: 1px !important;border-top-color: #e6e6e6 !important;border-top-style: solid !important;}.vc_custom_1667827812050{border-top-width: 1px !important;border-top-color: #e6e6e6 !important;border-top-style: solid !important;}.vc_custom_1667827812050{border-top-width: 1px !important;border-top-color: #e6e6e6 !important;border-top-style: solid !important;}.vc_custom_1667756009129{padding-right: 50px !important;padding-left: 50px !important;}<\/style><\/div>[\/vc_column][\/vc_row][vc_row css=&#8221;.vc_custom_1667917111773{margin-right: -12px !important;margin-left: -12px !important;}&#8221;][vc_column css=&#8221;.vc_custom_1667917748771{margin-top: 0px !important;margin-right: 0px !important;margin-bottom: 0px !important;margin-left: 0px !important;padding-top: 0px !important;padding-right: 0px !important;padding-bottom: 0px !important;padding-left: 0px !important;}&#8221;]\n\t\t<section class=\"reveal-image lay3\">\n\t\t\t<div class=\"reveal_main \">\n\t\t\t\t<div data-reveal=\"home\" data-reveal-bgcolor=\"#c4bfbf\" data-reveal-direction=\"rl\" data-reveal-duration=\"800\"  data-reveal-offset=\"-100\" data-reveal-cover-area=\"0\" class=\"reveal_cont-img full-width block-revealer\">\n\t\t\t\t\t<div class=\"block-revealer__content\">\n\t\t\t\t\t\t<div class=\"reveal_img image-bg image-large image-center\" style=\"background-image: url(https:\/\/kopendoors.com\/wp-content\/uploads\/2022\/11\/porta-kopen-detail-linea-frame-1024x576.jpg);\">\n\t\t\t\t\t\t\t<img decoding=\"async\" class=\"reveal_img img-responsive hidden-lg\" src=\"https:\/\/kopendoors.com\/wp-content\/themes\/kopen\/img\/size-16-9.gif\"><img decoding=\"async\" class=\"reveal_img img-responsive hidden-sm\" src=\"https:\/\/kopendoors.com\/wp-content\/themes\/kopen\/img\/size-square.gif\">\n\t\t\t\t\t\t<\/div>\n\t\t\t\t\t<\/div>\n\t\t\t\t\t<div class=\"block-revealer__element\"><\/div>\n\t\t\t\t<\/div>\n\t\t\t<\/div>\n\t\t<\/section>\n\t\t[\/vc_column][\/vc_row]<\/p>\n<\/section>","protected":false},"excerpt":{"rendered":"<p>[vc_row css=&#8221;.vc_custom_1667917284968{margin-right: -12px !important;margin-left: -12px !important;background-color: #c4bfbf !important;}&#8221;][vc_column offset=&#8221;vc_col-lg-offset-1 vc_col-lg-10&#8243;][vc_column_text css=&#8221;.vc_custom_1667917305387{padding-top: 50px !important;padding-bottom: 50px !important;}&#8221;] Il Catalogo Porte 2018 si arricchisce di nuove ed esclusive collezioni, frutto di un lungo e laborioso lavoro del nostro team di designer e progettisti, per soddisfare ogni esigenza architettonica e di arredamento. [\/vc_column_text][\/vc_column][\/vc_row][vc_row][vc_column css=&#8221;.vc_custom_1667917556707{margin-top: 0px !important;margin-right: 0px !important;margin-bottom: 0px [&hellip;]<\/p>\n","protected":false},"author":1,"featured_media":5669,"parent":0,"menu_order":0,"comment_status":"closed","ping_status":"closed","template":"template_header2.php","meta":{"footnotes":""},"class_list":["post-5364","page","type-page","status-publish","has-post-thumbnail","hentry"],"acf":[],"yoast_head":"<!-- This site is optimized with the Yoast SEO plugin v25.9 - https:\/\/yoast.com\/wordpress\/plugins\/seo\/ -->\n<title>Design - Kopen<\/title>\n<meta name=\"description\" content=\"Scopri la qualit\u00e0 del design delle porte in alluminio Kopen. Scegli tra una vasta gamma di stili e finiture per soddisfare ogni tua esigenza.\" \/>\n<meta name=\"robots\" content=\"index, follow, max-snippet:-1, max-image-preview:large, max-video-preview:-1\" \/>\n<link rel=\"canonical\" href=\"https:\/\/kopendoors.com\/it\/design\/\" \/>\n<meta property=\"og:locale\" content=\"it_IT\" \/>\n<meta property=\"og:type\" content=\"article\" \/>\n<meta property=\"og:title\" content=\"Design - Kopen\" \/>\n<meta property=\"og:description\" content=\"Scopri la qualit\u00e0 del design delle porte in alluminio Kopen. Scegli tra una vasta gamma di stili e finiture per soddisfare ogni tua esigenza.\" \/>\n<meta property=\"og:url\" content=\"https:\/\/kopendoors.com\/it\/design\/\" \/>\n<meta property=\"og:site_name\" content=\"Kopen\" \/>\n<meta property=\"article:publisher\" content=\"https:\/\/www.facebook.com\/Kopendoors\" \/>\n<meta property=\"article:modified_time\" content=\"2023-02-02T15:58:59+00:00\" \/>\n<meta property=\"og:image\" content=\"https:\/\/kopendoors.com\/wp-content\/uploads\/2022\/11\/background-top-title-design.jpg\" \/>\n\t<meta property=\"og:image:width\" content=\"1920\" \/>\n\t<meta property=\"og:image:height\" content=\"514\" \/>\n\t<meta property=\"og:image:type\" content=\"image\/jpeg\" \/>\n<meta name=\"twitter:card\" content=\"summary_large_image\" \/>\n<meta name=\"twitter:title\" content=\"Design - Kopen\" \/>\n<meta name=\"twitter:description\" content=\"Scopri la qualit\u00e0 del design delle porte in alluminio Kopen. Scegli tra una vasta gamma di stili e finiture per soddisfare ogni tua esigenza.\" \/>\n<meta name=\"twitter:image\" content=\"https:\/\/kopendoors.com\/wp-content\/uploads\/2022\/11\/background-top-title-design.jpg\" \/>\n<meta name=\"twitter:site\" content=\"@Kopendoor\" \/>\n<meta name=\"twitter:label1\" content=\"Tempo di lettura stimato\" \/>\n\t<meta name=\"twitter:data1\" content=\"1 minuto\" \/>\n<script type=\"application\/ld+json\" class=\"yoast-schema-graph\">{\"@context\":\"https:\/\/schema.org\",\"@graph\":[{\"@type\":\"WebPage\",\"@id\":\"https:\/\/kopendoors.com\/it\/design\/\",\"url\":\"https:\/\/kopendoors.com\/it\/design\/\",\"name\":\"Design - Kopen\",\"isPartOf\":{\"@id\":\"https:\/\/kopendoors.com\/it\/#website\"},\"primaryImageOfPage\":{\"@id\":\"https:\/\/kopendoors.com\/it\/design\/#primaryimage\"},\"image\":{\"@id\":\"https:\/\/kopendoors.com\/it\/design\/#primaryimage\"},\"thumbnailUrl\":\"https:\/\/kopendoors.com\/wp-content\/uploads\/2022\/11\/background-top-title-design.jpg\",\"datePublished\":\"2022-11-06T10:16:55+00:00\",\"dateModified\":\"2023-02-02T15:58:59+00:00\",\"description\":\"Scopri la qualit\u00e0 del design delle porte in alluminio Kopen. Scegli tra una vasta gamma di stili e finiture per soddisfare ogni tua esigenza.\",\"inLanguage\":\"it-IT\",\"potentialAction\":[{\"@type\":\"ReadAction\",\"target\":[\"https:\/\/kopendoors.com\/it\/design\/\"]}]},{\"@type\":\"ImageObject\",\"inLanguage\":\"it-IT\",\"@id\":\"https:\/\/kopendoors.com\/it\/design\/#primaryimage\",\"url\":\"https:\/\/kopendoors.com\/wp-content\/uploads\/2022\/11\/background-top-title-design.jpg\",\"contentUrl\":\"https:\/\/kopendoors.com\/wp-content\/uploads\/2022\/11\/background-top-title-design.jpg\",\"width\":1920,\"height\":514,\"caption\":\"design\"},{\"@type\":\"WebSite\",\"@id\":\"https:\/\/kopendoors.com\/it\/#website\",\"url\":\"https:\/\/kopendoors.com\/it\/\",\"name\":\"Kopen\",\"description\":\"Porte di Ingresso in Alluminio con Design Esclusivo. Belle e Personalizzabili. Garanzia 15 anni.\",\"potentialAction\":[{\"@type\":\"SearchAction\",\"target\":{\"@type\":\"EntryPoint\",\"urlTemplate\":\"https:\/\/kopendoors.com\/it\/?s={search_term_string}\"},\"query-input\":{\"@type\":\"PropertyValueSpecification\",\"valueRequired\":true,\"valueName\":\"search_term_string\"}}],\"inLanguage\":\"it-IT\"}]}<\/script>\n<!-- \/ Yoast SEO plugin. -->","yoast_head_json":{"title":"Design - Kopen","description":"Scopri la qualit\u00e0 del design delle porte in alluminio Kopen. Scegli tra una vasta gamma di stili e finiture per soddisfare ogni tua esigenza.","robots":{"index":"index","follow":"follow","max-snippet":"max-snippet:-1","max-image-preview":"max-image-preview:large","max-video-preview":"max-video-preview:-1"},"canonical":"https:\/\/kopendoors.com\/it\/design\/","og_locale":"it_IT","og_type":"article","og_title":"Design - Kopen","og_description":"Scopri la qualit\u00e0 del design delle porte in alluminio Kopen. Scegli tra una vasta gamma di stili e finiture per soddisfare ogni tua esigenza.","og_url":"https:\/\/kopendoors.com\/it\/design\/","og_site_name":"Kopen","article_publisher":"https:\/\/www.facebook.com\/Kopendoors","article_modified_time":"2023-02-02T15:58:59+00:00","og_image":[{"width":1920,"height":514,"url":"https:\/\/kopendoors.com\/wp-content\/uploads\/2022\/11\/background-top-title-design.jpg","type":"image\/jpeg"}],"twitter_card":"summary_large_image","twitter_title":"Design - Kopen","twitter_description":"Scopri la qualit\u00e0 del design delle porte in alluminio Kopen. Scegli tra una vasta gamma di stili e finiture per soddisfare ogni tua esigenza.","twitter_image":"https:\/\/kopendoors.com\/wp-content\/uploads\/2022\/11\/background-top-title-design.jpg","twitter_site":"@Kopendoor","twitter_misc":{"Tempo di lettura stimato":"1 minuto"},"schema":{"@context":"https:\/\/schema.org","@graph":[{"@type":"WebPage","@id":"https:\/\/kopendoors.com\/it\/design\/","url":"https:\/\/kopendoors.com\/it\/design\/","name":"Design - Kopen","isPartOf":{"@id":"https:\/\/kopendoors.com\/it\/#website"},"primaryImageOfPage":{"@id":"https:\/\/kopendoors.com\/it\/design\/#primaryimage"},"image":{"@id":"https:\/\/kopendoors.com\/it\/design\/#primaryimage"},"thumbnailUrl":"https:\/\/kopendoors.com\/wp-content\/uploads\/2022\/11\/background-top-title-design.jpg","datePublished":"2022-11-06T10:16:55+00:00","dateModified":"2023-02-02T15:58:59+00:00","description":"Scopri la qualit\u00e0 del design delle porte in alluminio Kopen. Scegli tra una vasta gamma di stili e finiture per soddisfare ogni tua esigenza.","inLanguage":"it-IT","potentialAction":[{"@type":"ReadAction","target":["https:\/\/kopendoors.com\/it\/design\/"]}]},{"@type":"ImageObject","inLanguage":"it-IT","@id":"https:\/\/kopendoors.com\/it\/design\/#primaryimage","url":"https:\/\/kopendoors.com\/wp-content\/uploads\/2022\/11\/background-top-title-design.jpg","contentUrl":"https:\/\/kopendoors.com\/wp-content\/uploads\/2022\/11\/background-top-title-design.jpg","width":1920,"height":514,"caption":"design"},{"@type":"WebSite","@id":"https:\/\/kopendoors.com\/it\/#website","url":"https:\/\/kopendoors.com\/it\/","name":"Kopen","description":"Porte di Ingresso in Alluminio con Design Esclusivo. Belle e Personalizzabili. Garanzia 15 anni.","potentialAction":[{"@type":"SearchAction","target":{"@type":"EntryPoint","urlTemplate":"https:\/\/kopendoors.com\/it\/?s={search_term_string}"},"query-input":{"@type":"PropertyValueSpecification","valueRequired":true,"valueName":"search_term_string"}}],"inLanguage":"it-IT"}]}},"_links":{"self":[{"href":"https:\/\/kopendoors.com\/it\/wp-json\/wp\/v2\/pages\/5364","targetHints":{"allow":["GET"]}}],"collection":[{"href":"https:\/\/kopendoors.com\/it\/wp-json\/wp\/v2\/pages"}],"about":[{"href":"https:\/\/kopendoors.com\/it\/wp-json\/wp\/v2\/types\/page"}],"author":[{"embeddable":true,"href":"https:\/\/kopendoors.com\/it\/wp-json\/wp\/v2\/users\/1"}],"replies":[{"embeddable":true,"href":"https:\/\/kopendoors.com\/it\/wp-json\/wp\/v2\/comments?post=5364"}],"version-history":[{"count":13,"href":"https:\/\/kopendoors.com\/it\/wp-json\/wp\/v2\/pages\/5364\/revisions"}],"predecessor-version":[{"id":6330,"href":"https:\/\/kopendoors.com\/it\/wp-json\/wp\/v2\/pages\/5364\/revisions\/6330"}],"wp:featuredmedia":[{"embeddable":true,"href":"https:\/\/kopendoors.com\/it\/wp-json\/wp\/v2\/media\/5669"}],"wp:attachment":[{"href":"https:\/\/kopendoors.com\/it\/wp-json\/wp\/v2\/media?parent=5364"}],"curies":[{"name":"wp","href":"https:\/\/api.w.org\/{rel}","templated":true}]}}