{"id":3,"date":"2022-10-18T17:22:21","date_gmt":"2022-10-18T15:22:21","guid":{"rendered":"https:\/\/kopendoors.com\/?page_id=3"},"modified":"2026-02-10T17:53:57","modified_gmt":"2026-02-10T16:53:57","slug":"privacy-policy","status":"publish","type":"page","link":"https:\/\/kopendoors.com\/it\/privacy-policy\/","title":{"rendered":"Privacy Policy"},"content":{"rendered":"<section class=\"wpb-content-wrapper\"><p>[vc_row css=&#8221;.vc_custom_1727271280105{margin-top: 50px !important;}&#8221;][vc_column][vc_column_text]<\/p>\r\n<div class=\"iub_header\">\r\n<h1 class=\"wp-block-heading\">Privacy Policy di\u00a0<strong>kopendoors.com<\/strong><\/h1>\r\n<\/div>\r\n<p>&nbsp;<\/p>\r\n<p>Ai sensi del Regolamento (UE) 2016\/679 questa pagina descrive le modalit\u00e0 di trattamento dei dati personali degli utenti che consultano il sito web di <strong>Kopen Srl<\/strong> (di seguito, il \u201c<strong>Titolare<\/strong>\u201d), accessibile per via telematica al seguente link: <a href=\"https:\/\/kopendoors.com\/\"><u>https:\/\/kopendoors.com\/<\/u>\u00a0<\/a><\/p>\r\n<p>&nbsp;<\/p>\r\n<p>Le presenti informazioni non riguardano altri siti, pagine o servizi online raggiungibili tramite link ipertestuali eventualmente pubblicati nel sito ma riferiti a risorse esterne al dominio <a href=\"https:\/\/kopendoors.com\/\"><u>https:\/\/kopendoors.com\/<\/u>\u00a0<\/a><\/p>\r\n<p>&nbsp;<\/p>\r\n<p><strong>1. TITOLARE DEL TRATTAMENTO<\/strong><br \/>Il Titolare del trattamento \u00e8 <strong>Kopen Srl<\/strong>, con sede legale in Via Tiburtina Valeria Km. 127,5 cap 67041 \u2013 Aielli (AQ), Italia, P.Iva 01981860669, posta elettronica <a href=\"mailto:privacy@kopendoors.com\"><u>privacy@kopendoors.com<\/u>\u00a0<\/a><\/p>\r\n<p>&nbsp;<\/p>\r\n<p><strong>2. IL RESPONSABILE DELLA PROTEZIONE DEI DATI PERSONALI<br \/>Kopen Srl<\/strong>, ha designato quale Responsabile della protezione dei dati la societ\u00e0 Zenko S.r.l. con sede a Pineto (TE), Via dell\u2019Industria, snc, e-mail: <a href=\"mailto:dpo@zenko.it\"><u>dpo@zenko.it<\/u>\u00a0<\/a><\/p>\r\n<p>&nbsp;<\/p>\r\n<p><strong>3.\u00a0 TIPI DI DATI TRATTATI E FINALITA\u2019 DEL TRATTAMENTO<\/strong><\/p>\r\n<p><span style=\"text-decoration: underline;\">Dati di navigazione<br \/><\/span>I sistemi informatici e le procedure software preposte al funzionamento di un sito web, acquisiscono nel corso del loro normale esercizio, alcuni dati personali la cui trasmissione \u00e8 implicita nell&#8217;uso dei protocolli di comunicazione di Internet. In questa categoria rientrano, ad esempio: indirizzi IP, gli indirizzi in notazione URI\/URL delle risorse richieste, l\u2019orario della richiesta, il metodo utilizzato nel sottoporre la richiesta al server, il codice numerico indicante lo stato della risposta data dal server (buon fine, errore, ecc.) Si tratta di informazioni che non sono raccolte per essere associate a interessati identificati, ma che per loro stessa natura potrebbero, attraverso elaborazioni ed associazioni con dati detenuti dal Titolare o da terzi, permettere di identificare gli utenti del sito.<br \/>Pertanto, questi dati vengono, di norma, utilizzati al solo fine di ricavare informazioni statistiche anonime sull&#8217;uso del sito e per controllare il corretto funzionamento del sito web stesso. Si evidenzia che i predetti dati potrebbero essere utilizzati per l&#8217;accertamento di responsabilit\u00e0 in caso di reati informatici ai danni del sito del Titolare o ad altri eventuali siti ad esso connessi o collegati.<br \/>Tali dati sono trattati per consentirle l\u2019accesso e la fruizione del sito web <a href=\"https:\/\/kopendoors.com\/\"><u>https:\/\/kopendoors.com\/<\/u>\u00a0<\/a><\/p>\r\n<p>&nbsp;<\/p>\r\n<p><span style=\"text-decoration: underline;\">Dati comunicati dall&#8217;utente<br \/><\/span>L&#8217;invio facoltativo, esplicito e volontario di messaggi agli indirizzi di contatto di <strong>Kopen Srl<\/strong>, nonch\u00e9 la compilazione dei moduli presenti sul sito <a href=\"https:\/\/kopendoors.com\/\"><u>https:\/\/kopendoors.com\/<\/u><\/a> comportano l&#8217;acquisizione dei dati di contatto del mittente, necessari a rispondere, nonch\u00e9 di tutti i dati personali inclusi nelle comunicazioni. <u>Specifiche informative verranno pubblicate in calce<\/u> <u>ad ogni modulo di contatto.<\/u><\/p>\r\n<p>&nbsp;<\/p>\r\n<p><u>Cookie e altri sistemi di tracciamento<br \/><\/u>Si rimanda alla cookie policy disponibile al seguente link <a href=\"https:\/\/kopendoors.com\/it\/cookie-policy\/\"><u>https:\/\/kopendoors.com\/it\/cookie-policy\/<\/u>\u00a0<\/a><\/p>\r\n<p>&nbsp;<\/p>\r\n<p><strong>4.\u00a0 BASE GIURIDICA DEL TRATTAMENTO<\/strong><br \/>La base giuridica del trattamento dei dati di navigazione per la finalit\u00e0 di cui al paragrafo 3 \u00e8 rappresentata dalla necessit\u00e0 di dare esecuzione al servizio di navigazione al sito internet <a href=\"https:\/\/kopendoors.com\/\"><u>https:\/\/kopendoors.com\/<\/u><\/a> a cui Lei sta accedendo.<\/p>\r\n<p>&nbsp;<\/p>\r\n<p><strong>5.\u00a0 NATURA DEL CONFERIMENTO DEI DATI<br \/><\/strong>Durante la navigazione del sito web <a href=\"https:\/\/kopendoors.com\/\"><u>https:\/\/kopendoors.com\/<\/u><\/a>, il sito acquisisce automaticamente i dati di navigazione necessari per poter garantire la fruizione del sito stesso.<\/p>\r\n<p>&nbsp;<\/p>\r\n<p><strong>6. MODALITA\u2019 DI TRATTAMENTO<br \/><\/strong>Il trattamento si svolge nel rispetto dei diritti e delle libert\u00e0 fondamentali ed \u00e8 improntato ai principi di correttezza, liceit\u00e0, trasparenza e di tutela della riservatezza e viene effettuato con l\u2019ausilio di strumenti elettronici.<\/p>\r\n<p>&nbsp;<\/p>\r\n<p><strong>7. COMUNICAZIONE DEI DATI<br \/><\/strong>Ferme restando le comunicazioni eseguite in adempimento di obblighi di legge o richieste delle Autorit\u00e0 e contrattuali ad enti e soggetti pubblici, i Suoi dati personali sono trattati da personale interno previamente autorizzato e designato quale incaricato del trattamento, a cui sono impartite idonee istruzioni in ordine a misure, accorgimenti, modus operandi, tutti volti alla concreta tutela dei Suoi dati personali.<\/p>\r\n<p><strong>Kopen Srl<\/strong> pu\u00f2 inoltre avvalersi di soggetti terzi per l&#8217;espletamento di attivit\u00e0 e relativi trattamenti di dati personali di cui la Societ\u00e0 ha la titolarit\u00e0, quali ad esempio:<\/p>\r\n<ul>\r\n<li>fornitori di servizi di internet provider, sviluppatori del sito web e fornitori di servizi IT, nell\u2019ambito di attivit\u00e0 di assistenza, supporto e manutenzione<\/li>\r\n<li>consulenti o liberi professionisti esterni, quali ad es. legali di fiducia ecc.<\/li>\r\n<\/ul>\r\n<p>Conformemente a quanto stabilito dalla normativa, tali soggetti assicurano livelli esperienza, capacit\u00e0 e affidabilit\u00e0 tali da garantire il rispetto delle vigenti disposizioni in materia di trattamento, ivi compreso il profilo della sicurezza dei dati. Detti soggetti terzi, se del caso, sono designati &#8220;Responsabili del trattamento&#8221; e vengono sottoposti a verifiche periodiche al fine di constatare il mantenimento dei livelli di garanzia registrati in occasione dell&#8217;affidamento dell&#8217;incarico iniziale. Un elenco dei responsabili nominati \u00e8 disponibile presso il Titolare del trattamento.<\/p>\r\n<p><strong>8. TRASFERIMENTO ALL\u2019ESTERO<br \/><\/strong>I Dati Personali degli Interessati potrebbero essere trasferiti al di fuori dell\u2019Unione Europea.<br \/>In particolare, i Suoi dati potrebbero essere trasferiti negli Stati Uniti, in virt\u00f9 della Decisione della Commissione Europea sull&#8217;adeguato livello di protezione dei dati personali ai sensi dell&#8217;EU-US Data Privacy Framework (&#8221; DPF &#8220;).<\/p>\r\n<p>&nbsp;<\/p>\r\n<p><strong>9. TEMPI DI CONSERVAZIONE DEI DATI<\/strong><\/p>\r\n<p>I dati di navigazione vengono conservati per un massimo, di norma, di 24 mesi per consentire a <strong>Kopen Srl<\/strong> la verifica del corretto funzionamento del sito web e la relativa attivit\u00e0 di manutenzione.<br \/>La conservazione dei predetti dati per un tempo superiore si potrebbe verificare solo per eventuali necessit\u00e0 di accertamento di responsabilit\u00e0 e\/o reati da parte del Titolare del trattamento e dell&#8217;Autorit\u00e0 giudiziaria o adempimenti di obblighi di legge che ne legittimano la conservazione.<\/p>\r\n<p>&nbsp;<\/p>\r\n<p><strong>10. DIRITTI DEGLI INTERESSATI<br \/><\/strong>Gli interessati possono esercitare i diritti previsti dall\u2019art. 15 e seguenti del Regolamento UE 2016\/679 ed in particolare:<\/p>\r\n<ol>\r\n<li>accedere ai Suoi Dati;<\/li>\r\n<li>di chiederne la rettifica o l\u2019aggiornamento se incompleti o erronei;<\/li>\r\n<li>di chiederne la cancellazione per uno dei motivi indicati all\u2019art. 17 paragrafo 1 del GDPR;<\/li>\r\n<li>di chiederne a limitazione nei casi espressamente previsti dall\u2019art. 18, paragrafo del GDPR;<\/li>\r\n<li>di chiederne la portabilit\u00e0, nei casi indicati all\u2019art. 20 del GDPR;<\/li>\r\n<li>di opporsi in qualsiasi momento, per motivi connessi alla Sua situazione particolare, al trattamento dei Suoi Dati ai sensi dell&#8217;articolo 6, paragrafo 1, lettere e) o f), compresa la profilazione sulla base di tali disposizioni; in tal caso, il Titolare si astiene dal trattare ulteriormente i Suoi Dati personali salvo che dimostri l&#8217;esistenza di motivi legittimi cogenti per procedere al trattamento che prevalgono sui Suoi interessi, diritti e libert\u00e0 oppure per l&#8217;accertamento, l&#8217;esercizio o la difesa di un diritto in sede giudiziaria; qualora i Suoi Dati siano trattati per finalit\u00e0 di marketing diretto, Lei ha il diritto di opporsi in qualsiasi momento al trattamento dei Dati che la riguardano effettuato per tali finalit\u00e0, compresa la profilazione nella misura in cui sia connessa a tale marketing diretto; qualora Lei si opponga al trattamento per finalit\u00e0 di marketing diretto, i Suoi Dati non sono pi\u00f9 oggetto di trattamento per tali finalit\u00e0;<\/li>\r\n<li>di non essere sottoposto a una decisione basata unicamente sul trattamento automatizzato, compresa la profilazione, che produca effetti giuridici che la riguardano o che incida in modo analogo significativamente sulla Sua persona; tale diritto si applica limitatamente a quanto previsto dall\u2019art. 22 del GDPR;<\/li>\r\n<li>il diritto di accedere ai propri dati personali, di chiederne la rettifica o la limitazione, l\u2019aggiornamento se incompleti o erronei e la cancellazione se sussistono i presupposti, nonch\u00e9 di opporsi all\u2019elaborazione.<\/li>\r\n<\/ol>\r\n<p>&nbsp;<\/p>\r\n<p>Al fine di agevolare l\u2019esercizio dei diritti sopra riportati, si potr\u00e0 inoltrare al Titolare del Trattamento il modello \u201cesercizio di diritti in materia di protezione dei dati personali\u201d, pubblicato sul portale del Garante Privacy <a href=\"http:\/\/www.garanteprivacy.it\"><u>http:\/\/www.garanteprivacy.it<\/u><\/a>, debitamente compilato.<\/p>\r\n<p>Si informa infine che gli interessati, qualora ritengano che il trattamento dei dati personali a loro riferiti avvenga in violazione di quanto previsto dal Regolamento UE 2016\/679 (art. 77) hanno il diritto di proporre reclamo al Garante, <a href=\"http:\/\/www.garanteprivacy.it\">(<u>www.garanteprivacy.it<\/u>)<\/a> o di adire le opportune sedi giudiziarie.<\/p>\r\n<p><strong>11. MODALIT\u00c0 DI ESERCIZIO DEI DIRITTI<br \/><\/strong>Si potr\u00e0 in qualsiasi momento esercitare i diritti inviando:<\/p>\r\n<ul>\r\n<li>una raccomandata a.r. a Kopen S.r.l., all\u2019indirizzo Via Tiburtina Valeria Km. 127,5 CAP 67041 \u2013 Aielli (AQ), Italia;<\/li>\r\n<li>una e-mail all\u2019indirizzo <u>privacy@kopendoors.com<\/u><\/li>\r\n<\/ul>\r\n<p>Oppure si potr\u00e0 contattare direttamente il RDP (Responsabile della protezione dei dati) o DPO di Kopen Srl all\u2019indirizzo di posta elettronica <u>dpo@zenko.it<\/u><\/p>\r\n<p>&nbsp;<\/p>\r\n<p><strong>12. MODIFICHE E AGGIORNAMENTI<\/strong><\/p>\r\n<p>La presente informativa \u00e8 valida sin dalla data in cui \u00e8 stata presentata. Il Titolare potrebbe tuttavia, previo preavviso, apportare modifiche e\/o integrazioni a detta informativa, anche quale conseguenza di eventuali successive modifiche e\/o integrazioni normative.<\/p>\r\n\r\n<p>&nbsp;<\/p>\r\n<p>[\/vc_column_text][\/vc_column][\/vc_row]<\/p><\/section>","protected":false},"excerpt":{"rendered":"<p>[vc_row css=&#8221;.vc_custom_1727271280105{margin-top: 50px !important;}&#8221;][vc_column][vc_column_text] Privacy Policy di\u00a0kopendoors.com &nbsp; Ai sensi del Regolamento (UE) 2016\/679 questa pagina descrive le modalit\u00e0 di trattamento dei dati personali degli utenti che consultano il sito web di Kopen Srl (di seguito, il \u201cTitolare\u201d), accessibile per via telematica al seguente link: https:\/\/kopendoors.com\/\u00a0 &nbsp; Le presenti informazioni non riguardano altri siti, pagine [&hellip;]<\/p>\n","protected":false},"author":1,"featured_media":0,"parent":0,"menu_order":0,"comment_status":"closed","ping_status":"open","template":"","meta":{"footnotes":""},"class_list":["post-3","page","type-page","status-publish","hentry"],"acf":[],"yoast_head":"<!-- This site is optimized with the Yoast SEO plugin v25.9 - https:\/\/yoast.com\/wordpress\/plugins\/seo\/ -->\n<title>Privacy Policy - Kopen<\/title>\n<meta name=\"robots\" content=\"index, follow, max-snippet:-1, max-image-preview:large, max-video-preview:-1\" \/>\n<link rel=\"canonical\" href=\"https:\/\/kopendoors.com\/it\/privacy-policy\/\" \/>\n<meta property=\"og:locale\" content=\"it_IT\" \/>\n<meta property=\"og:type\" content=\"article\" \/>\n<meta property=\"og:title\" content=\"Privacy Policy - Kopen\" \/>\n<meta property=\"og:description\" content=\"[vc_row css=&#8221;.vc_custom_1727271280105{margin-top: 50px !important;}&#8221;][vc_column][vc_column_text] Privacy Policy di\u00a0kopendoors.com &nbsp; Ai sensi del Regolamento (UE) 2016\/679 questa pagina descrive le modalit\u00e0 di trattamento dei dati personali degli utenti che consultano il sito web di Kopen Srl (di seguito, il \u201cTitolare\u201d), accessibile per via telematica al seguente link: https:\/\/kopendoors.com\/\u00a0 &nbsp; Le presenti informazioni non riguardano altri siti, pagine [&hellip;]\" \/>\n<meta property=\"og:url\" content=\"https:\/\/kopendoors.com\/it\/privacy-policy\/\" \/>\n<meta property=\"og:site_name\" content=\"Kopen\" \/>\n<meta property=\"article:publisher\" content=\"https:\/\/www.facebook.com\/Kopendoors\" \/>\n<meta property=\"article:modified_time\" content=\"2026-02-10T16:53:57+00:00\" \/>\n<meta name=\"twitter:card\" content=\"summary_large_image\" \/>\n<meta name=\"twitter:site\" content=\"@Kopendoor\" \/>\n<meta name=\"twitter:label1\" content=\"Tempo di lettura stimato\" \/>\n\t<meta name=\"twitter:data1\" content=\"8 minuti\" \/>\n<script type=\"application\/ld+json\" class=\"yoast-schema-graph\">{\"@context\":\"https:\/\/schema.org\",\"@graph\":[{\"@type\":\"WebPage\",\"@id\":\"https:\/\/kopendoors.com\/it\/privacy-policy\/\",\"url\":\"https:\/\/kopendoors.com\/it\/privacy-policy\/\",\"name\":\"Privacy Policy - Kopen\",\"isPartOf\":{\"@id\":\"https:\/\/kopendoors.com\/it\/#website\"},\"datePublished\":\"2022-10-18T15:22:21+00:00\",\"dateModified\":\"2026-02-10T16:53:57+00:00\",\"inLanguage\":\"it-IT\",\"potentialAction\":[{\"@type\":\"ReadAction\",\"target\":[\"https:\/\/kopendoors.com\/it\/privacy-policy\/\"]}]},{\"@type\":\"WebSite\",\"@id\":\"https:\/\/kopendoors.com\/it\/#website\",\"url\":\"https:\/\/kopendoors.com\/it\/\",\"name\":\"Kopen\",\"description\":\"Porte di Ingresso in Alluminio con Design Esclusivo. Belle e Personalizzabili. Garanzia 15 anni.\",\"potentialAction\":[{\"@type\":\"SearchAction\",\"target\":{\"@type\":\"EntryPoint\",\"urlTemplate\":\"https:\/\/kopendoors.com\/it\/?s={search_term_string}\"},\"query-input\":{\"@type\":\"PropertyValueSpecification\",\"valueRequired\":true,\"valueName\":\"search_term_string\"}}],\"inLanguage\":\"it-IT\"}]}<\/script>\n<!-- \/ Yoast SEO plugin. -->","yoast_head_json":{"title":"Privacy Policy - Kopen","robots":{"index":"index","follow":"follow","max-snippet":"max-snippet:-1","max-image-preview":"max-image-preview:large","max-video-preview":"max-video-preview:-1"},"canonical":"https:\/\/kopendoors.com\/it\/privacy-policy\/","og_locale":"it_IT","og_type":"article","og_title":"Privacy Policy - Kopen","og_description":"[vc_row css=&#8221;.vc_custom_1727271280105{margin-top: 50px !important;}&#8221;][vc_column][vc_column_text] Privacy Policy di\u00a0kopendoors.com &nbsp; Ai sensi del Regolamento (UE) 2016\/679 questa pagina descrive le modalit\u00e0 di trattamento dei dati personali degli utenti che consultano il sito web di Kopen Srl (di seguito, il \u201cTitolare\u201d), accessibile per via telematica al seguente link: https:\/\/kopendoors.com\/\u00a0 &nbsp; Le presenti informazioni non riguardano altri siti, pagine [&hellip;]","og_url":"https:\/\/kopendoors.com\/it\/privacy-policy\/","og_site_name":"Kopen","article_publisher":"https:\/\/www.facebook.com\/Kopendoors","article_modified_time":"2026-02-10T16:53:57+00:00","twitter_card":"summary_large_image","twitter_site":"@Kopendoor","twitter_misc":{"Tempo di lettura stimato":"8 minuti"},"schema":{"@context":"https:\/\/schema.org","@graph":[{"@type":"WebPage","@id":"https:\/\/kopendoors.com\/it\/privacy-policy\/","url":"https:\/\/kopendoors.com\/it\/privacy-policy\/","name":"Privacy Policy - Kopen","isPartOf":{"@id":"https:\/\/kopendoors.com\/it\/#website"},"datePublished":"2022-10-18T15:22:21+00:00","dateModified":"2026-02-10T16:53:57+00:00","inLanguage":"it-IT","potentialAction":[{"@type":"ReadAction","target":["https:\/\/kopendoors.com\/it\/privacy-policy\/"]}]},{"@type":"WebSite","@id":"https:\/\/kopendoors.com\/it\/#website","url":"https:\/\/kopendoors.com\/it\/","name":"Kopen","description":"Porte di Ingresso in Alluminio con Design Esclusivo. Belle e Personalizzabili. Garanzia 15 anni.","potentialAction":[{"@type":"SearchAction","target":{"@type":"EntryPoint","urlTemplate":"https:\/\/kopendoors.com\/it\/?s={search_term_string}"},"query-input":{"@type":"PropertyValueSpecification","valueRequired":true,"valueName":"search_term_string"}}],"inLanguage":"it-IT"}]}},"_links":{"self":[{"href":"https:\/\/kopendoors.com\/it\/wp-json\/wp\/v2\/pages\/3","targetHints":{"allow":["GET"]}}],"collection":[{"href":"https:\/\/kopendoors.com\/it\/wp-json\/wp\/v2\/pages"}],"about":[{"href":"https:\/\/kopendoors.com\/it\/wp-json\/wp\/v2\/types\/page"}],"author":[{"embeddable":true,"href":"https:\/\/kopendoors.com\/it\/wp-json\/wp\/v2\/users\/1"}],"replies":[{"embeddable":true,"href":"https:\/\/kopendoors.com\/it\/wp-json\/wp\/v2\/comments?post=3"}],"version-history":[{"count":9,"href":"https:\/\/kopendoors.com\/it\/wp-json\/wp\/v2\/pages\/3\/revisions"}],"predecessor-version":[{"id":8072,"href":"https:\/\/kopendoors.com\/it\/wp-json\/wp\/v2\/pages\/3\/revisions\/8072"}],"wp:attachment":[{"href":"https:\/\/kopendoors.com\/it\/wp-json\/wp\/v2\/media?parent=3"}],"curies":[{"name":"wp","href":"https:\/\/api.w.org\/{rel}","templated":true}]}}