{"id":7789,"date":"2024-07-05T12:22:22","date_gmt":"2024-07-05T10:22:22","guid":{"rendered":"https:\/\/kopendoors.com\/innovation-kds-safety-floor\/"},"modified":"2024-07-29T09:34:01","modified_gmt":"2024-07-29T07:34:01","slug":"innovation-kds-safety-floor","status":"publish","type":"page","link":"https:\/\/kopendoors.com\/fr\/innovation-kds-safety-floor\/","title":{"rendered":"Innovation KDS SAFETY FLOOR"},"content":{"rendered":"<section class=\"wpb-content-wrapper\"><p>[vc_row el_class=&#8221;maxwk&#8221; css=&#8221;.vc_custom_1688567849060{margin-top: 50px !important;}&#8221;][vc_column][vc_column_text]<strong>Le syst\u00e8me <span style=\"color: #ff0000;\">KDS SAFETY FLOOR<\/span> est un syst\u00e8me exclusif con\u00e7u par Kopen pour les portes d&#8217;entr\u00e9e en aluminium des appartements et des r\u00e9sidences. Il est propos\u00e9 au march\u00e9 comme une alternative design \u00e0 la porte de s\u00e9curit\u00e9 classique tout en \u00e9galant son degr\u00e9 de s\u00e9curit\u00e9.<\/strong>[\/vc_column_text][\/vc_column][\/vc_row][vc_row el_class=&#8221;maxwk&#8221; css=&#8221;.vc_custom_1688567993454{border-bottom-width: 1px !important;padding-bottom: 40px !important;border-bottom-color: #e6e6e6 !important;border-bottom-style: solid !important;}&#8221;][vc_column width=&#8221;1\/2&#8243;][vc_column_text]<\/p>\n<ul>\n<li>R\u00e9alis\u00e9 en profil\u00e9s d&#8217;aluminium extrud\u00e9 en alliage UNI 6060<\/li>\n<li>Volet \u00e0 rupture de pont thermique de 78 mm avec cadre adaptable \u00e0 de nombreux contre-ch\u00e2ssis pr\u00e9-assembl\u00e9s typiques des portes blind\u00e9es<\/li>\n<li>Plaques de parement en aluminium de 1,5 mm d&#8217;\u00e9paisseur<\/li>\n<li>Syst\u00e8me d&#8217;\u00e9tanch\u00e9it\u00e9 vantail\/cadre avec 2 joints et joints de compensation sur le cadre<\/li>\n<li>Seuil escamotable automatique (chicane)<\/li>\n<li>Charni\u00e8res en acier \u00e0 3 ailes cach\u00e9es, finition noire, r\u00e9glables sur 3 axes avec une rotation jusqu&#8217;\u00e0 105\u00b0.<\/li>\n<\/ul>\n<p>[\/vc_column_text][\/vc_column][vc_column width=&#8221;1\/2&#8243;][vc_column_text]<\/p>\n<ul>\n<li>Serrure m\u00e9canique \u00e0 3 points<\/li>\n<li>Cylindre de s\u00e9curit\u00e9 europ\u00e9en \u00e0 friction avec 5 cl\u00e9s + 1 cl\u00e9 de construction<\/li>\n<li>Possibilit\u00e9 de monter des profils d&#8217;ouvrants ronds ou carr\u00e9s avec syst\u00e8me t\u00e9lescopique<\/li>\n<li>Dimensions standard jusqu&#8217;\u00e0 950 x 2 125 mm pour l&#8217;ext\u00e9rieur du cadre (espace libre 900 x 2 100 mm), dimensions non standard jusqu&#8217;\u00e0 un maximum de 1 300 x 2 425 mm (espace libre 1 250 x 2 400 mm).<\/li>\n<li>Anneau de d\u00e9fense dissimul\u00e9<\/li>\n<li>Bicolore<\/li>\n<\/ul>\n<p>[\/vc_column_text][\/vc_column][\/vc_row][vc_row el_class=&#8221;maxwk&#8221; css=&#8221;.vc_custom_1689347247979{margin-bottom: 20px !important;}&#8221;][vc_column][vc_separator color=&#8221;black&#8221; border_width=&#8221;2&#8243;][\/vc_column][\/vc_row][vc_row el_class=&#8221;maxwk&#8221; css=&#8221;.vc_custom_1689347247979{margin-bottom: 20px !important;}&#8221;][vc_column][vc_column_text]<\/p>\n<h3 style=\"color: grey;\">PERFORMANCE<\/h3>\n<p>[\/vc_column_text][\/vc_column][\/vc_row][vc_row equal_height=&#8221;yes&#8221; el_class=&#8221;maxwk&#8221;][vc_column width=&#8221;1\/2&#8243;][vc_single_image image=&#8221;7433&#8243; img_size=&#8221;large&#8221;][\/vc_column][vc_column width=&#8221;1\/2&#8243;][vc_row_inner equal_height=&#8221;yes&#8221; content_placement=&#8221;middle&#8221;][vc_column_inner width=&#8221;1\/4&#8243;][vc_single_image image=&#8221;5418&#8243; img_size=&#8221;200&#215;200&#8243; alignment=&#8221;center&#8221;][\/vc_column_inner][vc_column_inner width=&#8221;3\/4&#8243;][vc_column_text]<strong>R\u00c9DUCTION DU BRUIT<\/strong><\/p>\n<p>(UNI EN ISO 140-3 ; UNI EN ISO R717-1)<\/p>\n<p>32 dB jusqu&#8217;\u00e0 40 dB[\/vc_column_text][\/vc_column_inner][\/vc_row_inner][vc_row_inner equal_height=&#8221;yes&#8221; content_placement=&#8221;middle&#8221;][vc_column_inner width=&#8221;1\/4&#8243;][vc_single_image image=&#8221;5393&#8243; img_size=&#8221;200&#215;200&#8243; alignment=&#8221;center&#8221;][\/vc_column_inner][vc_column_inner width=&#8221;3\/4&#8243;][vc_column_text]<strong>R\u00c9SISTANCE \u00c0 L&#8217;EFFRACTION<\/strong><\/p>\n<p>(UNI EN 1627:2011)<\/p>\n<p>Classe RC3[\/vc_column_text][\/vc_column_inner][\/vc_row_inner][vc_row_inner equal_height=&#8221;yes&#8221; content_placement=&#8221;middle&#8221;][vc_column_inner width=&#8221;1\/4&#8243;][vc_single_image image=&#8221;5401&#8243; img_size=&#8221;200&#215;200&#8243; alignment=&#8221;center&#8221;][\/vc_column_inner][vc_column_inner width=&#8221;3\/4&#8243;][vc_column_text]<strong>TRASMITTANZA THERMICA<\/strong><\/p>\n<p>(UNI EN ISO 12567-2)<\/p>\n<p>Ud = 1,1 W\/m2K[\/vc_column_text][\/vc_column_inner][\/vc_row_inner][\/vc_column][\/vc_row][vc_row full_width=&#8221;stretch_row_content_no_spaces&#8221; gap=&#8221;10&#8243; equal_height=&#8221;yes&#8221; el_id=&#8221;banner-innovazione-kds-floor&#8221; css=&#8221;.vc_custom_1720188241743{padding-right: 40px !important;padding-left: 40px !important;}&#8221;][vc_column width=&#8221;4\/6&#8243;]\n\t\t<section class=\"reveal-box lay2\">\n\t\t\t<div class=\"reveal_main reveal_right\">\n\t\t\t\t<div data-reveal=\"home\" data-reveal-bgcolor=\"#c4bfbf\" data-reveal-direction=\"lr\" data-reveal-duration=\"800\"  data-reveal-cover-area=\"0\" class=\"reveal_cont-img block-revealer\">\n\t\t\t\t\t<div class=\"reveal_cont-img block-revealer\">\n\t\t\t\t\t\t<div class=\"reveal_img image-bg image-large\" style=\"background-image: url(https:\/\/kopendoors.com\/wp-content\/uploads\/2024\/07\/Design_1.jpg);\">\n\t\t\t\t\t\t\t<img decoding=\"async\" class=\"reveal_img img-responsive\" src=\"https:\/\/kopendoors.com\/wp-content\/themes\/kopen\/img\/size-16-9.gif\">\n\t\t\t\t\t\t<\/div>\n\t\t\t\t\t<\/div>\n\t\t\t\t\t<div class=\"block-revealer__element\"><\/div>\n\t\t\t\t<\/div>\n\t\t\t\t<div data-reveal-text=\"\" data-reveal-offset=\"-100\" data-reveal-delay=\"400\" class=\"reveal_cont-text reveal-bg\" style=\"background:#c4bfbf; color:#000000 !important;\">\n\t\t\t\t\t<\/p>\n<h2>Design exclusif<\/h2>\n<p>Esth\u00e9tique sup\u00e9rieure gr\u00e2ce au large choix de panneaux design, aux charni\u00e8res dissimul\u00e9es, \u00e0 la poign\u00e9e encastr\u00e9e et \u00e0 l'anneau de d\u00e9fense minimal.<br \/>\nAvec le nouveau syst\u00e8me KDS Safety Floor, il est possible de retrouver la qualit\u00e9 et le design des maisons individuelles dans la porte d'entr\u00e9e des appartements et des r\u00e9sidences\n\t\t\t\t\t\n\t\t\t\t<\/div>\n\t\t\t<\/div>\n\t\t<\/section>\n\t\t[\/vc_column][vc_column width=&#8221;2\/6&#8243;]\n\t\t<section class=\"reveal-image lay3\">\n\t\t\t<div class=\"reveal_main \">\n\t\t\t\t<div data-reveal=\"home\" data-reveal-bgcolor=\"#8e8585\" data-reveal-direction=\"rl\" data-reveal-duration=\"800\"  data-reveal-offset=\"-100\" data-reveal-cover-area=\"0\" class=\"reveal_cont-img full-width block-revealer\">\n\t\t\t\t\t<div class=\"block-revealer__content\">\n\t\t\t\t\t\t<div class=\"reveal_img image-bg image-large image-center\" style=\"background-image: url(https:\/\/kopendoors.com\/wp-content\/uploads\/2024\/07\/Design_2.jpg);\">\n\t\t\t\t\t\t\t<img decoding=\"async\" class=\"reveal_img img-responsive hidden-lg\" src=\"https:\/\/kopendoors.com\/wp-content\/themes\/kopen\/img\/size-16-9.gif\"><img decoding=\"async\" class=\"reveal_img img-responsive hidden-sm\" src=\"https:\/\/kopendoors.com\/wp-content\/themes\/kopen\/img\/size-square.gif\">\n\t\t\t\t\t\t<\/div>\n\t\t\t\t\t<\/div>\n\t\t\t\t\t<div class=\"block-revealer__element\"><\/div>\n\t\t\t\t<\/div>\n\t\t\t<\/div>\n\t\t<\/section>\n\t\t[vc_empty_space height=&#8221;10px&#8221;]\n\t\t<section class=\"reveal-image lay3\">\n\t\t\t<div class=\"reveal_main \">\n\t\t\t\t<div data-reveal=\"home\" data-reveal-bgcolor=\"#8e8585\" data-reveal-direction=\"rl\" data-reveal-duration=\"800\"  data-reveal-offset=\"-100\" data-reveal-cover-area=\"0\" class=\"reveal_cont-img full-width block-revealer\">\n\t\t\t\t\t<div class=\"block-revealer__content\">\n\t\t\t\t\t\t<div class=\"reveal_img image-bg image-large image-center\" style=\"background-image: url(https:\/\/kopendoors.com\/wp-content\/uploads\/2024\/07\/Design_3.jpg);\">\n\t\t\t\t\t\t\t<img decoding=\"async\" class=\"reveal_img img-responsive hidden-lg\" src=\"https:\/\/kopendoors.com\/wp-content\/themes\/kopen\/img\/size-16-9.gif\"><img decoding=\"async\" class=\"reveal_img img-responsive hidden-sm\" src=\"https:\/\/kopendoors.com\/wp-content\/themes\/kopen\/img\/size-square.gif\">\n\t\t\t\t\t\t<\/div>\n\t\t\t\t\t<\/div>\n\t\t\t\t\t<div class=\"block-revealer__element\"><\/div>\n\t\t\t\t<\/div>\n\t\t\t<\/div>\n\t\t<\/section>\n\t\t[\/vc_column][\/vc_row][vc_row full_width=&#8221;stretch_row_content_no_spaces&#8221; gap=&#8221;10&#8243; equal_height=&#8221;yes&#8221; el_id=&#8221;banner-innovazione-kds-floor-2&#8243; css=&#8221;.vc_custom_1720190843703{padding-right: 40px !important;padding-left: 40px !important;}&#8221;][vc_column css_animation=&#8221;slideInLeft&#8221; width=&#8221;2\/5&#8243;][vc_single_image image=&#8221;7483&#8243; img_size=&#8221;full&#8221;][\/vc_column][vc_column width=&#8221;1\/5&#8243;][vc_single_image image=&#8221;7507&#8243; img_size=&#8221;full&#8221; alignment=&#8221;right&#8221;][vc_single_image image=&#8221;7503&#8243; img_size=&#8221;full&#8221; alignment=&#8221;right&#8221;][\/vc_column][vc_column css_animation=&#8221;slideInRight&#8221; width=&#8221;2\/5&#8243; css=&#8221;.vc_custom_1720194096742{background-color: #c4bfbf !important;}&#8221;][vc_column_text css_animation=&#8221;none&#8221; css=&#8221;.vc_custom_1720194087006{padding-top: 30px !important;padding-right: 30px !important;padding-bottom: 30px !important;padding-left: 30px !important;}&#8221;]<\/p>\n<h2 style=\"font-size: 40px; margin-bottom: 30px;\">Innovation technique<\/h2>\n<p>Le plancher de s\u00e9curit\u00e9 KDS b\u00e9n\u00e9ficie de solutions techniques et de mat\u00e9riaux qui permettent une grande flexibilit\u00e9 d&#8217;application, aussi bien dans les nouveaux b\u00e2timents que dans les projets de remplacement pour la r\u00e9novation.<br \/>\nEn effet, gr\u00e2ce \u00e0 ses dimensions et \u00e0 ses joints d&#8217;\u00e9tanch\u00e9it\u00e9, la porte peut \u00eatre install\u00e9e directement sur l&#8217;ossature existante, sans qu&#8217;il soit n\u00e9cessaire d&#8217;effectuer des travaux de ma\u00e7onnerie.<br \/>\nEn outre, il est possible d&#8217;utiliser des profil\u00e9s imbriqu\u00e9s ou carr\u00e9s avec un syst\u00e8me t\u00e9lescopique, pour finir l&#8217;ensemble de l&#8217;\u00e9paulement du mur.[\/vc_column_text][\/vc_column][\/vc_row][vc_row][vc_column][\/vc_column][\/vc_row]<\/p>\n<\/section>","protected":false},"excerpt":{"rendered":"<p>[vc_row el_class=&#8221;maxwk&#8221; css=&#8221;.vc_custom_1688567849060{margin-top: 50px !important;}&#8221;][vc_column][vc_column_text]Le syst\u00e8me KDS SAFETY FLOOR est un syst\u00e8me exclusif con\u00e7u par Kopen pour les portes d&#8217;entr\u00e9e en aluminium des appartements et des r\u00e9sidences. Il est propos\u00e9 au march\u00e9 comme une alternative design \u00e0 la porte de s\u00e9curit\u00e9 classique tout en \u00e9galant son degr\u00e9 de s\u00e9curit\u00e9.[\/vc_column_text][\/vc_column][\/vc_row][vc_row el_class=&#8221;maxwk&#8221; css=&#8221;.vc_custom_1688567993454{border-bottom-width: 1px !important;padding-bottom: 40px !important;border-bottom-color: [&hellip;]<\/p>\n","protected":false},"author":7,"featured_media":5586,"parent":0,"menu_order":0,"comment_status":"closed","ping_status":"closed","template":"template_header2.php","meta":{"footnotes":""},"class_list":["post-7789","page","type-page","status-publish","has-post-thumbnail","hentry"],"acf":[],"yoast_head":"<!-- This site is optimized with the Yoast SEO plugin v25.9 - https:\/\/yoast.com\/wordpress\/plugins\/seo\/ -->\n<title>Innovation KDS SAFETY FLOOR - Kopen<\/title>\n<meta name=\"robots\" content=\"index, follow, max-snippet:-1, max-image-preview:large, max-video-preview:-1\" \/>\n<link rel=\"canonical\" href=\"https:\/\/kopendoors.com\/it\/innovazione-kds-safety-floor\/\" \/>\n<meta property=\"og:locale\" content=\"fr_FR\" \/>\n<meta property=\"og:type\" content=\"article\" \/>\n<meta property=\"og:title\" content=\"Innovation KDS SAFETY FLOOR - Kopen\" \/>\n<meta property=\"og:description\" content=\"[vc_row el_class=&#8221;maxwk&#8221; css=&#8221;.vc_custom_1688567849060{margin-top: 50px !important;}&#8221;][vc_column][vc_column_text]Le syst\u00e8me KDS SAFETY FLOOR est un syst\u00e8me exclusif con\u00e7u par Kopen pour les portes d&#8217;entr\u00e9e en aluminium des appartements et des r\u00e9sidences. Il est propos\u00e9 au march\u00e9 comme une alternative design \u00e0 la porte de s\u00e9curit\u00e9 classique tout en \u00e9galant son degr\u00e9 de s\u00e9curit\u00e9.[\/vc_column_text][\/vc_column][\/vc_row][vc_row el_class=&#8221;maxwk&#8221; css=&#8221;.vc_custom_1688567993454{border-bottom-width: 1px !important;padding-bottom: 40px !important;border-bottom-color: [&hellip;]\" \/>\n<meta property=\"og:url\" content=\"https:\/\/kopendoors.com\/it\/innovazione-kds-safety-floor\/\" \/>\n<meta property=\"og:site_name\" content=\"Kopen\" \/>\n<meta property=\"article:publisher\" content=\"https:\/\/www.facebook.com\/Kopendoors\" \/>\n<meta property=\"article:modified_time\" content=\"2024-07-29T07:34:01+00:00\" \/>\n<meta property=\"og:image\" content=\"https:\/\/kopendoors.com\/wp-content\/uploads\/2022\/11\/background-top-title-innovazione.jpg\" \/>\n\t<meta property=\"og:image:width\" content=\"1920\" \/>\n\t<meta property=\"og:image:height\" content=\"514\" \/>\n\t<meta property=\"og:image:type\" content=\"image\/jpeg\" \/>\n<meta name=\"twitter:card\" content=\"summary_large_image\" \/>\n<meta name=\"twitter:site\" content=\"@Kopendoor\" \/>\n<meta name=\"twitter:label1\" content=\"Dur\u00e9e de lecture estim\u00e9e\" \/>\n\t<meta name=\"twitter:data1\" content=\"4 minutes\" \/>\n<script type=\"application\/ld+json\" class=\"yoast-schema-graph\">{\"@context\":\"https:\/\/schema.org\",\"@graph\":[{\"@type\":\"WebPage\",\"@id\":\"https:\/\/kopendoors.com\/it\/innovazione-kds-safety-floor\/\",\"url\":\"https:\/\/kopendoors.com\/it\/innovazione-kds-safety-floor\/\",\"name\":\"Innovation KDS SAFETY FLOOR - Kopen\",\"isPartOf\":{\"@id\":\"https:\/\/kopendoors.com\/it\/#website\"},\"primaryImageOfPage\":{\"@id\":\"https:\/\/kopendoors.com\/it\/innovazione-kds-safety-floor\/#primaryimage\"},\"image\":{\"@id\":\"https:\/\/kopendoors.com\/it\/innovazione-kds-safety-floor\/#primaryimage\"},\"thumbnailUrl\":\"https:\/\/kopendoors.com\/wp-content\/uploads\/2022\/11\/background-top-title-innovazione.jpg\",\"datePublished\":\"2024-07-05T10:22:22+00:00\",\"dateModified\":\"2024-07-29T07:34:01+00:00\",\"inLanguage\":\"fr-FR\",\"potentialAction\":[{\"@type\":\"ReadAction\",\"target\":[\"https:\/\/kopendoors.com\/it\/innovazione-kds-safety-floor\/\"]}]},{\"@type\":\"ImageObject\",\"inLanguage\":\"fr-FR\",\"@id\":\"https:\/\/kopendoors.com\/it\/innovazione-kds-safety-floor\/#primaryimage\",\"url\":\"https:\/\/kopendoors.com\/wp-content\/uploads\/2022\/11\/background-top-title-innovazione.jpg\",\"contentUrl\":\"https:\/\/kopendoors.com\/wp-content\/uploads\/2022\/11\/background-top-title-innovazione.jpg\",\"width\":1920,\"height\":514,\"caption\":\"Sistema KDS100\u00a0innovativo\"},{\"@type\":\"WebSite\",\"@id\":\"https:\/\/kopendoors.com\/it\/#website\",\"url\":\"https:\/\/kopendoors.com\/it\/\",\"name\":\"Kopen\",\"description\":\"Porte di Ingresso in Alluminio con Design Esclusivo. Belle e Personalizzabili. Garanzia 15 anni.\",\"potentialAction\":[{\"@type\":\"SearchAction\",\"target\":{\"@type\":\"EntryPoint\",\"urlTemplate\":\"https:\/\/kopendoors.com\/it\/?s={search_term_string}\"},\"query-input\":{\"@type\":\"PropertyValueSpecification\",\"valueRequired\":true,\"valueName\":\"search_term_string\"}}],\"inLanguage\":\"fr-FR\"}]}<\/script>\n<!-- \/ Yoast SEO plugin. -->","yoast_head_json":{"title":"Innovation KDS SAFETY FLOOR - Kopen","robots":{"index":"index","follow":"follow","max-snippet":"max-snippet:-1","max-image-preview":"max-image-preview:large","max-video-preview":"max-video-preview:-1"},"canonical":"https:\/\/kopendoors.com\/it\/innovazione-kds-safety-floor\/","og_locale":"fr_FR","og_type":"article","og_title":"Innovation KDS SAFETY FLOOR - Kopen","og_description":"[vc_row el_class=&#8221;maxwk&#8221; css=&#8221;.vc_custom_1688567849060{margin-top: 50px !important;}&#8221;][vc_column][vc_column_text]Le syst\u00e8me KDS SAFETY FLOOR est un syst\u00e8me exclusif con\u00e7u par Kopen pour les portes d&#8217;entr\u00e9e en aluminium des appartements et des r\u00e9sidences. Il est propos\u00e9 au march\u00e9 comme une alternative design \u00e0 la porte de s\u00e9curit\u00e9 classique tout en \u00e9galant son degr\u00e9 de s\u00e9curit\u00e9.[\/vc_column_text][\/vc_column][\/vc_row][vc_row el_class=&#8221;maxwk&#8221; css=&#8221;.vc_custom_1688567993454{border-bottom-width: 1px !important;padding-bottom: 40px !important;border-bottom-color: [&hellip;]","og_url":"https:\/\/kopendoors.com\/it\/innovazione-kds-safety-floor\/","og_site_name":"Kopen","article_publisher":"https:\/\/www.facebook.com\/Kopendoors","article_modified_time":"2024-07-29T07:34:01+00:00","og_image":[{"width":1920,"height":514,"url":"https:\/\/kopendoors.com\/wp-content\/uploads\/2022\/11\/background-top-title-innovazione.jpg","type":"image\/jpeg"}],"twitter_card":"summary_large_image","twitter_site":"@Kopendoor","twitter_misc":{"Dur\u00e9e de lecture estim\u00e9e":"4 minutes"},"schema":{"@context":"https:\/\/schema.org","@graph":[{"@type":"WebPage","@id":"https:\/\/kopendoors.com\/it\/innovazione-kds-safety-floor\/","url":"https:\/\/kopendoors.com\/it\/innovazione-kds-safety-floor\/","name":"Innovation KDS SAFETY FLOOR - Kopen","isPartOf":{"@id":"https:\/\/kopendoors.com\/it\/#website"},"primaryImageOfPage":{"@id":"https:\/\/kopendoors.com\/it\/innovazione-kds-safety-floor\/#primaryimage"},"image":{"@id":"https:\/\/kopendoors.com\/it\/innovazione-kds-safety-floor\/#primaryimage"},"thumbnailUrl":"https:\/\/kopendoors.com\/wp-content\/uploads\/2022\/11\/background-top-title-innovazione.jpg","datePublished":"2024-07-05T10:22:22+00:00","dateModified":"2024-07-29T07:34:01+00:00","inLanguage":"fr-FR","potentialAction":[{"@type":"ReadAction","target":["https:\/\/kopendoors.com\/it\/innovazione-kds-safety-floor\/"]}]},{"@type":"ImageObject","inLanguage":"fr-FR","@id":"https:\/\/kopendoors.com\/it\/innovazione-kds-safety-floor\/#primaryimage","url":"https:\/\/kopendoors.com\/wp-content\/uploads\/2022\/11\/background-top-title-innovazione.jpg","contentUrl":"https:\/\/kopendoors.com\/wp-content\/uploads\/2022\/11\/background-top-title-innovazione.jpg","width":1920,"height":514,"caption":"Sistema KDS100\u00a0innovativo"},{"@type":"WebSite","@id":"https:\/\/kopendoors.com\/it\/#website","url":"https:\/\/kopendoors.com\/it\/","name":"Kopen","description":"Porte di Ingresso in Alluminio con Design Esclusivo. Belle e Personalizzabili. Garanzia 15 anni.","potentialAction":[{"@type":"SearchAction","target":{"@type":"EntryPoint","urlTemplate":"https:\/\/kopendoors.com\/it\/?s={search_term_string}"},"query-input":{"@type":"PropertyValueSpecification","valueRequired":true,"valueName":"search_term_string"}}],"inLanguage":"fr-FR"}]}},"_links":{"self":[{"href":"https:\/\/kopendoors.com\/fr\/wp-json\/wp\/v2\/pages\/7789","targetHints":{"allow":["GET"]}}],"collection":[{"href":"https:\/\/kopendoors.com\/fr\/wp-json\/wp\/v2\/pages"}],"about":[{"href":"https:\/\/kopendoors.com\/fr\/wp-json\/wp\/v2\/types\/page"}],"author":[{"embeddable":true,"href":"https:\/\/kopendoors.com\/fr\/wp-json\/wp\/v2\/users\/7"}],"replies":[{"embeddable":true,"href":"https:\/\/kopendoors.com\/fr\/wp-json\/wp\/v2\/comments?post=7789"}],"version-history":[{"count":3,"href":"https:\/\/kopendoors.com\/fr\/wp-json\/wp\/v2\/pages\/7789\/revisions"}],"predecessor-version":[{"id":7792,"href":"https:\/\/kopendoors.com\/fr\/wp-json\/wp\/v2\/pages\/7789\/revisions\/7792"}],"wp:featuredmedia":[{"embeddable":true,"href":"https:\/\/kopendoors.com\/fr\/wp-json\/wp\/v2\/media\/5586"}],"wp:attachment":[{"href":"https:\/\/kopendoors.com\/fr\/wp-json\/wp\/v2\/media?parent=7789"}],"curies":[{"name":"wp","href":"https:\/\/api.w.org\/{rel}","templated":true}]}}