{"id":7012,"date":"2023-07-05T17:14:56","date_gmt":"2023-07-05T15:14:56","guid":{"rendered":"https:\/\/kopendoors.com\/kds-90\/"},"modified":"2023-07-17T02:29:01","modified_gmt":"2023-07-17T00:29:01","slug":"kds-90","status":"publish","type":"page","link":"https:\/\/kopendoors.com\/fr\/kds-90\/","title":{"rendered":"Innovation KDS 90"},"content":{"rendered":"<section class=\"wpb-content-wrapper\"><p>[vc_row el_class=&#8221;maxwk&#8221; css=&#8221;.vc_custom_1688567849060{margin-top: 50px !important;}&#8221;][vc_column][vc_column_text]<\/p>\n<h3 style=\"text-align: center;\">Le\u00a0<span style=\"color: #cb272b;\">Syst\u00e8me KDS 90<\/span>\u00a0est un syst\u00e8me innovant et exclusif con\u00e7u par Kopen pour la production de portes d&#8217;entr\u00e9e en aluminium aux performances thermiques et de s\u00e9curit\u00e9 \u00e9lev\u00e9es.<\/h3>\n<p>[\/vc_column_text][\/vc_column][\/vc_row][vc_row el_class=&#8221;maxwk&#8221; css=&#8221;.vc_custom_1688567993454{border-bottom-width: 1px !important;padding-bottom: 40px !important;border-bottom-color: #e6e6e6 !important;border-bottom-style: solid !important;}&#8221;][vc_column width=&#8221;1\/2&#8243;][vc_column_text]<\/p>\n<ul>\n<li>Fabriqu\u00e9 \u00e0 partir de profils en alliage d&#8217;aluminium extrud\u00e9 UNI 6060<\/li>\n<li>Ouvrant et dormant \u00e0 rupture de pont thermique avec barrettes en polyamide charg\u00e9 de verre (PA6)<\/li>\n<li>Plaques de bardage en aluminium de 1,5 mm d&#8217;\u00e9paisseur, au choix, en verre aveugle ou en triple vitrage.<\/li>\n<li>Syst\u00e8me \u00e0 3 joints avec coins pr\u00e9-moul\u00e9s pour assurer la continuit\u00e9 du p\u00e9rim\u00e8tre<\/li>\n<\/ul>\n<p>[\/vc_column_text][\/vc_column][vc_column width=&#8221;1\/2&#8243;][vc_column_text]<\/p>\n<ul>\n<li>Seuil en aluminium \u00e0 rupture de pont thermique avec une hauteur de 24 mm<\/li>\n<li>Charni\u00e8res cylindriques en acier galvanis\u00e9 avec caches et r\u00e9glage sur 3 axes<\/li>\n<li>Possibilit\u00e9 de bandes de recouvrement encliquetables \u00e0 l&#8217;int\u00e9rieur et \u00e0 l&#8217;ext\u00e9rieur, application d&#8217;un coussin de manteau et de supports pour la fixation \u00e0 l&#8217;avant<\/li>\n<li>Les dimensions sont standard jusqu&#8217;\u00e0 1 100 x 2 250 mm (les dimensions se r\u00e9f\u00e8rent \u00e0 une porte \u00e0 un vantail &#8211; cadre ext\u00e9rieur).<\/li>\n<\/ul>\n<p>[\/vc_column_text][\/vc_column][\/vc_row][vc_row el_class=&#8221;maxwk&#8221; css=&#8221;.vc_custom_1689347247979{margin-bottom: 20px !important;}&#8221;][vc_column][vc_column_text]<\/p>\n<h3>PERFORMANCE<\/h3>\n<p>[\/vc_column_text][\/vc_column][\/vc_row][vc_row css=&#8221;.vc_custom_1689350217133{margin-bottom: 15px !important;}&#8221; el_class=&#8221;maxwk&#8221;][vc_column width=&#8221;1\/3&#8243;][vc_row_inner equal_height=&#8221;yes&#8221; content_placement=&#8221;middle&#8221;][vc_column_inner width=&#8221;1\/4&#8243;][vc_single_image image=&#8221;5406&#8243; img_size=&#8221;200&#215;200&#8243; alignment=&#8221;center&#8221;][\/vc_column_inner][vc_column_inner width=&#8221;3\/4&#8243;][vc_column_text el_class=&#8221;text-center&#8221;]<strong>L&#8217;\u00c9TANCH\u00c9IT\u00c9<\/strong><\/p>\n<p>(UNI EN 1027, 12208)<\/p>\n<p><b>E1200<\/b>[\/vc_column_text][\/vc_column_inner][\/vc_row_inner][\/vc_column][vc_column width=&#8221;1\/3&#8243;][vc_row_inner equal_height=&#8221;yes&#8221; content_placement=&#8221;middle&#8221;][vc_column_inner width=&#8221;1\/4&#8243;][vc_single_image image=&#8221;5410&#8243; img_size=&#8221;200&#215;200&#8243; alignment=&#8221;center&#8221;][\/vc_column_inner][vc_column_inner width=&#8221;3\/4&#8243;][vc_column_text el_class=&#8221;text-center&#8221;]<strong>PERM\u00c9ABILIT\u00c9 \u00c0 L&#8217;AIR<\/strong><\/p>\n<p>(UNI EN 1026, 12207)<\/p>\n<p><b>Classe 4<\/b>[\/vc_column_text][\/vc_column_inner][\/vc_row_inner][\/vc_column][vc_column width=&#8221;1\/3&#8243;][vc_row_inner equal_height=&#8221;yes&#8221; content_placement=&#8221;middle&#8221;][vc_column_inner width=&#8221;1\/4&#8243;][vc_single_image image=&#8221;5422&#8243; img_size=&#8221;200&#215;200&#8243; alignment=&#8221;center&#8221;][\/vc_column_inner][vc_column_inner width=&#8221;3\/4&#8243;][vc_column_text]<\/p>\n<p style=\"text-align: center;\"><strong>R\u00c9SISTANCE AU VENT<\/strong><\/p>\n<p style=\"text-align: center;\">(UNI EN 12211, 12210)<\/p>\n<p style=\"text-align: center;\"><b>Classe C5<\/b><\/p>\n<p>[\/vc_column_text][\/vc_column_inner][\/vc_row_inner][\/vc_column][\/vc_row][vc_row css=&#8221;.vc_custom_1689349760121{margin-bottom: 15px !important;}&#8221; el_class=&#8221;maxwk&#8221;][vc_column width=&#8221;1\/2&#8243;][vc_row_inner equal_height=&#8221;yes&#8221; content_placement=&#8221;middle&#8221;][vc_column_inner width=&#8221;1\/4&#8243;][vc_single_image image=&#8221;5401&#8243; img_size=&#8221;200&#215;200&#8243; alignment=&#8221;center&#8221;][\/vc_column_inner][vc_column_inner width=&#8221;3\/4&#8243;][vc_column_text el_class=&#8221;text-center&#8221;]<strong>TRANSMISSION THERMIQUE<\/strong><\/p>\n<p>(UNI EN ISO12567-2)<\/p>\n<p><b>Ud = 0,79 W\/mq*K<\/b>[\/vc_column_text][\/vc_column_inner][\/vc_row_inner][\/vc_column][vc_column width=&#8221;1\/2&#8243;][vc_row_inner equal_height=&#8221;yes&#8221; content_placement=&#8221;middle&#8221;][vc_column_inner width=&#8221;1\/4&#8243;][vc_single_image image=&#8221;6840&#8243; img_size=&#8221;200&#215;200&#8243; alignment=&#8221;center&#8221;][\/vc_column_inner][vc_column_inner width=&#8221;3\/4&#8243;][vc_column_text el_class=&#8221;text-center&#8221;]<strong>CLASSES ANTI-EFFRACTION<\/strong><\/p>\n<p>(UNI EN 1627:2011)<\/p>\n<p><b>Jusqu&#8217;\u00e0 RC3<\/b>[\/vc_column_text][\/vc_column_inner][\/vc_row_inner][\/vc_column][\/vc_row][vc_row equal_height=&#8221;yes&#8221; el_class=&#8221;maxwk&#8221; css=&#8221;.vc_custom_1689347291583{margin-top: 10px !important;margin-bottom: 30px !important;}&#8221;][vc_column css=&#8221;.vc_custom_1689346312287{border-top-width: 1px !important;padding-top: 35px !important;border-top-color: #e6e6e6 !important;border-top-style: solid !important;}&#8221;][vc_column_text]<\/p>\n<h3>SOLUTIONS KOPEN<\/h3>\n<p>[\/vc_column_text][\/vc_column][\/vc_row][vc_row equal_height=&#8221;yes&#8221; el_class=&#8221;maxwk&#8221;][vc_column width=&#8221;1\/2&#8243;][vc_column_text]<\/p>\n<h4 style=\"text-align: center;\"><span style=\"color: #cb272b;\">KDS 90 &#8211; PORTE AVEUGLE<\/span><\/h4>\n<p>[\/vc_column_text][vc_single_image image=&#8221;6855&#8243; img_size=&#8221;large&#8221;][\/vc_column][vc_column width=&#8221;1\/2&#8243;][vc_column_text]<\/p>\n<h4 style=\"text-align: center;\"><span style=\"color: #cb272b;\">KDS 90 &#8211; PORTE VITR\u00c9E<\/span><\/h4>\n<p>[\/vc_column_text][vc_single_image image=&#8221;6859&#8243; img_size=&#8221;large&#8221;][\/vc_column][\/vc_row][vc_row][vc_column css=&#8221;.vc_custom_1689350804006{margin: 0px !important;}&#8221;]\n\t\t<section class=\"reveal-image lay3\">\n\t\t\t<div class=\"reveal_main \">\n\t\t\t\t<div data-reveal=\"home\" data-reveal-bgcolor=\"#cb272b\" data-reveal-direction=\"rl\" data-reveal-duration=\"800\"  data-reveal-offset=\"-100\" data-reveal-cover-area=\"0\" class=\"reveal_cont-img full-width block-revealer\">\n\t\t\t\t\t<div class=\"block-revealer__content\">\n\t\t\t\t\t\t<div class=\"reveal_img image-bg image-large image-center\" style=\"background-image: url(https:\/\/kopendoors.com\/wp-content\/uploads\/2022\/11\/porta-kopen-detail-cucina-1024x576.jpg);\">\n\t\t\t\t\t\t\t<img decoding=\"async\" class=\"reveal_img img-responsive hidden-lg\" src=\"https:\/\/kopendoors.com\/wp-content\/themes\/kopen\/img\/size-16-9.gif\"><img decoding=\"async\" class=\"reveal_img img-responsive hidden-sm\" src=\"https:\/\/kopendoors.com\/wp-content\/themes\/kopen\/img\/size-square.gif\">\n\t\t\t\t\t\t<\/div>\n\t\t\t\t\t<\/div>\n\t\t\t\t\t<div class=\"block-revealer__element\"><\/div>\n\t\t\t\t<\/div>\n\t\t\t<\/div>\n\t\t<\/section>\n\t\t[\/vc_column][\/vc_row]<\/p>\n<\/section>","protected":false},"excerpt":{"rendered":"<p>[vc_row el_class=&#8221;maxwk&#8221; css=&#8221;.vc_custom_1688567849060{margin-top: 50px !important;}&#8221;][vc_column][vc_column_text] Le\u00a0Syst\u00e8me KDS 90\u00a0est un syst\u00e8me innovant et exclusif con\u00e7u par Kopen pour la production de portes d&#8217;entr\u00e9e en aluminium aux performances thermiques et de s\u00e9curit\u00e9 \u00e9lev\u00e9es. [\/vc_column_text][\/vc_column][\/vc_row][vc_row el_class=&#8221;maxwk&#8221; css=&#8221;.vc_custom_1688567993454{border-bottom-width: 1px !important;padding-bottom: 40px !important;border-bottom-color: #e6e6e6 !important;border-bottom-style: solid !important;}&#8221;][vc_column width=&#8221;1\/2&#8243;][vc_column_text] Fabriqu\u00e9 \u00e0 partir de profils en alliage d&#8217;aluminium extrud\u00e9 UNI 6060 Ouvrant [&hellip;]<\/p>\n","protected":false},"author":6,"featured_media":5586,"parent":0,"menu_order":0,"comment_status":"closed","ping_status":"closed","template":"template_header2.php","meta":{"footnotes":""},"class_list":["post-7012","page","type-page","status-publish","has-post-thumbnail","hentry"],"acf":[],"yoast_head":"<!-- This site is optimized with the Yoast SEO plugin v25.9 - https:\/\/yoast.com\/wordpress\/plugins\/seo\/ -->\n<title>Innovation KDS 90 - Kopen<\/title>\n<meta name=\"robots\" content=\"index, follow, max-snippet:-1, max-image-preview:large, max-video-preview:-1\" \/>\n<link rel=\"canonical\" href=\"https:\/\/kopendoors.com\/it\/kds-90\/\" \/>\n<meta property=\"og:locale\" content=\"fr_FR\" \/>\n<meta property=\"og:type\" content=\"article\" \/>\n<meta property=\"og:title\" content=\"Innovation KDS 90 - Kopen\" \/>\n<meta property=\"og:description\" content=\"[vc_row el_class=&#8221;maxwk&#8221; css=&#8221;.vc_custom_1688567849060{margin-top: 50px !important;}&#8221;][vc_column][vc_column_text] Le\u00a0Syst\u00e8me KDS 90\u00a0est un syst\u00e8me innovant et exclusif con\u00e7u par Kopen pour la production de portes d&#8217;entr\u00e9e en aluminium aux performances thermiques et de s\u00e9curit\u00e9 \u00e9lev\u00e9es. [\/vc_column_text][\/vc_column][\/vc_row][vc_row el_class=&#8221;maxwk&#8221; css=&#8221;.vc_custom_1688567993454{border-bottom-width: 1px !important;padding-bottom: 40px !important;border-bottom-color: #e6e6e6 !important;border-bottom-style: solid !important;}&#8221;][vc_column width=&#8221;1\/2&#8243;][vc_column_text] Fabriqu\u00e9 \u00e0 partir de profils en alliage d&#8217;aluminium extrud\u00e9 UNI 6060 Ouvrant [&hellip;]\" \/>\n<meta property=\"og:url\" content=\"https:\/\/kopendoors.com\/it\/kds-90\/\" \/>\n<meta property=\"og:site_name\" content=\"Kopen\" \/>\n<meta property=\"article:publisher\" content=\"https:\/\/www.facebook.com\/Kopendoors\" \/>\n<meta property=\"article:modified_time\" content=\"2023-07-17T00:29:01+00:00\" \/>\n<meta property=\"og:image\" content=\"https:\/\/kopendoors.com\/wp-content\/uploads\/2022\/11\/background-top-title-innovazione.jpg\" \/>\n\t<meta property=\"og:image:width\" content=\"1920\" \/>\n\t<meta property=\"og:image:height\" content=\"514\" \/>\n\t<meta property=\"og:image:type\" content=\"image\/jpeg\" \/>\n<meta name=\"twitter:card\" content=\"summary_large_image\" \/>\n<meta name=\"twitter:site\" content=\"@Kopendoor\" \/>\n<meta name=\"twitter:label1\" content=\"Dur\u00e9e de lecture estim\u00e9e\" \/>\n\t<meta name=\"twitter:data1\" content=\"3 minutes\" \/>\n<script type=\"application\/ld+json\" class=\"yoast-schema-graph\">{\"@context\":\"https:\/\/schema.org\",\"@graph\":[{\"@type\":\"WebPage\",\"@id\":\"https:\/\/kopendoors.com\/it\/kds-90\/\",\"url\":\"https:\/\/kopendoors.com\/it\/kds-90\/\",\"name\":\"Innovation KDS 90 - Kopen\",\"isPartOf\":{\"@id\":\"https:\/\/kopendoors.com\/it\/#website\"},\"primaryImageOfPage\":{\"@id\":\"https:\/\/kopendoors.com\/it\/kds-90\/#primaryimage\"},\"image\":{\"@id\":\"https:\/\/kopendoors.com\/it\/kds-90\/#primaryimage\"},\"thumbnailUrl\":\"https:\/\/kopendoors.com\/wp-content\/uploads\/2022\/11\/background-top-title-innovazione.jpg\",\"datePublished\":\"2023-07-05T15:14:56+00:00\",\"dateModified\":\"2023-07-17T00:29:01+00:00\",\"inLanguage\":\"fr-FR\",\"potentialAction\":[{\"@type\":\"ReadAction\",\"target\":[\"https:\/\/kopendoors.com\/it\/kds-90\/\"]}]},{\"@type\":\"ImageObject\",\"inLanguage\":\"fr-FR\",\"@id\":\"https:\/\/kopendoors.com\/it\/kds-90\/#primaryimage\",\"url\":\"https:\/\/kopendoors.com\/wp-content\/uploads\/2022\/11\/background-top-title-innovazione.jpg\",\"contentUrl\":\"https:\/\/kopendoors.com\/wp-content\/uploads\/2022\/11\/background-top-title-innovazione.jpg\",\"width\":1920,\"height\":514,\"caption\":\"Sistema KDS100\u00a0innovativo\"},{\"@type\":\"WebSite\",\"@id\":\"https:\/\/kopendoors.com\/it\/#website\",\"url\":\"https:\/\/kopendoors.com\/it\/\",\"name\":\"Kopen\",\"description\":\"Porte di Ingresso in Alluminio con Design Esclusivo. Belle e Personalizzabili. Garanzia 15 anni.\",\"potentialAction\":[{\"@type\":\"SearchAction\",\"target\":{\"@type\":\"EntryPoint\",\"urlTemplate\":\"https:\/\/kopendoors.com\/it\/?s={search_term_string}\"},\"query-input\":{\"@type\":\"PropertyValueSpecification\",\"valueRequired\":true,\"valueName\":\"search_term_string\"}}],\"inLanguage\":\"fr-FR\"}]}<\/script>\n<!-- \/ Yoast SEO plugin. -->","yoast_head_json":{"title":"Innovation KDS 90 - Kopen","robots":{"index":"index","follow":"follow","max-snippet":"max-snippet:-1","max-image-preview":"max-image-preview:large","max-video-preview":"max-video-preview:-1"},"canonical":"https:\/\/kopendoors.com\/it\/kds-90\/","og_locale":"fr_FR","og_type":"article","og_title":"Innovation KDS 90 - Kopen","og_description":"[vc_row el_class=&#8221;maxwk&#8221; css=&#8221;.vc_custom_1688567849060{margin-top: 50px !important;}&#8221;][vc_column][vc_column_text] Le\u00a0Syst\u00e8me KDS 90\u00a0est un syst\u00e8me innovant et exclusif con\u00e7u par Kopen pour la production de portes d&#8217;entr\u00e9e en aluminium aux performances thermiques et de s\u00e9curit\u00e9 \u00e9lev\u00e9es. [\/vc_column_text][\/vc_column][\/vc_row][vc_row el_class=&#8221;maxwk&#8221; css=&#8221;.vc_custom_1688567993454{border-bottom-width: 1px !important;padding-bottom: 40px !important;border-bottom-color: #e6e6e6 !important;border-bottom-style: solid !important;}&#8221;][vc_column width=&#8221;1\/2&#8243;][vc_column_text] Fabriqu\u00e9 \u00e0 partir de profils en alliage d&#8217;aluminium extrud\u00e9 UNI 6060 Ouvrant [&hellip;]","og_url":"https:\/\/kopendoors.com\/it\/kds-90\/","og_site_name":"Kopen","article_publisher":"https:\/\/www.facebook.com\/Kopendoors","article_modified_time":"2023-07-17T00:29:01+00:00","og_image":[{"width":1920,"height":514,"url":"https:\/\/kopendoors.com\/wp-content\/uploads\/2022\/11\/background-top-title-innovazione.jpg","type":"image\/jpeg"}],"twitter_card":"summary_large_image","twitter_site":"@Kopendoor","twitter_misc":{"Dur\u00e9e de lecture estim\u00e9e":"3 minutes"},"schema":{"@context":"https:\/\/schema.org","@graph":[{"@type":"WebPage","@id":"https:\/\/kopendoors.com\/it\/kds-90\/","url":"https:\/\/kopendoors.com\/it\/kds-90\/","name":"Innovation KDS 90 - Kopen","isPartOf":{"@id":"https:\/\/kopendoors.com\/it\/#website"},"primaryImageOfPage":{"@id":"https:\/\/kopendoors.com\/it\/kds-90\/#primaryimage"},"image":{"@id":"https:\/\/kopendoors.com\/it\/kds-90\/#primaryimage"},"thumbnailUrl":"https:\/\/kopendoors.com\/wp-content\/uploads\/2022\/11\/background-top-title-innovazione.jpg","datePublished":"2023-07-05T15:14:56+00:00","dateModified":"2023-07-17T00:29:01+00:00","inLanguage":"fr-FR","potentialAction":[{"@type":"ReadAction","target":["https:\/\/kopendoors.com\/it\/kds-90\/"]}]},{"@type":"ImageObject","inLanguage":"fr-FR","@id":"https:\/\/kopendoors.com\/it\/kds-90\/#primaryimage","url":"https:\/\/kopendoors.com\/wp-content\/uploads\/2022\/11\/background-top-title-innovazione.jpg","contentUrl":"https:\/\/kopendoors.com\/wp-content\/uploads\/2022\/11\/background-top-title-innovazione.jpg","width":1920,"height":514,"caption":"Sistema KDS100\u00a0innovativo"},{"@type":"WebSite","@id":"https:\/\/kopendoors.com\/it\/#website","url":"https:\/\/kopendoors.com\/it\/","name":"Kopen","description":"Porte di Ingresso in Alluminio con Design Esclusivo. Belle e Personalizzabili. Garanzia 15 anni.","potentialAction":[{"@type":"SearchAction","target":{"@type":"EntryPoint","urlTemplate":"https:\/\/kopendoors.com\/it\/?s={search_term_string}"},"query-input":{"@type":"PropertyValueSpecification","valueRequired":true,"valueName":"search_term_string"}}],"inLanguage":"fr-FR"}]}},"_links":{"self":[{"href":"https:\/\/kopendoors.com\/fr\/wp-json\/wp\/v2\/pages\/7012","targetHints":{"allow":["GET"]}}],"collection":[{"href":"https:\/\/kopendoors.com\/fr\/wp-json\/wp\/v2\/pages"}],"about":[{"href":"https:\/\/kopendoors.com\/fr\/wp-json\/wp\/v2\/types\/page"}],"author":[{"embeddable":true,"href":"https:\/\/kopendoors.com\/fr\/wp-json\/wp\/v2\/users\/6"}],"replies":[{"embeddable":true,"href":"https:\/\/kopendoors.com\/fr\/wp-json\/wp\/v2\/comments?post=7012"}],"version-history":[{"count":6,"href":"https:\/\/kopendoors.com\/fr\/wp-json\/wp\/v2\/pages\/7012\/revisions"}],"predecessor-version":[{"id":7344,"href":"https:\/\/kopendoors.com\/fr\/wp-json\/wp\/v2\/pages\/7012\/revisions\/7344"}],"wp:featuredmedia":[{"embeddable":true,"href":"https:\/\/kopendoors.com\/fr\/wp-json\/wp\/v2\/media\/5586"}],"wp:attachment":[{"href":"https:\/\/kopendoors.com\/fr\/wp-json\/wp\/v2\/media?parent=7012"}],"curies":[{"name":"wp","href":"https:\/\/api.w.org\/{rel}","templated":true}]}}