{"id":6488,"date":"2022-11-06T11:18:53","date_gmt":"2022-11-06T10:18:53","guid":{"rendered":"https:\/\/kopendoors.com\/quality\/"},"modified":"2022-12-04T17:21:47","modified_gmt":"2022-12-04T16:21:47","slug":"quality","status":"publish","type":"page","link":"https:\/\/kopendoors.com\/fr\/quality\/","title":{"rendered":"Qualit\u00e9"},"content":{"rendered":"<section class=\"wpb-content-wrapper\"><p>[vc_row equal_height=&#8221;yes&#8221; content_placement=&#8221;middle&#8221; css=&#8221;.vc_custom_1669221088372{margin-top: 100px !important;margin-bottom: 100px !important;}&#8221; el_class=&#8221;maxwk&#8221;][vc_column width=&#8221;1\/2&#8243;][vc_column_text]<\/p>\n<h3>Garantie<\/h3>\n<h4>Pour r\u00e9ussir votre entr\u00e9e, la soci\u00e9t\u00e9 Kopen b\u00e9n\u00e9ficie d\u2019un r\u00e9seau de revendeurs installateurs qualifi\u00e9s, en mesure de vous fournir toute l\u2019aide n\u00e9cessaire dans le choix du mod\u00e8le et la d\u00e9finition technique de votre porte. Les portes KOPEN sont con\u00e7ues pour donner \u00e0 l\u2019entr\u00e9e de votre maison une image de design exclusif, un fonctionnement et une s\u00e9curit\u00e9 durable. Dans chaque produit nous mettons nos 30 ann\u00e9es de savoir-faire, pour votre plus grande satisfaction.<\/h4>\n<p>[\/vc_column_text][\/vc_column][vc_column width=&#8221;1\/2&#8243;][vc_single_image image=&#8221;5788&#8243; img_size=&#8221;large&#8221; alignment=&#8221;center&#8221;][\/vc_column][\/vc_row][vc_row][vc_column css=&#8221;.vc_custom_1667927878225{padding-right: 3px !important;padding-left: 3px !important;}&#8221;]\n\t\t<section class=\"reveal-image lay3\">\n\t\t\t<div class=\"reveal_main \">\n\t\t\t\t<div data-reveal=\"home\" data-reveal-bgcolor=\"#c4bfbf\" data-reveal-direction=\"rl\" data-reveal-duration=\"800\"  data-reveal-offset=\"-100\" data-reveal-cover-area=\"0\" class=\"reveal_cont-img full-width block-revealer\">\n\t\t\t\t\t<div class=\"block-revealer__content\">\n\t\t\t\t\t\t<div class=\"reveal_img image-bg image-large image-center\" style=\"background-image: url(https:\/\/kopendoors.com\/wp-content\/uploads\/2022\/11\/porta-kopen-detail-classic-green-1024x576.jpg);\">\n\t\t\t\t\t\t\t<img decoding=\"async\" class=\"reveal_img img-responsive hidden-lg\" src=\"https:\/\/kopendoors.com\/wp-content\/themes\/kopen\/img\/size-16-9.gif\"><img decoding=\"async\" class=\"reveal_img img-responsive hidden-sm\" src=\"https:\/\/kopendoors.com\/wp-content\/themes\/kopen\/img\/size-square.gif\">\n\t\t\t\t\t\t<\/div>\n\t\t\t\t\t<\/div>\n\t\t\t\t\t<div class=\"block-revealer__element\"><\/div>\n\t\t\t\t<\/div>\n\t\t\t<\/div>\n\t\t<\/section>\n\t\t[\/vc_column][\/vc_row][vc_row css=&#8221;.vc_custom_1667927936647{background-color: #f5f5f5 !important;}&#8221;][vc_column][vc_row_inner el_class=&#8221;maxwk&#8221;][vc_column_inner][vc_column_text css=&#8221;.vc_custom_1667928223065{margin-top: 30px !important;margin-bottom: 30px !important;}&#8221;]<\/p>\n<h2 style=\"text-align: center;\"><strong>Performance et Certifications<\/strong><\/h2>\n<p>[\/vc_column_text]<div class=\"importedel\"><section class=\"wpb-content-wrapper\"><p>[vc_row css=&#8221;.vc_custom_1667754574975{margin-top: 10px !important;margin-bottom: 20px !important;}&#8221;][vc_column css=&#8221;.vc_custom_1667755074807{margin-bottom: 30px !important;}&#8221;][vc_column_text]<\/p>\n<h4 style=\"text-align: center;\"><strong>Toutes les portes d\u2019entr\u00e9e Kopen ont le marquage CE selon la norme UNI EN 14351-1 et ont les certifications suivantes.<br \/>\n<\/strong><\/h4>\n<p>[\/vc_column_text][\/vc_column][\/vc_row][vc_row el_class=&#8221;certificazioni-block&#8221;][vc_column width=&#8221;1\/3&#8243; css=&#8221;.vc_custom_1667754811344{margin-bottom: 50px !important;}&#8221;][vc_single_image image=&#8221;5401&#8243; img_size=&#8221;large&#8221; alignment=&#8221;center&#8221; el_class=&#8221;certicon&#8221;][vc_column_text]<\/p>\n<p style=\"text-align: center;\"><strong>Isolation thermique<\/strong><\/p>\n<h5 style=\"text-align: center;\">(UNI EN IS012567-2)<\/h5>\n<h5 style=\"text-align: center;\">Jusqu&#8217;\u00e0 Ud 0,68 W\/mq\u00b0K<\/h5>\n<p>[\/vc_column_text][\/vc_column][vc_column width=&#8221;1\/3&#8243; css=&#8221;.vc_custom_1667754817843{margin-bottom: 50px !important;}&#8221;][vc_single_image image=&#8221;5406&#8243; img_size=&#8221;large&#8221; alignment=&#8221;center&#8221; el_class=&#8221;certicon&#8221;][vc_column_text]<\/p>\n<p style=\"text-align: center;\"><strong>\u00c9tanch\u00e9it\u00e9 \u00e0 l\u2019eau (E)<\/strong><\/p>\n<h5 style=\"text-align: center;\">(UNI EN 1027,12208)<br \/>\nJusqu&#8217;\u00e0 Classe 9A<\/h5>\n<p>[\/vc_column_text][\/vc_column][vc_column width=&#8221;1\/3&#8243; css=&#8221;.vc_custom_1667754825114{margin-bottom: 50px !important;}&#8221;][vc_single_image image=&#8221;5410&#8243; img_size=&#8221;large&#8221; alignment=&#8221;center&#8221; el_class=&#8221;certicon&#8221;][vc_column_text]<\/p>\n<p style=\"text-align: center;\"><strong>Perm\u00e9abilit\u00e9 \u00e0 l\u2019air (A)<\/strong><\/p>\n<h5 style=\"text-align: center;\">(UNI EN 1026, 12207)<\/h5>\n<h5 style=\"text-align: center;\">Jusqu&#8217;\u00e0 Classe 4<\/h5>\n<p>[\/vc_column_text][\/vc_column][\/vc_row][vc_row el_class=&#8221;certificazioni-block&#8221;][vc_column width=&#8221;1\/3&#8243; css=&#8221;.vc_custom_1667754811344{margin-bottom: 50px !important;}&#8221;][vc_single_image image=&#8221;5422&#8243; img_size=&#8221;large&#8221; alignment=&#8221;center&#8221; el_class=&#8221;certicon&#8221;][vc_column_text]<\/p>\n<p style=\"text-align: center;\"><strong>R\u00e9sistance au vent (V)<\/strong><\/p>\n<h5 style=\"text-align: center;\">(UNI EN 12211, 12210)<\/h5>\n<h5 style=\"text-align: center;\">Jusqu&#8217;\u00e0 Classe C4<\/h5>\n<p>[\/vc_column_text][\/vc_column][vc_column width=&#8221;1\/3&#8243; css=&#8221;.vc_custom_1667754817843{margin-bottom: 50px !important;}&#8221;][vc_single_image image=&#8221;5418&#8243; img_size=&#8221;large&#8221; alignment=&#8221;center&#8221; el_class=&#8221;certicon&#8221;][vc_column_text]<\/p>\n<p style=\"text-align: center;\"><strong>Isolation acoustique<\/strong><\/p>\n<h5 style=\"text-align: center;\">(UNI EN ISO140-3, UNI EN ISO R717-1)<\/h5>\n<h5 style=\"text-align: center;\">Jusqu&#8217;\u00e0 40 dB<\/h5>\n<p>[\/vc_column_text][\/vc_column][vc_column width=&#8221;1\/3&#8243; css=&#8221;.vc_custom_1667754825114{margin-bottom: 50px !important;}&#8221;][vc_single_image image=&#8221;5414&#8243; img_size=&#8221;large&#8221; alignment=&#8221;center&#8221; el_class=&#8221;certicon&#8221;][vc_column_text]<\/p>\n<p style=\"text-align: center;\"><strong>Anti effraction<\/strong><\/p>\n<h5 style=\"text-align: center;\">(UNI EN 1627-28-29-30)<br \/>\nRC2 \u2013 RC3 \u2013 RC4<\/h5>\n<p>[\/vc_column_text][\/vc_column][\/vc_row]<\/p>\n<\/section><style type=\"text\/css\" data-type=\"vc_shortcodes-custom-css\">.vc_custom_1667754574975{margin-top: 10px !important;margin-bottom: 20px !important;}.vc_custom_1667755074807{margin-bottom: 30px !important;}.vc_custom_1667754811344{margin-bottom: 50px !important;}.vc_custom_1667754817843{margin-bottom: 50px !important;}.vc_custom_1667754825114{margin-bottom: 50px !important;}.vc_custom_1667754811344{margin-bottom: 50px !important;}.vc_custom_1667754817843{margin-bottom: 50px !important;}.vc_custom_1667754825114{margin-bottom: 50px !important;}<\/style><\/div>[\/vc_column_inner][\/vc_row_inner][\/vc_column][\/vc_row][vc_row css=&#8221;.vc_custom_1667928257775{margin-top: 0px !important;padding-top: 0px !important;padding-bottom: 0px !important;}&#8221;][vc_column css=&#8221;.vc_custom_1667928252896{padding-top: 0px !important;padding-right: 3px !important;padding-bottom: 0px !important;padding-left: 3px !important;}&#8221;]\n\t\t<section class=\"reveal-image lay3\">\n\t\t\t<div class=\"reveal_main \">\n\t\t\t\t<div data-reveal=\"home\" data-reveal-bgcolor=\"#c4bfbf\" data-reveal-direction=\"rl\" data-reveal-duration=\"800\"  data-reveal-offset=\"-100\" data-reveal-cover-area=\"0\" class=\"reveal_cont-img full-width block-revealer\">\n\t\t\t\t\t<div class=\"block-revealer__content\">\n\t\t\t\t\t\t<div class=\"reveal_img image-bg image-large image-center\" style=\"background-image: url(https:\/\/kopendoors.com\/wp-content\/uploads\/2022\/11\/porta-kopen-detail-maniglia-1024x576.jpg);\">\n\t\t\t\t\t\t\t<img decoding=\"async\" class=\"reveal_img img-responsive hidden-lg\" src=\"https:\/\/kopendoors.com\/wp-content\/themes\/kopen\/img\/size-16-9.gif\"><img decoding=\"async\" class=\"reveal_img img-responsive hidden-sm\" src=\"https:\/\/kopendoors.com\/wp-content\/themes\/kopen\/img\/size-square.gif\">\n\t\t\t\t\t\t<\/div>\n\t\t\t\t\t<\/div>\n\t\t\t\t\t<div class=\"block-revealer__element\"><\/div>\n\t\t\t\t<\/div>\n\t\t\t<\/div>\n\t\t<\/section>\n\t\t[\/vc_column][\/vc_row]<\/p>\n<\/section>","protected":false},"excerpt":{"rendered":"<p>[vc_row equal_height=&#8221;yes&#8221; content_placement=&#8221;middle&#8221; css=&#8221;.vc_custom_1669221088372{margin-top: 100px !important;margin-bottom: 100px !important;}&#8221; el_class=&#8221;maxwk&#8221;][vc_column width=&#8221;1\/2&#8243;][vc_column_text] Garantie Pour r\u00e9ussir votre entr\u00e9e, la soci\u00e9t\u00e9 Kopen b\u00e9n\u00e9ficie d\u2019un r\u00e9seau de revendeurs installateurs qualifi\u00e9s, en mesure de vous fournir toute l\u2019aide n\u00e9cessaire dans le choix du mod\u00e8le et la d\u00e9finition technique de votre porte. Les portes KOPEN sont con\u00e7ues pour donner \u00e0 l\u2019entr\u00e9e de [&hellip;]<\/p>\n","protected":false},"author":1,"featured_media":5783,"parent":0,"menu_order":0,"comment_status":"closed","ping_status":"closed","template":"template_header2.php","meta":{"footnotes":""},"class_list":["post-6488","page","type-page","status-publish","has-post-thumbnail","hentry"],"acf":[],"yoast_head":"<!-- This site is optimized with the Yoast SEO plugin v25.9 - https:\/\/yoast.com\/wordpress\/plugins\/seo\/ -->\n<title>Qualit\u00e9 - Kopen<\/title>\n<meta name=\"description\" content=\"Choisir une porte d\u2019entr\u00e9e Kopen signifie choisir le maximum de performance en terme d\u2019isolation thermique et acoustique, pour un produit garanti 15 ans, facile \u00e0 entretenir et qui va durer dans le temps.\" \/>\n<meta name=\"robots\" content=\"index, follow, max-snippet:-1, max-image-preview:large, max-video-preview:-1\" \/>\n<link rel=\"canonical\" href=\"https:\/\/kopendoors.com\/fr\/quality\/\" \/>\n<meta property=\"og:locale\" content=\"fr_FR\" \/>\n<meta property=\"og:type\" content=\"article\" \/>\n<meta property=\"og:title\" content=\"Qualit\u00e9 - Kopen\" \/>\n<meta property=\"og:description\" content=\"Choisir une porte d\u2019entr\u00e9e Kopen signifie choisir le maximum de performance en terme d\u2019isolation thermique et acoustique, pour un produit garanti 15 ans, facile \u00e0 entretenir et qui va durer dans le temps.\" \/>\n<meta property=\"og:url\" content=\"https:\/\/kopendoors.com\/fr\/quality\/\" \/>\n<meta property=\"og:site_name\" content=\"Kopen\" \/>\n<meta property=\"article:publisher\" content=\"https:\/\/www.facebook.com\/Kopendoors\" \/>\n<meta property=\"article:modified_time\" content=\"2022-12-04T16:21:47+00:00\" \/>\n<meta property=\"og:image\" content=\"https:\/\/kopendoors.com\/wp-content\/uploads\/2022\/11\/background-top-title-qualita.jpg\" \/>\n\t<meta property=\"og:image:width\" content=\"1920\" \/>\n\t<meta property=\"og:image:height\" content=\"514\" \/>\n\t<meta property=\"og:image:type\" content=\"image\/jpeg\" \/>\n<meta name=\"twitter:card\" content=\"summary_large_image\" \/>\n<meta name=\"twitter:site\" content=\"@Kopendoor\" \/>\n<meta name=\"twitter:label1\" content=\"Dur\u00e9e de lecture estim\u00e9e\" \/>\n\t<meta name=\"twitter:data1\" content=\"1 minute\" \/>\n<script type=\"application\/ld+json\" class=\"yoast-schema-graph\">{\"@context\":\"https:\/\/schema.org\",\"@graph\":[{\"@type\":\"WebPage\",\"@id\":\"https:\/\/kopendoors.com\/fr\/quality\/\",\"url\":\"https:\/\/kopendoors.com\/fr\/quality\/\",\"name\":\"Qualit\u00e9 - Kopen\",\"isPartOf\":{\"@id\":\"https:\/\/kopendoors.com\/it\/#website\"},\"primaryImageOfPage\":{\"@id\":\"https:\/\/kopendoors.com\/fr\/quality\/#primaryimage\"},\"image\":{\"@id\":\"https:\/\/kopendoors.com\/fr\/quality\/#primaryimage\"},\"thumbnailUrl\":\"https:\/\/kopendoors.com\/wp-content\/uploads\/2022\/11\/background-top-title-qualita.jpg\",\"datePublished\":\"2022-11-06T10:18:53+00:00\",\"dateModified\":\"2022-12-04T16:21:47+00:00\",\"description\":\"Choisir une porte d\u2019entr\u00e9e Kopen signifie choisir le maximum de performance en terme d\u2019isolation thermique et acoustique, pour un produit garanti 15 ans, facile \u00e0 entretenir et qui va durer dans le temps.\",\"inLanguage\":\"fr-FR\",\"potentialAction\":[{\"@type\":\"ReadAction\",\"target\":[\"https:\/\/kopendoors.com\/fr\/quality\/\"]}]},{\"@type\":\"ImageObject\",\"inLanguage\":\"fr-FR\",\"@id\":\"https:\/\/kopendoors.com\/fr\/quality\/#primaryimage\",\"url\":\"https:\/\/kopendoors.com\/wp-content\/uploads\/2022\/11\/background-top-title-qualita.jpg\",\"contentUrl\":\"https:\/\/kopendoors.com\/wp-content\/uploads\/2022\/11\/background-top-title-qualita.jpg\",\"width\":1920,\"height\":514,\"caption\":\"prodotti di qualit\u00e0 Kopen\"},{\"@type\":\"WebSite\",\"@id\":\"https:\/\/kopendoors.com\/it\/#website\",\"url\":\"https:\/\/kopendoors.com\/it\/\",\"name\":\"Kopen\",\"description\":\"Porte di Ingresso in Alluminio con Design Esclusivo. Belle e Personalizzabili. Garanzia 15 anni.\",\"potentialAction\":[{\"@type\":\"SearchAction\",\"target\":{\"@type\":\"EntryPoint\",\"urlTemplate\":\"https:\/\/kopendoors.com\/it\/?s={search_term_string}\"},\"query-input\":{\"@type\":\"PropertyValueSpecification\",\"valueRequired\":true,\"valueName\":\"search_term_string\"}}],\"inLanguage\":\"fr-FR\"}]}<\/script>\n<!-- \/ Yoast SEO plugin. -->","yoast_head_json":{"title":"Qualit\u00e9 - Kopen","description":"Choisir une porte d\u2019entr\u00e9e Kopen signifie choisir le maximum de performance en terme d\u2019isolation thermique et acoustique, pour un produit garanti 15 ans, facile \u00e0 entretenir et qui va durer dans le temps.","robots":{"index":"index","follow":"follow","max-snippet":"max-snippet:-1","max-image-preview":"max-image-preview:large","max-video-preview":"max-video-preview:-1"},"canonical":"https:\/\/kopendoors.com\/fr\/quality\/","og_locale":"fr_FR","og_type":"article","og_title":"Qualit\u00e9 - Kopen","og_description":"Choisir une porte d\u2019entr\u00e9e Kopen signifie choisir le maximum de performance en terme d\u2019isolation thermique et acoustique, pour un produit garanti 15 ans, facile \u00e0 entretenir et qui va durer dans le temps.","og_url":"https:\/\/kopendoors.com\/fr\/quality\/","og_site_name":"Kopen","article_publisher":"https:\/\/www.facebook.com\/Kopendoors","article_modified_time":"2022-12-04T16:21:47+00:00","og_image":[{"width":1920,"height":514,"url":"https:\/\/kopendoors.com\/wp-content\/uploads\/2022\/11\/background-top-title-qualita.jpg","type":"image\/jpeg"}],"twitter_card":"summary_large_image","twitter_site":"@Kopendoor","twitter_misc":{"Dur\u00e9e de lecture estim\u00e9e":"1 minute"},"schema":{"@context":"https:\/\/schema.org","@graph":[{"@type":"WebPage","@id":"https:\/\/kopendoors.com\/fr\/quality\/","url":"https:\/\/kopendoors.com\/fr\/quality\/","name":"Qualit\u00e9 - Kopen","isPartOf":{"@id":"https:\/\/kopendoors.com\/it\/#website"},"primaryImageOfPage":{"@id":"https:\/\/kopendoors.com\/fr\/quality\/#primaryimage"},"image":{"@id":"https:\/\/kopendoors.com\/fr\/quality\/#primaryimage"},"thumbnailUrl":"https:\/\/kopendoors.com\/wp-content\/uploads\/2022\/11\/background-top-title-qualita.jpg","datePublished":"2022-11-06T10:18:53+00:00","dateModified":"2022-12-04T16:21:47+00:00","description":"Choisir une porte d\u2019entr\u00e9e Kopen signifie choisir le maximum de performance en terme d\u2019isolation thermique et acoustique, pour un produit garanti 15 ans, facile \u00e0 entretenir et qui va durer dans le temps.","inLanguage":"fr-FR","potentialAction":[{"@type":"ReadAction","target":["https:\/\/kopendoors.com\/fr\/quality\/"]}]},{"@type":"ImageObject","inLanguage":"fr-FR","@id":"https:\/\/kopendoors.com\/fr\/quality\/#primaryimage","url":"https:\/\/kopendoors.com\/wp-content\/uploads\/2022\/11\/background-top-title-qualita.jpg","contentUrl":"https:\/\/kopendoors.com\/wp-content\/uploads\/2022\/11\/background-top-title-qualita.jpg","width":1920,"height":514,"caption":"prodotti di qualit\u00e0 Kopen"},{"@type":"WebSite","@id":"https:\/\/kopendoors.com\/it\/#website","url":"https:\/\/kopendoors.com\/it\/","name":"Kopen","description":"Porte di Ingresso in Alluminio con Design Esclusivo. Belle e Personalizzabili. Garanzia 15 anni.","potentialAction":[{"@type":"SearchAction","target":{"@type":"EntryPoint","urlTemplate":"https:\/\/kopendoors.com\/it\/?s={search_term_string}"},"query-input":{"@type":"PropertyValueSpecification","valueRequired":true,"valueName":"search_term_string"}}],"inLanguage":"fr-FR"}]}},"_links":{"self":[{"href":"https:\/\/kopendoors.com\/fr\/wp-json\/wp\/v2\/pages\/6488","targetHints":{"allow":["GET"]}}],"collection":[{"href":"https:\/\/kopendoors.com\/fr\/wp-json\/wp\/v2\/pages"}],"about":[{"href":"https:\/\/kopendoors.com\/fr\/wp-json\/wp\/v2\/types\/page"}],"author":[{"embeddable":true,"href":"https:\/\/kopendoors.com\/fr\/wp-json\/wp\/v2\/users\/1"}],"replies":[{"embeddable":true,"href":"https:\/\/kopendoors.com\/fr\/wp-json\/wp\/v2\/comments?post=6488"}],"version-history":[{"count":6,"href":"https:\/\/kopendoors.com\/fr\/wp-json\/wp\/v2\/pages\/6488\/revisions"}],"predecessor-version":[{"id":6651,"href":"https:\/\/kopendoors.com\/fr\/wp-json\/wp\/v2\/pages\/6488\/revisions\/6651"}],"wp:featuredmedia":[{"embeddable":true,"href":"https:\/\/kopendoors.com\/fr\/wp-json\/wp\/v2\/media\/5783"}],"wp:attachment":[{"href":"https:\/\/kopendoors.com\/fr\/wp-json\/wp\/v2\/media?parent=6488"}],"curies":[{"name":"wp","href":"https:\/\/api.w.org\/{rel}","templated":true}]}}