{"id":6456,"date":"2022-11-06T11:19:32","date_gmt":"2022-11-06T10:19:32","guid":{"rendered":"https:\/\/kopendoors.com\/glass\/"},"modified":"2022-12-13T10:46:05","modified_gmt":"2022-12-13T09:46:05","slug":"glass","status":"publish","type":"page","link":"https:\/\/kopendoors.com\/fr\/glass\/","title":{"rendered":"Vitrages"},"content":{"rendered":"<section class=\"wpb-content-wrapper\"><p>[vc_row css=&#8221;.vc_custom_1669221605983{margin-top: 100px !important;margin-bottom: 100px !important;}&#8221; el_class=&#8221;maxwk&#8221;][vc_column width=&#8221;5\/6&#8243; offset=&#8221;vc_col-md-6 vc_col-xs-12&#8243;][vc_column_text]La gamme Vitrum KOPEN est con\u00e7ue dans le but de valoriser le concept du verre dans la construction et l\u2019ameublement en le faisant devenir un vecteur valorisant de la conception architecturale dans l\u2019\u00e9l\u00e9ment de la porte d\u2019entr\u00e9e.<\/p>\n<p>&nbsp;<\/p>\n<p>Finition satin\u00e9e, gravure, sablage et laquage, les traitements qui donnent aux vitres de la ligne KOPEN un haut degr\u00e9 de sophistication, qui apporte la lumi\u00e8re dans la maison, cr\u00e9ant une gamme de motifs d\u00e9coratifs, de textures discr\u00e8tes qui entrent en harmonie avec tous les styles d\u2019ameublement et les nouvelles tendances architecturales.<\/p>\n<p>&nbsp;<\/p>\n<p>Le vitrage de la porte d\u2019entr\u00e9e KOPEN est compos\u00e9 de 2 verres de s\u00e9curit\u00e9 33.1 ext\u00e9rieur et int\u00e9rieur, de 2 verres de 4 mm au milieu et de 3 chambres d\u2019isolation (1). Pour les parties lat\u00e9rales, le vitrage est \u00e0 2 chambres (2). La parfaite uniformit\u00e9 et la constance qualitative sont la marque de la gamme de vitrage KOPEN avec la garantie d\u2019un produit con\u00e7u pour durer dans le temps.[\/vc_column_text][\/vc_column][vc_column width=&#8221;1\/6&#8243; offset=&#8221;vc_col-lg-6 vc_col-md-6 vc_col-xs-12&#8243;][vc_row_inner][vc_column_inner offset=&#8221;vc_col-lg-6 vc_col-md-6&#8243;][vc_single_image image=&#8221;5817&#8243; img_size=&#8221;full&#8221; alignment=&#8221;center&#8221; el_class=&#8221;fullw&#8221;][vc_column_text]<\/p>\n<p style=\"text-align: center;\"><strong>Vitre porte d\u2019entr\u00e9e<\/strong><\/p>\n<p>[\/vc_column_text][\/vc_column_inner][vc_column_inner offset=&#8221;vc_col-lg-6 vc_col-md-6&#8243;][vc_single_image image=&#8221;5822&#8243; img_size=&#8221;full&#8221; alignment=&#8221;center&#8221; el_class=&#8221;fullw&#8221;][vc_column_text]<\/p>\n<p style=\"text-align: center;\"><strong>Vitre panneau<\/strong><\/p>\n<p>[\/vc_column_text][\/vc_column_inner][\/vc_row_inner][\/vc_column][\/vc_row][vc_row css=&#8221;.vc_custom_1668002163097{padding-top: 100px !important;padding-bottom: 100px !important;background-color: #f5f5f5 !important;}&#8221;][vc_column][vc_row_inner el_class=&#8221;maxwk&#8221;][vc_column_inner][vc_column_text css=&#8221;.vc_custom_1668001295184{margin-bottom: 40px !important;}&#8221;]<\/p>\n<h2 style=\"text-align: center;\"><strong>Vitrages standard<\/strong><\/h2>\n<p>[\/vc_column_text][\/vc_column_inner][\/vc_row_inner][vc_row_inner el_class=&#8221;maxwk&#8221;][vc_column_inner width=&#8221;1\/3&#8243;][vc_single_image image=&#8221;5833&#8243; img_size=&#8221;full&#8221; alignment=&#8221;center&#8221; el_class=&#8221;fullw&#8221;][vc_column_text]<\/p>\n<p style=\"text-align: center;\"><strong>Sabl\u00e9 blanc<\/strong><br \/>\nVTC 003 J13<\/p>\n<p>[\/vc_column_text][\/vc_column_inner][vc_column_inner width=&#8221;1\/3&#8243;][vc_single_image image=&#8221;5838&#8243; img_size=&#8221;full&#8221; alignment=&#8221;center&#8221; el_class=&#8221;fullw&#8221;][vc_column_text]<\/p>\n<p style=\"text-align: center;\"><strong>Sabl\u00e9 bronze<\/strong><br \/>\nVTC 003 J14<\/p>\n<p>[\/vc_column_text][\/vc_column_inner][vc_column_inner width=&#8221;1\/3&#8243;][vc_single_image image=&#8221;5842&#8243; img_size=&#8221;full&#8221; alignment=&#8221;center&#8221; el_class=&#8221;fullw&#8221;][vc_column_text]<\/p>\n<p style=\"text-align: center;\"><strong>Sabl\u00e9 Fum\u00e9<\/strong><br \/>\nVTC 003 J15<\/p>\n<p>[\/vc_column_text][\/vc_column_inner][\/vc_row_inner][\/vc_column][\/vc_row][vc_row css=&#8221;.vc_custom_1669221718533{padding-top: 100px !important;padding-bottom: 100px !important;}&#8221; el_class=&#8221;maxwk&#8221;][vc_column][vc_column_text css=&#8221;.vc_custom_1668002203736{margin-bottom: 40px !important;}&#8221;]<\/p>\n<h2 style=\"text-align: center;\"><strong>Vitrages avec motifs<\/strong><\/h2>\n<p>[\/vc_column_text][vc_row_inner content_placement=&#8221;top&#8221; el_class=&#8221;maxw1000&#8243; css=&#8221;.vc_custom_1668002851881{border-top-width: 1px !important;border-top-color: #e6e6e6 !important;border-top-style: solid !important;}&#8221;][vc_column_inner width=&#8221;1\/4&#8243;][vc_single_image image=&#8221;5852&#8243; img_size=&#8221;large&#8221; alignment=&#8221;center&#8221; el_class=&#8221;fullw&#8221;][vc_column_text]<\/p>\n<p style=\"text-align: center;\"><strong>VTC 003 J16<\/strong><\/p>\n<p>[\/vc_column_text][\/vc_column_inner][vc_column_inner width=&#8221;1\/4&#8243; css=&#8221;.vc_custom_1668002675058{margin-bottom: 20px !important;}&#8221;][vc_single_image image=&#8221;5848&#8243; img_size=&#8221;large&#8221; alignment=&#8221;center&#8221; el_class=&#8221;fullw&#8221;][vc_column_text]<\/p>\n<p style=\"text-align: center;\"><strong>VTC 003 J17<\/strong><\/p>\n<p>[\/vc_column_text][\/vc_column_inner][vc_column_inner width=&#8221;1\/2&#8243; css=&#8221;.vc_custom_1668002933982{margin-bottom: 30px !important;}&#8221;][vc_column_text]<\/p>\n<h4><strong>LINEAR<\/strong><\/h4>\n<p>&nbsp;<\/p>\n<p>Points et lignes dessin\u00e9s sur le verre enrichissent et transmettent des vibrations d\u2019\u00e9nergie.[\/vc_column_text][\/vc_column_inner][\/vc_row_inner][vc_row_inner content_placement=&#8221;top&#8221; el_class=&#8221;maxw1000&#8243; css=&#8221;.vc_custom_1668002851881{border-top-width: 1px !important;border-top-color: #e6e6e6 !important;border-top-style: solid !important;}&#8221;][vc_column_inner width=&#8221;1\/4&#8243;][vc_single_image image=&#8221;5866&#8243; img_size=&#8221;large&#8221; alignment=&#8221;center&#8221; el_class=&#8221;fullw&#8221;][vc_column_text]<\/p>\n<p style=\"text-align: center;\"><strong>VTC 003 J18<\/strong><\/p>\n<p>[\/vc_column_text][\/vc_column_inner][vc_column_inner width=&#8221;1\/4&#8243; css=&#8221;.vc_custom_1668002675058{margin-bottom: 20px !important;}&#8221;][vc_single_image image=&#8221;5862&#8243; img_size=&#8221;large&#8221; alignment=&#8221;center&#8221; el_class=&#8221;fullw&#8221;][vc_column_text]<\/p>\n<p style=\"text-align: center;\"><strong>VTC 003 J19<\/strong><\/p>\n<p>[\/vc_column_text][\/vc_column_inner][vc_column_inner width=&#8221;1\/2&#8243; css=&#8221;.vc_custom_1668002933982{margin-bottom: 30px !important;}&#8221;][vc_column_text]<\/p>\n<h4><strong>MATERICA<\/strong><\/h4>\n<p>&nbsp;<\/p>\n<p>Mat\u00e9riaux, textures, atmosph\u00e8res trouvent dans le verre de nouvelles expressions \u00e0 travers des techniques sp\u00e9ciales de traitement qui en changent la surface par rapport \u00e0 l\u2019effet visuel et tactile souhait\u00e9 et en font un composant unique pour l\u2019architecture et le design.[\/vc_column_text][\/vc_column_inner][\/vc_row_inner][vc_row_inner content_placement=&#8221;top&#8221; el_class=&#8221;maxw1000&#8243; css=&#8221;.vc_custom_1668002851881{border-top-width: 1px !important;border-top-color: #e6e6e6 !important;border-top-style: solid !important;}&#8221;][vc_column_inner width=&#8221;1\/4&#8243;][\/vc_column_inner][vc_column_inner width=&#8221;1\/4&#8243; css=&#8221;.vc_custom_1668002675058{margin-bottom: 20px !important;}&#8221;][vc_single_image image=&#8221;5870&#8243; img_size=&#8221;large&#8221; alignment=&#8221;center&#8221; el_class=&#8221;fullw&#8221;][vc_column_text]<\/p>\n<p style=\"text-align: center;\"><strong>VTC 003 J20<\/strong><\/p>\n<p>[\/vc_column_text][\/vc_column_inner][vc_column_inner width=&#8221;1\/2&#8243; css=&#8221;.vc_custom_1668002933982{margin-bottom: 30px !important;}&#8221;][vc_column_text]<\/p>\n<h4><strong>DESIGN<\/strong><\/h4>\n<p>&nbsp;<\/p>\n<p>La technologie et la cr\u00e9ativit\u00e9 pour de nouveaux mod\u00e8les qui donnent une emprunte au mobilier et enrichissent l\u2019espace d\u2019entr\u00e9e gr\u00e2ce \u00e0 la l\u00e9g\u00e8ret\u00e9 des finitions satin\u00e9es et incisions profondes de pr\u00e9cision, renforc\u00e9es par la vivacit\u00e9 de l\u2019email.[\/vc_column_text][\/vc_column_inner][\/vc_row_inner][\/vc_column][\/vc_row]<\/p>\n<\/section>","protected":false},"excerpt":{"rendered":"<p>[vc_row css=&#8221;.vc_custom_1669221605983{margin-top: 100px !important;margin-bottom: 100px !important;}&#8221; el_class=&#8221;maxwk&#8221;][vc_column width=&#8221;5\/6&#8243; offset=&#8221;vc_col-md-6 vc_col-xs-12&#8243;][vc_column_text]La gamme Vitrum KOPEN est con\u00e7ue dans le but de valoriser le concept du verre dans la construction et l\u2019ameublement en le faisant devenir un vecteur valorisant de la conception architecturale dans l\u2019\u00e9l\u00e9ment de la porte d\u2019entr\u00e9e. &nbsp; Finition satin\u00e9e, gravure, sablage et laquage, les traitements [&hellip;]<\/p>\n","protected":false},"author":1,"featured_media":5812,"parent":0,"menu_order":0,"comment_status":"closed","ping_status":"closed","template":"template_header.php","meta":{"footnotes":""},"class_list":["post-6456","page","type-page","status-publish","has-post-thumbnail","hentry"],"acf":[],"yoast_head":"<!-- This site is optimized with the Yoast SEO plugin v25.9 - https:\/\/yoast.com\/wordpress\/plugins\/seo\/ -->\n<title>Vitrages - Kopen<\/title>\n<meta name=\"description\" content=\"Finition satin\u00e9e, gravure, sablage et laquage, les traitements qui donnent aux vitres de la ligne KOPEN un haut degr\u00e9 de sophistication, qui apporte la lumi\u00e8re dans la maison, cr\u00e9ant une gamme de motifs d\u00e9coratifs, de textures discr\u00e8tes qui entrent en harmonie avec tous les styles d\u2019ameublement et les nouvelles tendances architecturales.\" \/>\n<meta name=\"robots\" content=\"index, follow, max-snippet:-1, max-image-preview:large, max-video-preview:-1\" \/>\n<link rel=\"canonical\" href=\"https:\/\/kopendoors.com\/fr\/glass\/\" \/>\n<meta property=\"og:locale\" content=\"fr_FR\" \/>\n<meta property=\"og:type\" content=\"article\" \/>\n<meta property=\"og:title\" content=\"Vitrages - Kopen\" \/>\n<meta property=\"og:description\" content=\"Finition satin\u00e9e, gravure, sablage et laquage, les traitements qui donnent aux vitres de la ligne KOPEN un haut degr\u00e9 de sophistication, qui apporte la lumi\u00e8re dans la maison, cr\u00e9ant une gamme de motifs d\u00e9coratifs, de textures discr\u00e8tes qui entrent en harmonie avec tous les styles d\u2019ameublement et les nouvelles tendances architecturales.\" \/>\n<meta property=\"og:url\" content=\"https:\/\/kopendoors.com\/fr\/glass\/\" \/>\n<meta property=\"og:site_name\" content=\"Kopen\" \/>\n<meta property=\"article:publisher\" content=\"https:\/\/www.facebook.com\/Kopendoors\" \/>\n<meta property=\"article:modified_time\" content=\"2022-12-13T09:46:05+00:00\" \/>\n<meta property=\"og:image\" content=\"https:\/\/kopendoors.com\/wp-content\/uploads\/2022\/11\/top-title-others.jpg\" \/>\n\t<meta property=\"og:image:width\" content=\"1920\" \/>\n\t<meta property=\"og:image:height\" content=\"514\" \/>\n\t<meta property=\"og:image:type\" content=\"image\/jpeg\" \/>\n<meta name=\"twitter:card\" content=\"summary_large_image\" \/>\n<meta name=\"twitter:site\" content=\"@Kopendoor\" \/>\n<meta name=\"twitter:label1\" content=\"Dur\u00e9e de lecture estim\u00e9e\" \/>\n\t<meta name=\"twitter:data1\" content=\"4 minutes\" \/>\n<script type=\"application\/ld+json\" class=\"yoast-schema-graph\">{\"@context\":\"https:\/\/schema.org\",\"@graph\":[{\"@type\":\"WebPage\",\"@id\":\"https:\/\/kopendoors.com\/fr\/glass\/\",\"url\":\"https:\/\/kopendoors.com\/fr\/glass\/\",\"name\":\"Vitrages - Kopen\",\"isPartOf\":{\"@id\":\"https:\/\/kopendoors.com\/it\/#website\"},\"primaryImageOfPage\":{\"@id\":\"https:\/\/kopendoors.com\/fr\/glass\/#primaryimage\"},\"image\":{\"@id\":\"https:\/\/kopendoors.com\/fr\/glass\/#primaryimage\"},\"thumbnailUrl\":\"https:\/\/kopendoors.com\/wp-content\/uploads\/2022\/11\/top-title-others.jpg\",\"datePublished\":\"2022-11-06T10:19:32+00:00\",\"dateModified\":\"2022-12-13T09:46:05+00:00\",\"description\":\"Finition satin\u00e9e, gravure, sablage et laquage, les traitements qui donnent aux vitres de la ligne KOPEN un haut degr\u00e9 de sophistication, qui apporte la lumi\u00e8re dans la maison, cr\u00e9ant une gamme de motifs d\u00e9coratifs, de textures discr\u00e8tes qui entrent en harmonie avec tous les styles d\u2019ameublement et les nouvelles tendances architecturales.\",\"inLanguage\":\"fr-FR\",\"potentialAction\":[{\"@type\":\"ReadAction\",\"target\":[\"https:\/\/kopendoors.com\/fr\/glass\/\"]}]},{\"@type\":\"ImageObject\",\"inLanguage\":\"fr-FR\",\"@id\":\"https:\/\/kopendoors.com\/fr\/glass\/#primaryimage\",\"url\":\"https:\/\/kopendoors.com\/wp-content\/uploads\/2022\/11\/top-title-others.jpg\",\"contentUrl\":\"https:\/\/kopendoors.com\/wp-content\/uploads\/2022\/11\/top-title-others.jpg\",\"width\":1920,\"height\":514,\"caption\":\"raffinatezza prodotti Kopen\"},{\"@type\":\"WebSite\",\"@id\":\"https:\/\/kopendoors.com\/it\/#website\",\"url\":\"https:\/\/kopendoors.com\/it\/\",\"name\":\"Kopen\",\"description\":\"Porte di Ingresso in Alluminio con Design Esclusivo. Belle e Personalizzabili. Garanzia 15 anni.\",\"potentialAction\":[{\"@type\":\"SearchAction\",\"target\":{\"@type\":\"EntryPoint\",\"urlTemplate\":\"https:\/\/kopendoors.com\/it\/?s={search_term_string}\"},\"query-input\":{\"@type\":\"PropertyValueSpecification\",\"valueRequired\":true,\"valueName\":\"search_term_string\"}}],\"inLanguage\":\"fr-FR\"}]}<\/script>\n<!-- \/ Yoast SEO plugin. -->","yoast_head_json":{"title":"Vitrages - Kopen","description":"Finition satin\u00e9e, gravure, sablage et laquage, les traitements qui donnent aux vitres de la ligne KOPEN un haut degr\u00e9 de sophistication, qui apporte la lumi\u00e8re dans la maison, cr\u00e9ant une gamme de motifs d\u00e9coratifs, de textures discr\u00e8tes qui entrent en harmonie avec tous les styles d\u2019ameublement et les nouvelles tendances architecturales.","robots":{"index":"index","follow":"follow","max-snippet":"max-snippet:-1","max-image-preview":"max-image-preview:large","max-video-preview":"max-video-preview:-1"},"canonical":"https:\/\/kopendoors.com\/fr\/glass\/","og_locale":"fr_FR","og_type":"article","og_title":"Vitrages - Kopen","og_description":"Finition satin\u00e9e, gravure, sablage et laquage, les traitements qui donnent aux vitres de la ligne KOPEN un haut degr\u00e9 de sophistication, qui apporte la lumi\u00e8re dans la maison, cr\u00e9ant une gamme de motifs d\u00e9coratifs, de textures discr\u00e8tes qui entrent en harmonie avec tous les styles d\u2019ameublement et les nouvelles tendances architecturales.","og_url":"https:\/\/kopendoors.com\/fr\/glass\/","og_site_name":"Kopen","article_publisher":"https:\/\/www.facebook.com\/Kopendoors","article_modified_time":"2022-12-13T09:46:05+00:00","og_image":[{"width":1920,"height":514,"url":"https:\/\/kopendoors.com\/wp-content\/uploads\/2022\/11\/top-title-others.jpg","type":"image\/jpeg"}],"twitter_card":"summary_large_image","twitter_site":"@Kopendoor","twitter_misc":{"Dur\u00e9e de lecture estim\u00e9e":"4 minutes"},"schema":{"@context":"https:\/\/schema.org","@graph":[{"@type":"WebPage","@id":"https:\/\/kopendoors.com\/fr\/glass\/","url":"https:\/\/kopendoors.com\/fr\/glass\/","name":"Vitrages - Kopen","isPartOf":{"@id":"https:\/\/kopendoors.com\/it\/#website"},"primaryImageOfPage":{"@id":"https:\/\/kopendoors.com\/fr\/glass\/#primaryimage"},"image":{"@id":"https:\/\/kopendoors.com\/fr\/glass\/#primaryimage"},"thumbnailUrl":"https:\/\/kopendoors.com\/wp-content\/uploads\/2022\/11\/top-title-others.jpg","datePublished":"2022-11-06T10:19:32+00:00","dateModified":"2022-12-13T09:46:05+00:00","description":"Finition satin\u00e9e, gravure, sablage et laquage, les traitements qui donnent aux vitres de la ligne KOPEN un haut degr\u00e9 de sophistication, qui apporte la lumi\u00e8re dans la maison, cr\u00e9ant une gamme de motifs d\u00e9coratifs, de textures discr\u00e8tes qui entrent en harmonie avec tous les styles d\u2019ameublement et les nouvelles tendances architecturales.","inLanguage":"fr-FR","potentialAction":[{"@type":"ReadAction","target":["https:\/\/kopendoors.com\/fr\/glass\/"]}]},{"@type":"ImageObject","inLanguage":"fr-FR","@id":"https:\/\/kopendoors.com\/fr\/glass\/#primaryimage","url":"https:\/\/kopendoors.com\/wp-content\/uploads\/2022\/11\/top-title-others.jpg","contentUrl":"https:\/\/kopendoors.com\/wp-content\/uploads\/2022\/11\/top-title-others.jpg","width":1920,"height":514,"caption":"raffinatezza prodotti Kopen"},{"@type":"WebSite","@id":"https:\/\/kopendoors.com\/it\/#website","url":"https:\/\/kopendoors.com\/it\/","name":"Kopen","description":"Porte di Ingresso in Alluminio con Design Esclusivo. Belle e Personalizzabili. Garanzia 15 anni.","potentialAction":[{"@type":"SearchAction","target":{"@type":"EntryPoint","urlTemplate":"https:\/\/kopendoors.com\/it\/?s={search_term_string}"},"query-input":{"@type":"PropertyValueSpecification","valueRequired":true,"valueName":"search_term_string"}}],"inLanguage":"fr-FR"}]}},"_links":{"self":[{"href":"https:\/\/kopendoors.com\/fr\/wp-json\/wp\/v2\/pages\/6456","targetHints":{"allow":["GET"]}}],"collection":[{"href":"https:\/\/kopendoors.com\/fr\/wp-json\/wp\/v2\/pages"}],"about":[{"href":"https:\/\/kopendoors.com\/fr\/wp-json\/wp\/v2\/types\/page"}],"author":[{"embeddable":true,"href":"https:\/\/kopendoors.com\/fr\/wp-json\/wp\/v2\/users\/1"}],"replies":[{"embeddable":true,"href":"https:\/\/kopendoors.com\/fr\/wp-json\/wp\/v2\/comments?post=6456"}],"version-history":[{"count":30,"href":"https:\/\/kopendoors.com\/fr\/wp-json\/wp\/v2\/pages\/6456\/revisions"}],"predecessor-version":[{"id":6764,"href":"https:\/\/kopendoors.com\/fr\/wp-json\/wp\/v2\/pages\/6456\/revisions\/6764"}],"wp:featuredmedia":[{"embeddable":true,"href":"https:\/\/kopendoors.com\/fr\/wp-json\/wp\/v2\/media\/5812"}],"wp:attachment":[{"href":"https:\/\/kopendoors.com\/fr\/wp-json\/wp\/v2\/media?parent=6456"}],"curies":[{"name":"wp","href":"https:\/\/api.w.org\/{rel}","templated":true}]}}