{"id":6438,"date":"2022-11-06T11:17:34","date_gmt":"2022-11-06T10:17:34","guid":{"rendered":"https:\/\/kopendoors.com\/kds\/"},"modified":"2023-07-07T15:15:30","modified_gmt":"2023-07-07T13:15:30","slug":"kds-100","status":"publish","type":"page","link":"https:\/\/kopendoors.com\/fr\/kds-100\/","title":{"rendered":"Innovation KDS 100"},"content":{"rendered":"<section class=\"wpb-content-wrapper\"><p>[vc_row css=&#8221;.vc_custom_1669219623878{margin-top: 50px !important;}&#8221; el_class=&#8221;maxwk&#8221;][vc_column offset=&#8221;vc_col-lg-offset-0 vc_col-lg-12&#8243; css=&#8221;.vc_custom_1669219856213{margin-bottom: 0px !important;}&#8221;][vc_column_text]<\/p>\n<h3 style=\"text-align: center;\">Le\u00a0<span style=\"color: #cb272b;\">Syst\u00e8me KDS 100<\/span>\u00a0est un syst\u00e8me innovant et exclusif con\u00e7u par Kopen pour la r\u00e9alisation de portes d\u2019entr\u00e9e en aluminium de tr\u00e8s haute performance aussi bien au niveau thermique qu\u2019au niveau de la s\u00e9curit\u00e9.<\/h3>\n<p>[\/vc_column_text][\/vc_column][\/vc_row][vc_row css=&#8221;.vc_custom_1669219614147{border-bottom-width: 1px !important;padding-bottom: 40px !important;border-bottom-color: #e6e6e6 !important;border-bottom-style: solid !important;}&#8221; el_class=&#8221;maxwk&#8221;][vc_column width=&#8221;1\/2&#8243; offset=&#8221;vc_col-lg-offset-0 vc_col-lg-6&#8243;][vc_column_text]Le Syst\u00e8me KDS 100 est syst\u00e8me brevet\u00e9 \u00e0 rupture de pont thermique compos\u00e9 de profils extrud\u00e9s en aluminium de premi\u00e8re qualit\u00e9 avec un cadre de 84 mm et un ouvrant de 98\/102\/121 mm selon la solution choisie.[\/vc_column_text][\/vc_column][vc_column width=&#8221;1\/2&#8243; offset=&#8221;vc_col-lg-6&#8243;][vc_column_text]Gr\u00e2ce \u00e0 l\u2019innovation, \u00e0 la recherche et au d\u00e9veloppement, Kopen pr\u00e9sente, avec le catalogue des portes d\u2019entr\u00e9e 2018, de nouvelles solutions qui permettent de varier le mat\u00e9riau de rev\u00eatement int\u00e9rieur et ext\u00e9rieur de l\u2019ensemble de ses portes d\u2019entr\u00e9e, vous permettant de choisir entre le bois et l\u2019aluminium.[\/vc_column_text][\/vc_column][\/vc_row][vc_row equal_height=&#8221;yes&#8221; content_placement=&#8221;middle&#8221; css=&#8221;.vc_custom_1669219629658{border-bottom-width: 1px !important;padding-bottom: 40px !important;border-bottom-color: #e6e6e6 !important;border-bottom-style: solid !important;}&#8221; el_class=&#8221;maxwk&#8221;][vc_column width=&#8221;1\/2&#8243; offset=&#8221;vc_col-lg-offset-0 vc_col-lg-6 vc_col-md-5&#8243;][vc_single_image image=&#8221;5401&#8243; img_size=&#8221;large&#8221; alignment=&#8221;center&#8221;][vc_column_text]<\/p>\n<p style=\"text-align: center;\"><strong>ISOLATION THERMIQUE<\/strong><\/p>\n<p style=\"text-align: center;\">(UNI EN ISO 12567-2)<br \/>\nJusqu&#8217;\u00e0 Ud 0,68 W\/mq\u00b0K<\/p>\n<p>[\/vc_column_text][\/vc_column][vc_column width=&#8221;1\/2&#8243; offset=&#8221;vc_col-lg-offset-0 vc_col-lg-6 vc_col-md-7&#8243;][vc_column_text]<\/p>\n<h2 style=\"text-align: center;\"><strong>\u00c9conomie d\u2019\u00e9nergie.<\/strong><\/h2>\n<p>&nbsp;<\/p>\n<p style=\"text-align: center;\">Le syst\u00e8me KDS 100 a \u00e9t\u00e9 con\u00e7u pour offrir le maximum de performances en termes d\u2019\u00e9conomies d\u2019\u00e9nergie et de r\u00e9pondre pleinement aux exigences de la r\u00e9glementation en vigueur.<\/p>\n<p>[\/vc_column_text][\/vc_column][\/vc_row][vc_row][vc_column css=&#8221;.vc_custom_1667913340118{margin-top: 40px !important;margin-bottom: 40px !important;padding-top: 0px !important;padding-right: 0px !important;padding-bottom: 0px !important;padding-left: 0px !important;}&#8221;]\n\t\t<section class=\"reveal-box lay2\">\n\t\t\t<div class=\"reveal_main reveal_right\">\n\t\t\t\t<div data-reveal=\"home\" data-reveal-bgcolor=\"#c4bfbf\" data-reveal-direction=\"lr\" data-reveal-duration=\"800\"  data-reveal-cover-area=\"0\" class=\"reveal_cont-img block-revealer\">\n\t\t\t\t\t<div class=\"reveal_cont-img block-revealer\">\n\t\t\t\t\t\t<div class=\"reveal_img image-bg image-large\" style=\"background-image: url(https:\/\/kopendoors.com\/wp-content\/uploads\/2022\/11\/reveal-ghost.jpg);\">\n\t\t\t\t\t\t\t<img decoding=\"async\" class=\"reveal_img img-responsive\" src=\"https:\/\/kopendoors.com\/wp-content\/themes\/kopen\/img\/size-16-9.gif\">\n\t\t\t\t\t\t<\/div>\n\t\t\t\t\t<\/div>\n\t\t\t\t\t<div class=\"block-revealer__element\"><\/div>\n\t\t\t\t<\/div>\n\t\t\t\t<div data-reveal-text=\"\" data-reveal-offset=\"-100\" data-reveal-delay=\"400\" class=\"reveal_cont-text reveal-bg\" style=\"background:#c4bfbf; color:#000000 !important;\">\n\t\t\t\t\t<\/p>\n<h2>Syst\u00e8me <strong>Ghost<\/strong><\/h2>\n<p>Le syst\u00e8me standard est configur\u00e9 avec un ouvrant \u00e0 recouvrement int\u00e9rieur et affleurant ext\u00e9rieur, il comporte 3 joints d\u2019\u00e9tanch\u00e9it\u00e9. Le nouveau syst\u00e8me GHOST est le syst\u00e8me \u00e0 paumelles cach\u00e9es; le triple joint d\u2019\u00e9tanch\u00e9it\u00e9 \u00e9tant toujours pr\u00e9sent, le design de ce syst\u00e8me est incomparable.\n\t\t\t\t\t\n\t\t\t\t<\/div>\n\t\t\t<\/div>\n\t\t<\/section>\n\t\t[\/vc_column][\/vc_row][vc_row][vc_column css=&#8221;.vc_custom_1667913347118{margin-bottom: 40px !important;padding-top: 0px !important;padding-right: 0px !important;padding-bottom: 0px !important;padding-left: 0px !important;}&#8221;]\n\t\t<section class=\"reveal-box lay2\">\n\t\t\t<div class=\"reveal_main \">\n\t\t\t\t<div data-reveal=\"home\" data-reveal-bgcolor=\"#c4bfbf\" data-reveal-direction=\"rl\" data-reveal-duration=\"800\"  data-reveal-cover-area=\"0\" class=\"reveal_cont-img block-revealer\">\n\t\t\t\t\t<div class=\"reveal_cont-img block-revealer\">\n\t\t\t\t\t\t<div class=\"reveal_img image-bg image-large\" style=\"background-image: url(https:\/\/kopendoors.com\/wp-content\/uploads\/2022\/11\/reveal-bilico.jpg);\">\n\t\t\t\t\t\t\t<img decoding=\"async\" class=\"reveal_img img-responsive\" src=\"https:\/\/kopendoors.com\/wp-content\/themes\/kopen\/img\/size-16-9.gif\">\n\t\t\t\t\t\t<\/div>\n\t\t\t\t\t<\/div>\n\t\t\t\t\t<div class=\"block-revealer__element\"><\/div>\n\t\t\t\t<\/div>\n\t\t\t\t<div data-reveal-text=\"\" data-reveal-offset=\"-100\" data-reveal-delay=\"400\" class=\"reveal_cont-text reveal-bg\" style=\"background:#c4bfbf; color:#000000 !important;\">\n\t\t\t\t\t<\/p>\n<h2>Syst\u00e8me <strong>Pivot<\/strong><\/h2>\n<p>Kopen propose \u00e9galement la nouvelle solution PIVOT, c\u2019est-\u00e0-dire la porte d\u2019entr\u00e9e en aluminium avec ouverture pivotante qui permet de r\u00e9aliser des portes de dimensions jusqu\u2019\u00e0 1.300 x 2.800 mm et pour les mod\u00e8les de la ligne Effect jusqu\u2019\u00e0 1.800 x 3.000 mm.\n\t\t\t\t\t\n\t\t\t\t<\/div>\n\t\t\t<\/div>\n\t\t<\/section>\n\t\t[\/vc_column][\/vc_row][vc_row][vc_column][vc_column_text css=&#8221;.vc_custom_1667914610198{padding-top: 40px !important;}&#8221;]<\/p>\n<h2 style=\"text-align: center;\"><strong>Solutions Kopen<\/strong><\/h2>\n<p>[\/vc_column_text][\/vc_column][\/vc_row][vc_row el_class=&#8221;soluzionikopen&#8221; css=&#8221;.vc_custom_1667914616098{margin-top: 40px !important;}&#8221;][vc_column width=&#8221;1\/3&#8243;][vc_column_text]<\/p>\n<h4><span style=\"color: #cb272b;\">KDS100<\/span><\/h4>\n<p>Porte pleine Cadre int\u00e9rieur et ext\u00e9rieur: aluminium Panneau int\u00e9rieur et ext\u00e9rieur aluminium, \u00e9paisseur 2,5 mm[\/vc_column_text][vc_single_image image=&#8221;5630&#8243; img_size=&#8221;large&#8221; alignment=&#8221;center&#8221;][\/vc_column][vc_column width=&#8221;1\/3&#8243;][vc_column_text]<\/p>\n<h4><span style=\"color: #cb272b;\">KDS100V<\/span><\/h4>\n<p>Porte vitr\u00e9e Cadre int\u00e9rieur et ext\u00e9rieur: aluminium Panneau int\u00e9rieur et ext\u00e9rieur aluminium, \u00e9paisseur 2,5 mm[\/vc_column_text][vc_single_image image=&#8221;5639&#8243; img_size=&#8221;large&#8221; alignment=&#8221;center&#8221;][\/vc_column][vc_column width=&#8221;1\/3&#8243;][vc_column_text]<\/p>\n<h4><span style=\"color: #cb272b;\">KDS100WD7<\/span><\/h4>\n<p>Cadre int\u00e9rieur et ext\u00e9rieur: aluminium Panneau int\u00e9rieur: bois lamin\u00e9 \u00e9paisseur 7 mm. Panneau ext\u00e9rieur: aluminium, \u00e9paisseur 2,5 mm[\/vc_column_text][vc_single_image image=&#8221;5643&#8243; img_size=&#8221;large&#8221; alignment=&#8221;center&#8221;][\/vc_column][\/vc_row][vc_row el_class=&#8221;soluzionikopen&#8221; css=&#8221;.vc_custom_1667914804367{margin-top: 40px !important;margin-bottom: 40px !important;}&#8221;][vc_column width=&#8221;1\/3&#8243;][vc_column_text]<\/p>\n<h4><span style=\"color: #cb272b;\">KDS100WD14<\/span><\/h4>\n<p>Cadre int\u00e9rieur et ext\u00e9rieur: aluminium Panneau int\u00e9rieur: bois pantographi\u00e9, \u00e9paisseur 14 mm. Panneau ext\u00e9rieur: aluminium, \u00e9paisseur 2,5 mm[\/vc_column_text][vc_single_image image=&#8221;5649&#8243; img_size=&#8221;large&#8221; alignment=&#8221;center&#8221;][\/vc_column][vc_column width=&#8221;1\/3&#8243;][vc_column_text]<\/p>\n<h4><span style=\"color: #cb272b;\">KDS100AWD14\/WD7<\/span><\/h4>\n<p>Cadre int\u00e9rieur et ext\u00e9rieur: habillage bois Panneau int\u00e9rieur: bois pantographi\u00e9, \u00e9paisseur 14 mm. Panneau ext\u00e9rieur: bois lamin\u00e9, \u00e9paisseur 7 mm[\/vc_column_text][vc_single_image image=&#8221;5653&#8243; img_size=&#8221;large&#8221; alignment=&#8221;center&#8221;][\/vc_column][vc_column width=&#8221;1\/3&#8243;][vc_column_text]<\/p>\n<h4><span style=\"color: #cb272b;\">KDS100AWD14\/WD14<\/span><\/h4>\n<p>Cadre int\u00e9rieur et ext\u00e9rieur: habillage bois Panneau int\u00e9rieur: bois pantographi\u00e9, \u00e9paisseur 14 mm. Panneau ext\u00e9rieur: bois pantographi\u00e9, \u00e9paisseur 14 mm[\/vc_column_text][vc_single_image image=&#8221;5657&#8243; img_size=&#8221;large&#8221; alignment=&#8221;center&#8221;][\/vc_column][\/vc_row][vc_row css=&#8221;.vc_custom_1667916305716{margin-right: -12px !important;margin-left: -12px !important;}&#8221;][vc_column css=&#8221;.vc_custom_1667915774247{margin: 0px !important;padding: 0px !important;}&#8221;]\n\t\t<section class=\"reveal-image lay3\">\n\t\t\t<div class=\"reveal_main \">\n\t\t\t\t<div data-reveal=\"home\" data-reveal-bgcolor=\"#cb272b\" data-reveal-direction=\"rl\" data-reveal-duration=\"800\"  data-reveal-offset=\"-100\" data-reveal-cover-area=\"0\" class=\"reveal_cont-img full-width block-revealer\">\n\t\t\t\t\t<div class=\"block-revealer__content\">\n\t\t\t\t\t\t<div class=\"reveal_img image-bg image-large image-center\" style=\"background-image: url(https:\/\/kopendoors.com\/wp-content\/uploads\/2022\/11\/porta-kopen-detail-cucina-1024x576.jpg);\">\n\t\t\t\t\t\t\t<img decoding=\"async\" class=\"reveal_img img-responsive hidden-lg\" src=\"https:\/\/kopendoors.com\/wp-content\/themes\/kopen\/img\/size-16-9.gif\"><img decoding=\"async\" class=\"reveal_img img-responsive hidden-sm\" src=\"https:\/\/kopendoors.com\/wp-content\/themes\/kopen\/img\/size-square.gif\">\n\t\t\t\t\t\t<\/div>\n\t\t\t\t\t<\/div>\n\t\t\t\t\t<div class=\"block-revealer__element\"><\/div>\n\t\t\t\t<\/div>\n\t\t\t<\/div>\n\t\t<\/section>\n\t\t[\/vc_column][\/vc_row]<\/p>\n<\/section>","protected":false},"excerpt":{"rendered":"<p>[vc_row css=&#8221;.vc_custom_1669219623878{margin-top: 50px !important;}&#8221; el_class=&#8221;maxwk&#8221;][vc_column offset=&#8221;vc_col-lg-offset-0 vc_col-lg-12&#8243; css=&#8221;.vc_custom_1669219856213{margin-bottom: 0px !important;}&#8221;][vc_column_text] Le\u00a0Syst\u00e8me KDS 100\u00a0est un syst\u00e8me innovant et exclusif con\u00e7u par Kopen pour la r\u00e9alisation de portes d\u2019entr\u00e9e en aluminium de tr\u00e8s haute performance aussi bien au niveau thermique qu\u2019au niveau de la s\u00e9curit\u00e9. [\/vc_column_text][\/vc_column][\/vc_row][vc_row css=&#8221;.vc_custom_1669219614147{border-bottom-width: 1px !important;padding-bottom: 40px !important;border-bottom-color: #e6e6e6 !important;border-bottom-style: solid !important;}&#8221; el_class=&#8221;maxwk&#8221;][vc_column width=&#8221;1\/2&#8243; [&hellip;]<\/p>\n","protected":false},"author":1,"featured_media":5586,"parent":0,"menu_order":0,"comment_status":"closed","ping_status":"closed","template":"template_header2.php","meta":{"footnotes":""},"class_list":["post-6438","page","type-page","status-publish","has-post-thumbnail","hentry"],"acf":[],"yoast_head":"<!-- This site is optimized with the Yoast SEO plugin v25.9 - https:\/\/yoast.com\/wordpress\/plugins\/seo\/ -->\n<title>Innovation KDS 100 - Kopen<\/title>\n<meta name=\"description\" content=\"Le\u00a0Syst\u00e8me KDS 100\u00a0est un syst\u00e8me innovant et exclusif con\u00e7u par Kopen pour la r\u00e9alisation de portes d\u2019entr\u00e9e en aluminium de tr\u00e8s haute performance aussi bien au niveau thermique qu\u2019au niveau de la s\u00e9curit\u00e9.\" \/>\n<meta name=\"robots\" content=\"index, follow, max-snippet:-1, max-image-preview:large, max-video-preview:-1\" \/>\n<link rel=\"canonical\" href=\"https:\/\/kopendoors.com\/fr\/kds-100\/\" \/>\n<meta property=\"og:locale\" content=\"fr_FR\" \/>\n<meta property=\"og:type\" content=\"article\" \/>\n<meta property=\"og:title\" content=\"Innovation KDS 100 - Kopen\" \/>\n<meta property=\"og:description\" content=\"Le\u00a0Syst\u00e8me KDS 100\u00a0est un syst\u00e8me innovant et exclusif con\u00e7u par Kopen pour la r\u00e9alisation de portes d\u2019entr\u00e9e en aluminium de tr\u00e8s haute performance aussi bien au niveau thermique qu\u2019au niveau de la s\u00e9curit\u00e9.\" \/>\n<meta property=\"og:url\" content=\"https:\/\/kopendoors.com\/fr\/kds-100\/\" \/>\n<meta property=\"og:site_name\" content=\"Kopen\" \/>\n<meta property=\"article:publisher\" content=\"https:\/\/www.facebook.com\/Kopendoors\" \/>\n<meta property=\"article:modified_time\" content=\"2023-07-07T13:15:30+00:00\" \/>\n<meta property=\"og:image\" content=\"https:\/\/kopendoors.com\/wp-content\/uploads\/2022\/11\/background-top-title-innovazione.jpg\" \/>\n\t<meta property=\"og:image:width\" content=\"1920\" \/>\n\t<meta property=\"og:image:height\" content=\"514\" \/>\n\t<meta property=\"og:image:type\" content=\"image\/jpeg\" \/>\n<meta name=\"twitter:card\" content=\"summary_large_image\" \/>\n<meta name=\"twitter:site\" content=\"@Kopendoor\" \/>\n<meta name=\"twitter:label1\" content=\"Dur\u00e9e de lecture estim\u00e9e\" \/>\n\t<meta name=\"twitter:data1\" content=\"3 minutes\" \/>\n<script type=\"application\/ld+json\" class=\"yoast-schema-graph\">{\"@context\":\"https:\/\/schema.org\",\"@graph\":[{\"@type\":\"WebPage\",\"@id\":\"https:\/\/kopendoors.com\/fr\/kds-100\/\",\"url\":\"https:\/\/kopendoors.com\/fr\/kds-100\/\",\"name\":\"Innovation KDS 100 - Kopen\",\"isPartOf\":{\"@id\":\"https:\/\/kopendoors.com\/it\/#website\"},\"primaryImageOfPage\":{\"@id\":\"https:\/\/kopendoors.com\/fr\/kds-100\/#primaryimage\"},\"image\":{\"@id\":\"https:\/\/kopendoors.com\/fr\/kds-100\/#primaryimage\"},\"thumbnailUrl\":\"https:\/\/kopendoors.com\/wp-content\/uploads\/2022\/11\/background-top-title-innovazione.jpg\",\"datePublished\":\"2022-11-06T10:17:34+00:00\",\"dateModified\":\"2023-07-07T13:15:30+00:00\",\"description\":\"Le\u00a0Syst\u00e8me KDS 100\u00a0est un syst\u00e8me innovant et exclusif con\u00e7u par Kopen pour la r\u00e9alisation de portes d\u2019entr\u00e9e en aluminium de tr\u00e8s haute performance aussi bien au niveau thermique qu\u2019au niveau de la s\u00e9curit\u00e9.\",\"inLanguage\":\"fr-FR\",\"potentialAction\":[{\"@type\":\"ReadAction\",\"target\":[\"https:\/\/kopendoors.com\/fr\/kds-100\/\"]}]},{\"@type\":\"ImageObject\",\"inLanguage\":\"fr-FR\",\"@id\":\"https:\/\/kopendoors.com\/fr\/kds-100\/#primaryimage\",\"url\":\"https:\/\/kopendoors.com\/wp-content\/uploads\/2022\/11\/background-top-title-innovazione.jpg\",\"contentUrl\":\"https:\/\/kopendoors.com\/wp-content\/uploads\/2022\/11\/background-top-title-innovazione.jpg\",\"width\":1920,\"height\":514,\"caption\":\"Sistema KDS100\u00a0innovativo\"},{\"@type\":\"WebSite\",\"@id\":\"https:\/\/kopendoors.com\/it\/#website\",\"url\":\"https:\/\/kopendoors.com\/it\/\",\"name\":\"Kopen\",\"description\":\"Porte di Ingresso in Alluminio con Design Esclusivo. Belle e Personalizzabili. Garanzia 15 anni.\",\"potentialAction\":[{\"@type\":\"SearchAction\",\"target\":{\"@type\":\"EntryPoint\",\"urlTemplate\":\"https:\/\/kopendoors.com\/it\/?s={search_term_string}\"},\"query-input\":{\"@type\":\"PropertyValueSpecification\",\"valueRequired\":true,\"valueName\":\"search_term_string\"}}],\"inLanguage\":\"fr-FR\"}]}<\/script>\n<!-- \/ Yoast SEO plugin. -->","yoast_head_json":{"title":"Innovation KDS 100 - Kopen","description":"Le\u00a0Syst\u00e8me KDS 100\u00a0est un syst\u00e8me innovant et exclusif con\u00e7u par Kopen pour la r\u00e9alisation de portes d\u2019entr\u00e9e en aluminium de tr\u00e8s haute performance aussi bien au niveau thermique qu\u2019au niveau de la s\u00e9curit\u00e9.","robots":{"index":"index","follow":"follow","max-snippet":"max-snippet:-1","max-image-preview":"max-image-preview:large","max-video-preview":"max-video-preview:-1"},"canonical":"https:\/\/kopendoors.com\/fr\/kds-100\/","og_locale":"fr_FR","og_type":"article","og_title":"Innovation KDS 100 - Kopen","og_description":"Le\u00a0Syst\u00e8me KDS 100\u00a0est un syst\u00e8me innovant et exclusif con\u00e7u par Kopen pour la r\u00e9alisation de portes d\u2019entr\u00e9e en aluminium de tr\u00e8s haute performance aussi bien au niveau thermique qu\u2019au niveau de la s\u00e9curit\u00e9.","og_url":"https:\/\/kopendoors.com\/fr\/kds-100\/","og_site_name":"Kopen","article_publisher":"https:\/\/www.facebook.com\/Kopendoors","article_modified_time":"2023-07-07T13:15:30+00:00","og_image":[{"width":1920,"height":514,"url":"https:\/\/kopendoors.com\/wp-content\/uploads\/2022\/11\/background-top-title-innovazione.jpg","type":"image\/jpeg"}],"twitter_card":"summary_large_image","twitter_site":"@Kopendoor","twitter_misc":{"Dur\u00e9e de lecture estim\u00e9e":"3 minutes"},"schema":{"@context":"https:\/\/schema.org","@graph":[{"@type":"WebPage","@id":"https:\/\/kopendoors.com\/fr\/kds-100\/","url":"https:\/\/kopendoors.com\/fr\/kds-100\/","name":"Innovation KDS 100 - Kopen","isPartOf":{"@id":"https:\/\/kopendoors.com\/it\/#website"},"primaryImageOfPage":{"@id":"https:\/\/kopendoors.com\/fr\/kds-100\/#primaryimage"},"image":{"@id":"https:\/\/kopendoors.com\/fr\/kds-100\/#primaryimage"},"thumbnailUrl":"https:\/\/kopendoors.com\/wp-content\/uploads\/2022\/11\/background-top-title-innovazione.jpg","datePublished":"2022-11-06T10:17:34+00:00","dateModified":"2023-07-07T13:15:30+00:00","description":"Le\u00a0Syst\u00e8me KDS 100\u00a0est un syst\u00e8me innovant et exclusif con\u00e7u par Kopen pour la r\u00e9alisation de portes d\u2019entr\u00e9e en aluminium de tr\u00e8s haute performance aussi bien au niveau thermique qu\u2019au niveau de la s\u00e9curit\u00e9.","inLanguage":"fr-FR","potentialAction":[{"@type":"ReadAction","target":["https:\/\/kopendoors.com\/fr\/kds-100\/"]}]},{"@type":"ImageObject","inLanguage":"fr-FR","@id":"https:\/\/kopendoors.com\/fr\/kds-100\/#primaryimage","url":"https:\/\/kopendoors.com\/wp-content\/uploads\/2022\/11\/background-top-title-innovazione.jpg","contentUrl":"https:\/\/kopendoors.com\/wp-content\/uploads\/2022\/11\/background-top-title-innovazione.jpg","width":1920,"height":514,"caption":"Sistema KDS100\u00a0innovativo"},{"@type":"WebSite","@id":"https:\/\/kopendoors.com\/it\/#website","url":"https:\/\/kopendoors.com\/it\/","name":"Kopen","description":"Porte di Ingresso in Alluminio con Design Esclusivo. Belle e Personalizzabili. Garanzia 15 anni.","potentialAction":[{"@type":"SearchAction","target":{"@type":"EntryPoint","urlTemplate":"https:\/\/kopendoors.com\/it\/?s={search_term_string}"},"query-input":{"@type":"PropertyValueSpecification","valueRequired":true,"valueName":"search_term_string"}}],"inLanguage":"fr-FR"}]}},"_links":{"self":[{"href":"https:\/\/kopendoors.com\/fr\/wp-json\/wp\/v2\/pages\/6438","targetHints":{"allow":["GET"]}}],"collection":[{"href":"https:\/\/kopendoors.com\/fr\/wp-json\/wp\/v2\/pages"}],"about":[{"href":"https:\/\/kopendoors.com\/fr\/wp-json\/wp\/v2\/types\/page"}],"author":[{"embeddable":true,"href":"https:\/\/kopendoors.com\/fr\/wp-json\/wp\/v2\/users\/1"}],"replies":[{"embeddable":true,"href":"https:\/\/kopendoors.com\/fr\/wp-json\/wp\/v2\/comments?post=6438"}],"version-history":[{"count":12,"href":"https:\/\/kopendoors.com\/fr\/wp-json\/wp\/v2\/pages\/6438\/revisions"}],"predecessor-version":[{"id":7006,"href":"https:\/\/kopendoors.com\/fr\/wp-json\/wp\/v2\/pages\/6438\/revisions\/7006"}],"wp:featuredmedia":[{"embeddable":true,"href":"https:\/\/kopendoors.com\/fr\/wp-json\/wp\/v2\/media\/5586"}],"wp:attachment":[{"href":"https:\/\/kopendoors.com\/fr\/wp-json\/wp\/v2\/media?parent=6438"}],"curies":[{"name":"wp","href":"https:\/\/api.w.org\/{rel}","templated":true}]}}