{"id":7797,"date":"2024-07-05T12:22:22","date_gmt":"2024-07-05T10:22:22","guid":{"rendered":"https:\/\/kopendoors.com\/innovation-kds-safety-floor\/"},"modified":"2024-07-29T10:21:04","modified_gmt":"2024-07-29T08:21:04","slug":"innovation-kds-safety-floor","status":"publish","type":"page","link":"https:\/\/kopendoors.com\/de\/innovation-kds-safety-floor\/","title":{"rendered":"Innovation KDS SAFETY FLOOR"},"content":{"rendered":"<section class=\"wpb-content-wrapper\"><p>[vc_row el_class=&#8221;maxwk&#8221; css=&#8221;.vc_custom_1688567849060{margin-top: 50px !important;}&#8221;][vc_column][vc_column_text]<strong>Das <span style=\"color: #ff0000;\">KDS SAFETY FLOOR<\/span> System ist ein exklusives System, das von Kopen f\u00fcr Aluminium-Eingangst\u00fcren f\u00fcr Wohnungen und Wohnh\u00e4user entwickelt wurde. Es wird dem Markt als Designalternative zur klassischen Sicherheitst\u00fcr angeboten, wobei es den gleichen Sicherheitsgrad aufweist.<\/strong>[\/vc_column_text][\/vc_column][\/vc_row][vc_row el_class=&#8221;maxwk&#8221; css=&#8221;.vc_custom_1688567993454{border-bottom-width: 1px !important;padding-bottom: 40px !important;border-bottom-color: #e6e6e6 !important;border-bottom-style: solid !important;}&#8221;][vc_column width=&#8221;1\/2&#8243;][vc_column_text]<\/p>\n<ul>\n<li>Hergestellt aus stranggepressten Aluminiumprofilen aus der Legierung UNI 6060<\/li>\n<li>78 mm starker thermisch getrennter Fl\u00fcgel mit Rahmen, der an viele der f\u00fcr Panzert\u00fcren typischen vormontierten Gegenzargen angepasst werden kann<\/li>\n<li>Verkleidungsplatten aus Aluminium, Dicke 1,5 mm<\/li>\n<li>Dichtungssystem T\u00fcrblatt\/Rahmen mit 2 Dichtungen und Ausgleichsdichtungen am Rahmen<\/li>\n<li>Automatisch einziehbare Schwelle (Prallleiste)<\/li>\n<li>Verdeckte 3-fl\u00fcgelige Stahlscharniere, schwarz lackiert, in 3 Achsen verstellbar mit bis zu 105\u00b0 Drehung<\/li>\n<\/ul>\n<p>[\/vc_column_text][\/vc_column][vc_column width=&#8221;1\/2&#8243;][vc_column_text]<\/p>\n<ul>\n<li>Mechanisches 3-Punkt-Schloss<\/li>\n<li>Reibungsgesicherter europ\u00e4ischer Sicherheitszylinder mit 5 Schl\u00fcsseln + 1 Bauschl\u00fcssel<\/li>\n<li>M\u00f6glichkeit der Montage von runden oder quadratischen Fl\u00fcgelprofilen mit Teleskopsystem<\/li>\n<li>Standardma\u00dfe bis 950 x 2.125 mm Rahmenau\u00dfenma\u00df (lichte Weite 900 x 2.100 mm), Nicht-Standardma\u00dfe bis maximal 1.300 x 2.425 mm (lichte Weite 1.250 x 2.400 mm)<\/li>\n<li>Verdeckter Verteidigungsring<\/li>\n<li>Zweifarbig<\/li>\n<\/ul>\n<p>[\/vc_column_text][\/vc_column][\/vc_row][vc_row el_class=&#8221;maxwk&#8221; css=&#8221;.vc_custom_1689347247979{margin-bottom: 20px !important;}&#8221;][vc_column][vc_separator color=&#8221;black&#8221; border_width=&#8221;2&#8243;][\/vc_column][\/vc_row][vc_row el_class=&#8221;maxwk&#8221; css=&#8221;.vc_custom_1689347247979{margin-bottom: 20px !important;}&#8221;][vc_column][vc_column_text]<\/p>\n<h3 style=\"color: grey;\">PERFORMANCE<\/h3>\n<p>[\/vc_column_text][\/vc_column][\/vc_row][vc_row equal_height=&#8221;yes&#8221; el_class=&#8221;maxwk&#8221;][vc_column width=&#8221;1\/2&#8243;][vc_single_image image=&#8221;7434&#8243; img_size=&#8221;large&#8221;][\/vc_column][vc_column width=&#8221;1\/2&#8243;][vc_row_inner equal_height=&#8221;yes&#8221; content_placement=&#8221;middle&#8221;][vc_column_inner width=&#8221;1\/4&#8243;][vc_single_image image=&#8221;5419&#8243; img_size=&#8221;200&#215;200&#8243; alignment=&#8221;center&#8221;][\/vc_column_inner][vc_column_inner width=&#8221;3\/4&#8243;][vc_column_text]<strong>L\u00c4RMBEK\u00c4MPFUNG<\/strong><\/p>\n<p>(UNI EN ISO 140-3; UNI EN ISO R717-1)<\/p>\n<p>32 dB bis zu 40 dB[\/vc_column_text][\/vc_column_inner][\/vc_row_inner][vc_row_inner equal_height=&#8221;yes&#8221; content_placement=&#8221;middle&#8221;][vc_column_inner width=&#8221;1\/4&#8243;][vc_single_image image=&#8221;5394&#8243; img_size=&#8221;200&#215;200&#8243; alignment=&#8221;center&#8221;][\/vc_column_inner][vc_column_inner width=&#8221;3\/4&#8243;][vc_column_text]<strong>EINBRUCHHEMMUNG<\/strong><\/p>\n<p>(UNI EN 1627:2011)<\/p>\n<p>Klasse RC3[\/vc_column_text][\/vc_column_inner][\/vc_row_inner][vc_row_inner equal_height=&#8221;yes&#8221; content_placement=&#8221;middle&#8221;][vc_column_inner width=&#8221;1\/4&#8243;][vc_single_image image=&#8221;5402&#8243; img_size=&#8221;200&#215;200&#8243; alignment=&#8221;center&#8221;][\/vc_column_inner][vc_column_inner width=&#8221;3\/4&#8243;][vc_column_text]<strong>TRASMITTANZA THERMICA<\/strong><\/p>\n<p>(UNI EN ISO 12567-2)<\/p>\n<p>Ud = 1,1 W\/m2K[\/vc_column_text][\/vc_column_inner][\/vc_row_inner][\/vc_column][\/vc_row][vc_row full_width=&#8221;stretch_row_content_no_spaces&#8221; gap=&#8221;10&#8243; equal_height=&#8221;yes&#8221; el_id=&#8221;banner-innovazione-kds-floor&#8221; css=&#8221;.vc_custom_1720188241743{padding-right: 40px !important;padding-left: 40px !important;}&#8221;][vc_column width=&#8221;4\/6&#8243;]\n\t\t<section class=\"reveal-box lay2\">\n\t\t\t<div class=\"reveal_main reveal_right\">\n\t\t\t\t<div data-reveal=\"home\" data-reveal-bgcolor=\"#c4bfbf\" data-reveal-direction=\"lr\" data-reveal-duration=\"800\"  data-reveal-cover-area=\"0\" class=\"reveal_cont-img block-revealer\">\n\t\t\t\t\t<div class=\"reveal_cont-img block-revealer\">\n\t\t\t\t\t\t<div class=\"reveal_img image-bg image-large\" style=\"background-image: url(https:\/\/kopendoors.com\/wp-content\/uploads\/2024\/07\/Design_1.jpg);\">\n\t\t\t\t\t\t\t<img decoding=\"async\" class=\"reveal_img img-responsive\" src=\"https:\/\/kopendoors.com\/wp-content\/themes\/kopen\/img\/size-16-9.gif\">\n\t\t\t\t\t\t<\/div>\n\t\t\t\t\t<\/div>\n\t\t\t\t\t<div class=\"block-revealer__element\"><\/div>\n\t\t\t\t<\/div>\n\t\t\t\t<div data-reveal-text=\"\" data-reveal-offset=\"-100\" data-reveal-delay=\"400\" class=\"reveal_cont-text reveal-bg\" style=\"background:#c4bfbf; color:#000000 !important;\">\n\t\t\t\t\t<\/p>\n<h2>Exklusives Design<\/h2>\n<p>Hervorragende \u00c4sthetik mit einer gro\u00dfen Auswahl an Designpaneelen, verdecktem Scharnier, versenktem Griff und minimalem Verteidigungsring.<br \/>\nMit dem neuen KDS Safety Floor System ist es m\u00f6glich, die Qualit\u00e4t und das Design individueller H\u00e4user in die Eingangst\u00fcr von Wohnungen und Residenzen zu bringen.\n\t\t\t\t\t\n\t\t\t\t<\/div>\n\t\t\t<\/div>\n\t\t<\/section>\n\t\t[\/vc_column][vc_column width=&#8221;2\/6&#8243;]\n\t\t<section class=\"reveal-image lay3\">\n\t\t\t<div class=\"reveal_main \">\n\t\t\t\t<div data-reveal=\"home\" data-reveal-bgcolor=\"#8e8585\" data-reveal-direction=\"rl\" data-reveal-duration=\"800\"  data-reveal-offset=\"-100\" data-reveal-cover-area=\"0\" class=\"reveal_cont-img full-width block-revealer\">\n\t\t\t\t\t<div class=\"block-revealer__content\">\n\t\t\t\t\t\t<div class=\"reveal_img image-bg image-large image-center\" style=\"background-image: url(https:\/\/kopendoors.com\/wp-content\/uploads\/2024\/07\/Design_2.jpg);\">\n\t\t\t\t\t\t\t<img decoding=\"async\" class=\"reveal_img img-responsive hidden-lg\" src=\"https:\/\/kopendoors.com\/wp-content\/themes\/kopen\/img\/size-16-9.gif\"><img decoding=\"async\" class=\"reveal_img img-responsive hidden-sm\" src=\"https:\/\/kopendoors.com\/wp-content\/themes\/kopen\/img\/size-square.gif\">\n\t\t\t\t\t\t<\/div>\n\t\t\t\t\t<\/div>\n\t\t\t\t\t<div class=\"block-revealer__element\"><\/div>\n\t\t\t\t<\/div>\n\t\t\t<\/div>\n\t\t<\/section>\n\t\t[vc_empty_space height=&#8221;10px&#8221;]\n\t\t<section class=\"reveal-image lay3\">\n\t\t\t<div class=\"reveal_main \">\n\t\t\t\t<div data-reveal=\"home\" data-reveal-bgcolor=\"#8e8585\" data-reveal-direction=\"rl\" data-reveal-duration=\"800\"  data-reveal-offset=\"-100\" data-reveal-cover-area=\"0\" class=\"reveal_cont-img full-width block-revealer\">\n\t\t\t\t\t<div class=\"block-revealer__content\">\n\t\t\t\t\t\t<div class=\"reveal_img image-bg image-large image-center\" style=\"background-image: url(https:\/\/kopendoors.com\/wp-content\/uploads\/2024\/07\/Design_3.jpg);\">\n\t\t\t\t\t\t\t<img decoding=\"async\" class=\"reveal_img img-responsive hidden-lg\" src=\"https:\/\/kopendoors.com\/wp-content\/themes\/kopen\/img\/size-16-9.gif\"><img decoding=\"async\" class=\"reveal_img img-responsive hidden-sm\" src=\"https:\/\/kopendoors.com\/wp-content\/themes\/kopen\/img\/size-square.gif\">\n\t\t\t\t\t\t<\/div>\n\t\t\t\t\t<\/div>\n\t\t\t\t\t<div class=\"block-revealer__element\"><\/div>\n\t\t\t\t<\/div>\n\t\t\t<\/div>\n\t\t<\/section>\n\t\t[\/vc_column][\/vc_row][vc_row full_width=&#8221;stretch_row_content_no_spaces&#8221; gap=&#8221;10&#8243; equal_height=&#8221;yes&#8221; el_id=&#8221;banner-innovazione-kds-floor-2&#8243; css=&#8221;.vc_custom_1720190843703{padding-right: 40px !important;padding-left: 40px !important;}&#8221;][vc_column css_animation=&#8221;slideInLeft&#8221; width=&#8221;2\/5&#8243;][vc_single_image image=&#8221;7484&#8243; img_size=&#8221;full&#8221;][\/vc_column][vc_column width=&#8221;1\/5&#8243;][vc_single_image image=&#8221;7508&#8243; img_size=&#8221;full&#8221; alignment=&#8221;right&#8221;][vc_single_image image=&#8221;7504&#8243; img_size=&#8221;full&#8221; alignment=&#8221;right&#8221;][\/vc_column][vc_column css_animation=&#8221;slideInRight&#8221; width=&#8221;2\/5&#8243; css=&#8221;.vc_custom_1720194096742{background-color: #c4bfbf !important;}&#8221;][vc_column_text css_animation=&#8221;none&#8221; css=&#8221;.vc_custom_1720194087006{padding-top: 30px !important;padding-right: 30px !important;padding-bottom: 30px !important;padding-left: 30px !important;}&#8221;]<\/p>\n<h2 style=\"font-size: 40px; margin-bottom: 30px;\">Technische Innovation<\/h2>\n<p>Der KDS-Sicherheitsboden zeichnet sich durch technische L\u00f6sungen und Materialien aus, die ein hohes Ma\u00df an Flexibilit\u00e4t bei der Anwendung sowohl in Neubauten als auch bei Ersatzprojekten f\u00fcr Renovierungen erm\u00f6glichen.<br \/>\nDank der Abmessungen und der Dichtungen kann die T\u00fcr direkt auf der bestehenden Unterkonstruktion installiert werden, ohne dass Maurerarbeiten erforderlich sind.<br \/>\nDar\u00fcber hinaus ist es m\u00f6glich, Imbotte- oder Vierkantprofile mit einem Teleskopsystem zu verwenden, um die gesamte Wandschulter abzuschlie\u00dfen.[\/vc_column_text][\/vc_column][\/vc_row][vc_row][vc_column][\/vc_column][\/vc_row]<\/p>\n<\/section>","protected":false},"excerpt":{"rendered":"<p>[vc_row el_class=&#8221;maxwk&#8221; css=&#8221;.vc_custom_1688567849060{margin-top: 50px !important;}&#8221;][vc_column][vc_column_text]Das KDS SAFETY FLOOR System ist ein exklusives System, das von Kopen f\u00fcr Aluminium-Eingangst\u00fcren f\u00fcr Wohnungen und Wohnh\u00e4user entwickelt wurde. Es wird dem Markt als Designalternative zur klassischen Sicherheitst\u00fcr angeboten, wobei es den gleichen Sicherheitsgrad aufweist.[\/vc_column_text][\/vc_column][\/vc_row][vc_row el_class=&#8221;maxwk&#8221; css=&#8221;.vc_custom_1688567993454{border-bottom-width: 1px !important;padding-bottom: 40px !important;border-bottom-color: #e6e6e6 !important;border-bottom-style: solid !important;}&#8221;][vc_column width=&#8221;1\/2&#8243;][vc_column_text] Hergestellt aus stranggepressten Aluminiumprofilen [&hellip;]<\/p>\n","protected":false},"author":7,"featured_media":5587,"parent":0,"menu_order":0,"comment_status":"closed","ping_status":"closed","template":"template_header2.php","meta":{"footnotes":""},"class_list":["post-7797","page","type-page","status-publish","has-post-thumbnail","hentry"],"acf":[],"yoast_head":"<!-- This site is optimized with the Yoast SEO plugin v25.9 - https:\/\/yoast.com\/wordpress\/plugins\/seo\/ -->\n<title>Innovation KDS SAFETY FLOOR - Kopen<\/title>\n<meta name=\"robots\" content=\"index, follow, max-snippet:-1, max-image-preview:large, max-video-preview:-1\" \/>\n<link rel=\"canonical\" href=\"https:\/\/kopendoors.com\/it\/innovazione-kds-safety-floor\/\" \/>\n<meta property=\"og:locale\" content=\"de_DE\" \/>\n<meta property=\"og:type\" content=\"article\" \/>\n<meta property=\"og:title\" content=\"Innovation KDS SAFETY FLOOR - Kopen\" \/>\n<meta property=\"og:description\" content=\"[vc_row el_class=&#8221;maxwk&#8221; css=&#8221;.vc_custom_1688567849060{margin-top: 50px !important;}&#8221;][vc_column][vc_column_text]Das KDS SAFETY FLOOR System ist ein exklusives System, das von Kopen f\u00fcr Aluminium-Eingangst\u00fcren f\u00fcr Wohnungen und Wohnh\u00e4user entwickelt wurde. Es wird dem Markt als Designalternative zur klassischen Sicherheitst\u00fcr angeboten, wobei es den gleichen Sicherheitsgrad aufweist.[\/vc_column_text][\/vc_column][\/vc_row][vc_row el_class=&#8221;maxwk&#8221; css=&#8221;.vc_custom_1688567993454{border-bottom-width: 1px !important;padding-bottom: 40px !important;border-bottom-color: #e6e6e6 !important;border-bottom-style: solid !important;}&#8221;][vc_column width=&#8221;1\/2&#8243;][vc_column_text] Hergestellt aus stranggepressten Aluminiumprofilen [&hellip;]\" \/>\n<meta property=\"og:url\" content=\"https:\/\/kopendoors.com\/it\/innovazione-kds-safety-floor\/\" \/>\n<meta property=\"og:site_name\" content=\"Kopen\" \/>\n<meta property=\"article:publisher\" content=\"https:\/\/www.facebook.com\/Kopendoors\" \/>\n<meta property=\"article:modified_time\" content=\"2024-07-29T08:21:04+00:00\" \/>\n<meta property=\"og:image\" content=\"https:\/\/kopendoors.com\/wp-content\/uploads\/2022\/11\/background-top-title-innovazione.jpg\" \/>\n\t<meta property=\"og:image:width\" content=\"1920\" \/>\n\t<meta property=\"og:image:height\" content=\"514\" \/>\n\t<meta property=\"og:image:type\" content=\"image\/jpeg\" \/>\n<meta name=\"twitter:card\" content=\"summary_large_image\" \/>\n<meta name=\"twitter:site\" content=\"@Kopendoor\" \/>\n<meta name=\"twitter:label1\" content=\"Gesch\u00e4tzte Lesezeit\" \/>\n\t<meta name=\"twitter:data1\" content=\"4 minutes\" \/>\n<script type=\"application\/ld+json\" class=\"yoast-schema-graph\">{\"@context\":\"https:\/\/schema.org\",\"@graph\":[{\"@type\":\"WebPage\",\"@id\":\"https:\/\/kopendoors.com\/it\/innovazione-kds-safety-floor\/\",\"url\":\"https:\/\/kopendoors.com\/it\/innovazione-kds-safety-floor\/\",\"name\":\"Innovation KDS SAFETY FLOOR - Kopen\",\"isPartOf\":{\"@id\":\"https:\/\/kopendoors.com\/it\/#website\"},\"primaryImageOfPage\":{\"@id\":\"https:\/\/kopendoors.com\/it\/innovazione-kds-safety-floor\/#primaryimage\"},\"image\":{\"@id\":\"https:\/\/kopendoors.com\/it\/innovazione-kds-safety-floor\/#primaryimage\"},\"thumbnailUrl\":\"https:\/\/kopendoors.com\/wp-content\/uploads\/2022\/11\/background-top-title-innovazione.jpg\",\"datePublished\":\"2024-07-05T10:22:22+00:00\",\"dateModified\":\"2024-07-29T08:21:04+00:00\",\"inLanguage\":\"de-DE\",\"potentialAction\":[{\"@type\":\"ReadAction\",\"target\":[\"https:\/\/kopendoors.com\/it\/innovazione-kds-safety-floor\/\"]}]},{\"@type\":\"ImageObject\",\"inLanguage\":\"de-DE\",\"@id\":\"https:\/\/kopendoors.com\/it\/innovazione-kds-safety-floor\/#primaryimage\",\"url\":\"https:\/\/kopendoors.com\/wp-content\/uploads\/2022\/11\/background-top-title-innovazione.jpg\",\"contentUrl\":\"https:\/\/kopendoors.com\/wp-content\/uploads\/2022\/11\/background-top-title-innovazione.jpg\",\"width\":1920,\"height\":514,\"caption\":\"Sistema KDS100\u00a0innovativo\"},{\"@type\":\"WebSite\",\"@id\":\"https:\/\/kopendoors.com\/it\/#website\",\"url\":\"https:\/\/kopendoors.com\/it\/\",\"name\":\"Kopen\",\"description\":\"Porte di Ingresso in Alluminio con Design Esclusivo. Belle e Personalizzabili. Garanzia 15 anni.\",\"potentialAction\":[{\"@type\":\"SearchAction\",\"target\":{\"@type\":\"EntryPoint\",\"urlTemplate\":\"https:\/\/kopendoors.com\/it\/?s={search_term_string}\"},\"query-input\":{\"@type\":\"PropertyValueSpecification\",\"valueRequired\":true,\"valueName\":\"search_term_string\"}}],\"inLanguage\":\"de-DE\"}]}<\/script>\n<!-- \/ Yoast SEO plugin. -->","yoast_head_json":{"title":"Innovation KDS SAFETY FLOOR - Kopen","robots":{"index":"index","follow":"follow","max-snippet":"max-snippet:-1","max-image-preview":"max-image-preview:large","max-video-preview":"max-video-preview:-1"},"canonical":"https:\/\/kopendoors.com\/it\/innovazione-kds-safety-floor\/","og_locale":"de_DE","og_type":"article","og_title":"Innovation KDS SAFETY FLOOR - Kopen","og_description":"[vc_row el_class=&#8221;maxwk&#8221; css=&#8221;.vc_custom_1688567849060{margin-top: 50px !important;}&#8221;][vc_column][vc_column_text]Das KDS SAFETY FLOOR System ist ein exklusives System, das von Kopen f\u00fcr Aluminium-Eingangst\u00fcren f\u00fcr Wohnungen und Wohnh\u00e4user entwickelt wurde. Es wird dem Markt als Designalternative zur klassischen Sicherheitst\u00fcr angeboten, wobei es den gleichen Sicherheitsgrad aufweist.[\/vc_column_text][\/vc_column][\/vc_row][vc_row el_class=&#8221;maxwk&#8221; css=&#8221;.vc_custom_1688567993454{border-bottom-width: 1px !important;padding-bottom: 40px !important;border-bottom-color: #e6e6e6 !important;border-bottom-style: solid !important;}&#8221;][vc_column width=&#8221;1\/2&#8243;][vc_column_text] Hergestellt aus stranggepressten Aluminiumprofilen [&hellip;]","og_url":"https:\/\/kopendoors.com\/it\/innovazione-kds-safety-floor\/","og_site_name":"Kopen","article_publisher":"https:\/\/www.facebook.com\/Kopendoors","article_modified_time":"2024-07-29T08:21:04+00:00","og_image":[{"width":1920,"height":514,"url":"https:\/\/kopendoors.com\/wp-content\/uploads\/2022\/11\/background-top-title-innovazione.jpg","type":"image\/jpeg"}],"twitter_card":"summary_large_image","twitter_site":"@Kopendoor","twitter_misc":{"Gesch\u00e4tzte Lesezeit":"4 minutes"},"schema":{"@context":"https:\/\/schema.org","@graph":[{"@type":"WebPage","@id":"https:\/\/kopendoors.com\/it\/innovazione-kds-safety-floor\/","url":"https:\/\/kopendoors.com\/it\/innovazione-kds-safety-floor\/","name":"Innovation KDS SAFETY FLOOR - Kopen","isPartOf":{"@id":"https:\/\/kopendoors.com\/it\/#website"},"primaryImageOfPage":{"@id":"https:\/\/kopendoors.com\/it\/innovazione-kds-safety-floor\/#primaryimage"},"image":{"@id":"https:\/\/kopendoors.com\/it\/innovazione-kds-safety-floor\/#primaryimage"},"thumbnailUrl":"https:\/\/kopendoors.com\/wp-content\/uploads\/2022\/11\/background-top-title-innovazione.jpg","datePublished":"2024-07-05T10:22:22+00:00","dateModified":"2024-07-29T08:21:04+00:00","inLanguage":"de-DE","potentialAction":[{"@type":"ReadAction","target":["https:\/\/kopendoors.com\/it\/innovazione-kds-safety-floor\/"]}]},{"@type":"ImageObject","inLanguage":"de-DE","@id":"https:\/\/kopendoors.com\/it\/innovazione-kds-safety-floor\/#primaryimage","url":"https:\/\/kopendoors.com\/wp-content\/uploads\/2022\/11\/background-top-title-innovazione.jpg","contentUrl":"https:\/\/kopendoors.com\/wp-content\/uploads\/2022\/11\/background-top-title-innovazione.jpg","width":1920,"height":514,"caption":"Sistema KDS100\u00a0innovativo"},{"@type":"WebSite","@id":"https:\/\/kopendoors.com\/it\/#website","url":"https:\/\/kopendoors.com\/it\/","name":"Kopen","description":"Porte di Ingresso in Alluminio con Design Esclusivo. Belle e Personalizzabili. Garanzia 15 anni.","potentialAction":[{"@type":"SearchAction","target":{"@type":"EntryPoint","urlTemplate":"https:\/\/kopendoors.com\/it\/?s={search_term_string}"},"query-input":{"@type":"PropertyValueSpecification","valueRequired":true,"valueName":"search_term_string"}}],"inLanguage":"de-DE"}]}},"_links":{"self":[{"href":"https:\/\/kopendoors.com\/de\/wp-json\/wp\/v2\/pages\/7797","targetHints":{"allow":["GET"]}}],"collection":[{"href":"https:\/\/kopendoors.com\/de\/wp-json\/wp\/v2\/pages"}],"about":[{"href":"https:\/\/kopendoors.com\/de\/wp-json\/wp\/v2\/types\/page"}],"author":[{"embeddable":true,"href":"https:\/\/kopendoors.com\/de\/wp-json\/wp\/v2\/users\/7"}],"replies":[{"embeddable":true,"href":"https:\/\/kopendoors.com\/de\/wp-json\/wp\/v2\/comments?post=7797"}],"version-history":[{"count":3,"href":"https:\/\/kopendoors.com\/de\/wp-json\/wp\/v2\/pages\/7797\/revisions"}],"predecessor-version":[{"id":7800,"href":"https:\/\/kopendoors.com\/de\/wp-json\/wp\/v2\/pages\/7797\/revisions\/7800"}],"wp:featuredmedia":[{"embeddable":true,"href":"https:\/\/kopendoors.com\/de\/wp-json\/wp\/v2\/media\/5587"}],"wp:attachment":[{"href":"https:\/\/kopendoors.com\/de\/wp-json\/wp\/v2\/media?parent=7797"}],"curies":[{"name":"wp","href":"https:\/\/api.w.org\/{rel}","templated":true}]}}