{"id":7008,"date":"2023-07-05T17:14:56","date_gmt":"2023-07-05T15:14:56","guid":{"rendered":"https:\/\/kopendoors.com\/kds-90\/"},"modified":"2023-07-17T02:29:50","modified_gmt":"2023-07-17T00:29:50","slug":"kds-90","status":"publish","type":"page","link":"https:\/\/kopendoors.com\/de\/kds-90\/","title":{"rendered":"Innovation KDS 90"},"content":{"rendered":"<section class=\"wpb-content-wrapper\"><p>[vc_row el_class=&#8221;maxwk&#8221; css=&#8221;.vc_custom_1688567849060{margin-top: 50px !important;}&#8221;][vc_column][vc_column_text]<\/p>\n<h3 style=\"text-align: center;\">Das\u00a0<span style=\"color: #cb272b;\">KDS 90 System<\/span>\u00a0ist ein innovatives und exklusives System, das von Kopen f\u00fcr die Herstellung von Aluminium-Eingangst\u00fcren mit hohen thermischen und Sicherheitsleistungen entwickelt wurde.<\/h3>\n<p>[\/vc_column_text][\/vc_column][\/vc_row][vc_row el_class=&#8221;maxwk&#8221; css=&#8221;.vc_custom_1688567993454{border-bottom-width: 1px !important;padding-bottom: 40px !important;border-bottom-color: #e6e6e6 !important;border-bottom-style: solid !important;}&#8221;][vc_column width=&#8221;1\/2&#8243;][vc_column_text]<\/p>\n<ul>\n<li>Hergestellt aus stranggepressten Profilen aus Aluminiumlegierung UNI 6060<\/li>\n<li>Thermisch getrennter Fl\u00fcgel und Rahmen mit glasgef\u00fcllten Polyamidsprossen (PA6)<\/li>\n<li>1,5 mm dicke Aluminiumverkleidungsbleche in einem Design Ihrer Wahl, entweder blind oder mit Dreifachverglasung<\/li>\n<li>3-Dichtungs-System mit vorgeformten Ecken zur Gew\u00e4hrleistung der Kontinuit\u00e4t um den Umfang herum<\/li>\n<\/ul>\n<p>[\/vc_column_text][\/vc_column][vc_column width=&#8221;1\/2&#8243;][vc_column_text]<\/p>\n<ul>\n<li>Thermisch getrennte Aluminiumschwelle mit 24 mm H\u00f6he<\/li>\n<li>Verzinkte Stahlzylinderscharniere mit Abdeckkappen und 3-Achsen-Verstellung<\/li>\n<li>M\u00f6glichkeit der Anbringung von Abdeckleisten innen und au\u00dfen, Anbringung von \u00dcberzugspolstern und Klammern f\u00fcr die Frontbefestigung<\/li>\n<li>Standardma\u00dfe bis zu 1.100 x 2.250 mm (Ma\u00dfe beziehen sich auf eine einfl\u00fcgelige T\u00fcr &#8211; Au\u00dfenrahmen)<\/li>\n<\/ul>\n<p>[\/vc_column_text][\/vc_column][\/vc_row][vc_row el_class=&#8221;maxwk&#8221; css=&#8221;.vc_custom_1689347247979{margin-bottom: 20px !important;}&#8221;][vc_column][vc_column_text]<\/p>\n<h3>PERFORMANCE<\/h3>\n<p>[\/vc_column_text][\/vc_column][\/vc_row][vc_row css=&#8221;.vc_custom_1689350217133{margin-bottom: 15px !important;}&#8221; el_class=&#8221;maxwk&#8221;][vc_column width=&#8221;1\/3&#8243;][vc_row_inner equal_height=&#8221;yes&#8221; content_placement=&#8221;middle&#8221;][vc_column_inner width=&#8221;1\/4&#8243;][vc_single_image image=&#8221;5407&#8243; img_size=&#8221;200&#215;200&#8243; alignment=&#8221;center&#8221;][\/vc_column_inner][vc_column_inner width=&#8221;3\/4&#8243;][vc_column_text el_class=&#8221;text-center&#8221;]<strong>WASSERDICHTHEIT<\/strong><\/p>\n<p>(UNI EN 1027, 12208)<\/p>\n<p><b>E1200<\/b>[\/vc_column_text][\/vc_column_inner][\/vc_row_inner][\/vc_column][vc_column width=&#8221;1\/3&#8243;][vc_row_inner equal_height=&#8221;yes&#8221; content_placement=&#8221;middle&#8221;][vc_column_inner width=&#8221;1\/4&#8243;][vc_single_image image=&#8221;5411&#8243; img_size=&#8221;200&#215;200&#8243; alignment=&#8221;center&#8221;][\/vc_column_inner][vc_column_inner width=&#8221;3\/4&#8243;][vc_column_text el_class=&#8221;text-center&#8221;]<strong>LUFTDURCHL\u00c4SSIGKEIT<\/strong><\/p>\n<p>(UNI EN 1026, 12207)<\/p>\n<p><b>Klasse 4<\/b>[\/vc_column_text][\/vc_column_inner][\/vc_row_inner][\/vc_column][vc_column width=&#8221;1\/3&#8243;][vc_row_inner equal_height=&#8221;yes&#8221; content_placement=&#8221;middle&#8221;][vc_column_inner width=&#8221;1\/4&#8243;][vc_single_image image=&#8221;5423&#8243; img_size=&#8221;200&#215;200&#8243; alignment=&#8221;center&#8221;][\/vc_column_inner][vc_column_inner width=&#8221;3\/4&#8243;][vc_column_text]<\/p>\n<p style=\"text-align: center;\"><strong>WINDWIDERSTAND<\/strong><\/p>\n<p style=\"text-align: center;\">(UNI EN 12211, 12210)<\/p>\n<p style=\"text-align: center;\"><b>Klasse C5<\/b><\/p>\n<p>[\/vc_column_text][\/vc_column_inner][\/vc_row_inner][\/vc_column][\/vc_row][vc_row css=&#8221;.vc_custom_1689349760121{margin-bottom: 15px !important;}&#8221; el_class=&#8221;maxwk&#8221;][vc_column width=&#8221;1\/2&#8243;][vc_row_inner equal_height=&#8221;yes&#8221; content_placement=&#8221;middle&#8221;][vc_column_inner width=&#8221;1\/4&#8243;][vc_single_image image=&#8221;5402&#8243; img_size=&#8221;200&#215;200&#8243; alignment=&#8221;center&#8221;][\/vc_column_inner][vc_column_inner width=&#8221;3\/4&#8243;][vc_column_text el_class=&#8221;text-center&#8221;]<strong>W\u00c4RMEDURCHL\u00c4SSIGKEIT<\/strong><\/p>\n<p>(UNI EN ISO12567-2)<\/p>\n<p><b>Ud = 0,79 W\/mq*K<\/b>[\/vc_column_text][\/vc_column_inner][\/vc_row_inner][\/vc_column][vc_column width=&#8221;1\/2&#8243;][vc_row_inner equal_height=&#8221;yes&#8221; content_placement=&#8221;middle&#8221;][vc_column_inner width=&#8221;1\/4&#8243;][vc_single_image image=&#8221;6841&#8243; img_size=&#8221;200&#215;200&#8243; alignment=&#8221;center&#8221;][\/vc_column_inner][vc_column_inner width=&#8221;3\/4&#8243;][vc_column_text el_class=&#8221;text-center&#8221;]<strong>EINBRUCHSICHERE KLASSEN<\/strong><\/p>\n<p>(UNI EN 1627:2011)<\/p>\n<p><b>Bis zu RC3<\/b>[\/vc_column_text][\/vc_column_inner][\/vc_row_inner][\/vc_column][\/vc_row][vc_row equal_height=&#8221;yes&#8221; el_class=&#8221;maxwk&#8221; css=&#8221;.vc_custom_1689347291583{margin-top: 10px !important;margin-bottom: 30px !important;}&#8221;][vc_column css=&#8221;.vc_custom_1689346312287{border-top-width: 1px !important;padding-top: 35px !important;border-top-color: #e6e6e6 !important;border-top-style: solid !important;}&#8221;][vc_column_text]<\/p>\n<h3>L\u00d6SUNGEN KOPEN<\/h3>\n<p>[\/vc_column_text][\/vc_column][\/vc_row][vc_row equal_height=&#8221;yes&#8221; el_class=&#8221;maxwk&#8221;][vc_column width=&#8221;1\/2&#8243;][vc_column_text]<\/p>\n<h4 style=\"text-align: center;\"><span style=\"color: #cb272b;\">KDS 90 &#8211; BLINDE T\u00dcR<\/span><\/h4>\n<p>[\/vc_column_text][vc_single_image image=&#8221;6856&#8243; img_size=&#8221;large&#8221;][\/vc_column][vc_column width=&#8221;1\/2&#8243;][vc_column_text]<\/p>\n<h4 style=\"text-align: center;\"><span style=\"color: #cb272b;\">KDS 90 &#8211; VERGLASTE T\u00dcR<\/span><\/h4>\n<p>[\/vc_column_text][vc_single_image image=&#8221;6860&#8243; img_size=&#8221;large&#8221;][\/vc_column][\/vc_row][vc_row][vc_column css=&#8221;.vc_custom_1689350804006{margin: 0px !important;}&#8221;]\n\t\t<section class=\"reveal-image lay3\">\n\t\t\t<div class=\"reveal_main \">\n\t\t\t\t<div data-reveal=\"home\" data-reveal-bgcolor=\"#cb272b\" data-reveal-direction=\"rl\" data-reveal-duration=\"800\"  data-reveal-offset=\"-100\" data-reveal-cover-area=\"0\" class=\"reveal_cont-img full-width block-revealer\">\n\t\t\t\t\t<div class=\"block-revealer__content\">\n\t\t\t\t\t\t<div class=\"reveal_img image-bg image-large image-center\" style=\"background-image: url(https:\/\/kopendoors.com\/wp-content\/uploads\/2022\/11\/porta-kopen-detail-cucina-1024x576.jpg);\">\n\t\t\t\t\t\t\t<img decoding=\"async\" class=\"reveal_img img-responsive hidden-lg\" src=\"https:\/\/kopendoors.com\/wp-content\/themes\/kopen\/img\/size-16-9.gif\"><img decoding=\"async\" class=\"reveal_img img-responsive hidden-sm\" src=\"https:\/\/kopendoors.com\/wp-content\/themes\/kopen\/img\/size-square.gif\">\n\t\t\t\t\t\t<\/div>\n\t\t\t\t\t<\/div>\n\t\t\t\t\t<div class=\"block-revealer__element\"><\/div>\n\t\t\t\t<\/div>\n\t\t\t<\/div>\n\t\t<\/section>\n\t\t[\/vc_column][\/vc_row]<\/p>\n<\/section>","protected":false},"excerpt":{"rendered":"<p>[vc_row el_class=&#8221;maxwk&#8221; css=&#8221;.vc_custom_1688567849060{margin-top: 50px !important;}&#8221;][vc_column][vc_column_text] Das\u00a0KDS 90 System\u00a0ist ein innovatives und exklusives System, das von Kopen f\u00fcr die Herstellung von Aluminium-Eingangst\u00fcren mit hohen thermischen und Sicherheitsleistungen entwickelt wurde. [\/vc_column_text][\/vc_column][\/vc_row][vc_row el_class=&#8221;maxwk&#8221; css=&#8221;.vc_custom_1688567993454{border-bottom-width: 1px !important;padding-bottom: 40px !important;border-bottom-color: #e6e6e6 !important;border-bottom-style: solid !important;}&#8221;][vc_column width=&#8221;1\/2&#8243;][vc_column_text] Hergestellt aus stranggepressten Profilen aus Aluminiumlegierung UNI 6060 Thermisch getrennter Fl\u00fcgel und Rahmen mit glasgef\u00fcllten [&hellip;]<\/p>\n","protected":false},"author":6,"featured_media":5587,"parent":0,"menu_order":0,"comment_status":"closed","ping_status":"closed","template":"template_header2.php","meta":{"footnotes":""},"class_list":["post-7008","page","type-page","status-publish","has-post-thumbnail","hentry"],"acf":[],"yoast_head":"<!-- This site is optimized with the Yoast SEO plugin v25.9 - https:\/\/yoast.com\/wordpress\/plugins\/seo\/ -->\n<title>Innovation KDS 90 - Kopen<\/title>\n<meta name=\"robots\" content=\"index, follow, max-snippet:-1, max-image-preview:large, max-video-preview:-1\" \/>\n<link rel=\"canonical\" href=\"https:\/\/kopendoors.com\/it\/kds-90\/\" \/>\n<meta property=\"og:locale\" content=\"de_DE\" \/>\n<meta property=\"og:type\" content=\"article\" \/>\n<meta property=\"og:title\" content=\"Innovation KDS 90 - Kopen\" \/>\n<meta property=\"og:description\" content=\"[vc_row el_class=&#8221;maxwk&#8221; css=&#8221;.vc_custom_1688567849060{margin-top: 50px !important;}&#8221;][vc_column][vc_column_text] Das\u00a0KDS 90 System\u00a0ist ein innovatives und exklusives System, das von Kopen f\u00fcr die Herstellung von Aluminium-Eingangst\u00fcren mit hohen thermischen und Sicherheitsleistungen entwickelt wurde. [\/vc_column_text][\/vc_column][\/vc_row][vc_row el_class=&#8221;maxwk&#8221; css=&#8221;.vc_custom_1688567993454{border-bottom-width: 1px !important;padding-bottom: 40px !important;border-bottom-color: #e6e6e6 !important;border-bottom-style: solid !important;}&#8221;][vc_column width=&#8221;1\/2&#8243;][vc_column_text] Hergestellt aus stranggepressten Profilen aus Aluminiumlegierung UNI 6060 Thermisch getrennter Fl\u00fcgel und Rahmen mit glasgef\u00fcllten [&hellip;]\" \/>\n<meta property=\"og:url\" content=\"https:\/\/kopendoors.com\/it\/kds-90\/\" \/>\n<meta property=\"og:site_name\" content=\"Kopen\" \/>\n<meta property=\"article:publisher\" content=\"https:\/\/www.facebook.com\/Kopendoors\" \/>\n<meta property=\"article:modified_time\" content=\"2023-07-17T00:29:50+00:00\" \/>\n<meta property=\"og:image\" content=\"https:\/\/kopendoors.com\/wp-content\/uploads\/2022\/11\/background-top-title-innovazione.jpg\" \/>\n\t<meta property=\"og:image:width\" content=\"1920\" \/>\n\t<meta property=\"og:image:height\" content=\"514\" \/>\n\t<meta property=\"og:image:type\" content=\"image\/jpeg\" \/>\n<meta name=\"twitter:card\" content=\"summary_large_image\" \/>\n<meta name=\"twitter:site\" content=\"@Kopendoor\" \/>\n<meta name=\"twitter:label1\" content=\"Gesch\u00e4tzte Lesezeit\" \/>\n\t<meta name=\"twitter:data1\" content=\"3 minutes\" \/>\n<script type=\"application\/ld+json\" class=\"yoast-schema-graph\">{\"@context\":\"https:\/\/schema.org\",\"@graph\":[{\"@type\":\"WebPage\",\"@id\":\"https:\/\/kopendoors.com\/it\/kds-90\/\",\"url\":\"https:\/\/kopendoors.com\/it\/kds-90\/\",\"name\":\"Innovation KDS 90 - Kopen\",\"isPartOf\":{\"@id\":\"https:\/\/kopendoors.com\/it\/#website\"},\"primaryImageOfPage\":{\"@id\":\"https:\/\/kopendoors.com\/it\/kds-90\/#primaryimage\"},\"image\":{\"@id\":\"https:\/\/kopendoors.com\/it\/kds-90\/#primaryimage\"},\"thumbnailUrl\":\"https:\/\/kopendoors.com\/wp-content\/uploads\/2022\/11\/background-top-title-innovazione.jpg\",\"datePublished\":\"2023-07-05T15:14:56+00:00\",\"dateModified\":\"2023-07-17T00:29:50+00:00\",\"inLanguage\":\"de-DE\",\"potentialAction\":[{\"@type\":\"ReadAction\",\"target\":[\"https:\/\/kopendoors.com\/it\/kds-90\/\"]}]},{\"@type\":\"ImageObject\",\"inLanguage\":\"de-DE\",\"@id\":\"https:\/\/kopendoors.com\/it\/kds-90\/#primaryimage\",\"url\":\"https:\/\/kopendoors.com\/wp-content\/uploads\/2022\/11\/background-top-title-innovazione.jpg\",\"contentUrl\":\"https:\/\/kopendoors.com\/wp-content\/uploads\/2022\/11\/background-top-title-innovazione.jpg\",\"width\":1920,\"height\":514,\"caption\":\"Sistema KDS100\u00a0innovativo\"},{\"@type\":\"WebSite\",\"@id\":\"https:\/\/kopendoors.com\/it\/#website\",\"url\":\"https:\/\/kopendoors.com\/it\/\",\"name\":\"Kopen\",\"description\":\"Porte di Ingresso in Alluminio con Design Esclusivo. Belle e Personalizzabili. Garanzia 15 anni.\",\"potentialAction\":[{\"@type\":\"SearchAction\",\"target\":{\"@type\":\"EntryPoint\",\"urlTemplate\":\"https:\/\/kopendoors.com\/it\/?s={search_term_string}\"},\"query-input\":{\"@type\":\"PropertyValueSpecification\",\"valueRequired\":true,\"valueName\":\"search_term_string\"}}],\"inLanguage\":\"de-DE\"}]}<\/script>\n<!-- \/ Yoast SEO plugin. -->","yoast_head_json":{"title":"Innovation KDS 90 - Kopen","robots":{"index":"index","follow":"follow","max-snippet":"max-snippet:-1","max-image-preview":"max-image-preview:large","max-video-preview":"max-video-preview:-1"},"canonical":"https:\/\/kopendoors.com\/it\/kds-90\/","og_locale":"de_DE","og_type":"article","og_title":"Innovation KDS 90 - Kopen","og_description":"[vc_row el_class=&#8221;maxwk&#8221; css=&#8221;.vc_custom_1688567849060{margin-top: 50px !important;}&#8221;][vc_column][vc_column_text] Das\u00a0KDS 90 System\u00a0ist ein innovatives und exklusives System, das von Kopen f\u00fcr die Herstellung von Aluminium-Eingangst\u00fcren mit hohen thermischen und Sicherheitsleistungen entwickelt wurde. [\/vc_column_text][\/vc_column][\/vc_row][vc_row el_class=&#8221;maxwk&#8221; css=&#8221;.vc_custom_1688567993454{border-bottom-width: 1px !important;padding-bottom: 40px !important;border-bottom-color: #e6e6e6 !important;border-bottom-style: solid !important;}&#8221;][vc_column width=&#8221;1\/2&#8243;][vc_column_text] Hergestellt aus stranggepressten Profilen aus Aluminiumlegierung UNI 6060 Thermisch getrennter Fl\u00fcgel und Rahmen mit glasgef\u00fcllten [&hellip;]","og_url":"https:\/\/kopendoors.com\/it\/kds-90\/","og_site_name":"Kopen","article_publisher":"https:\/\/www.facebook.com\/Kopendoors","article_modified_time":"2023-07-17T00:29:50+00:00","og_image":[{"width":1920,"height":514,"url":"https:\/\/kopendoors.com\/wp-content\/uploads\/2022\/11\/background-top-title-innovazione.jpg","type":"image\/jpeg"}],"twitter_card":"summary_large_image","twitter_site":"@Kopendoor","twitter_misc":{"Gesch\u00e4tzte Lesezeit":"3 minutes"},"schema":{"@context":"https:\/\/schema.org","@graph":[{"@type":"WebPage","@id":"https:\/\/kopendoors.com\/it\/kds-90\/","url":"https:\/\/kopendoors.com\/it\/kds-90\/","name":"Innovation KDS 90 - Kopen","isPartOf":{"@id":"https:\/\/kopendoors.com\/it\/#website"},"primaryImageOfPage":{"@id":"https:\/\/kopendoors.com\/it\/kds-90\/#primaryimage"},"image":{"@id":"https:\/\/kopendoors.com\/it\/kds-90\/#primaryimage"},"thumbnailUrl":"https:\/\/kopendoors.com\/wp-content\/uploads\/2022\/11\/background-top-title-innovazione.jpg","datePublished":"2023-07-05T15:14:56+00:00","dateModified":"2023-07-17T00:29:50+00:00","inLanguage":"de-DE","potentialAction":[{"@type":"ReadAction","target":["https:\/\/kopendoors.com\/it\/kds-90\/"]}]},{"@type":"ImageObject","inLanguage":"de-DE","@id":"https:\/\/kopendoors.com\/it\/kds-90\/#primaryimage","url":"https:\/\/kopendoors.com\/wp-content\/uploads\/2022\/11\/background-top-title-innovazione.jpg","contentUrl":"https:\/\/kopendoors.com\/wp-content\/uploads\/2022\/11\/background-top-title-innovazione.jpg","width":1920,"height":514,"caption":"Sistema KDS100\u00a0innovativo"},{"@type":"WebSite","@id":"https:\/\/kopendoors.com\/it\/#website","url":"https:\/\/kopendoors.com\/it\/","name":"Kopen","description":"Porte di Ingresso in Alluminio con Design Esclusivo. Belle e Personalizzabili. Garanzia 15 anni.","potentialAction":[{"@type":"SearchAction","target":{"@type":"EntryPoint","urlTemplate":"https:\/\/kopendoors.com\/it\/?s={search_term_string}"},"query-input":{"@type":"PropertyValueSpecification","valueRequired":true,"valueName":"search_term_string"}}],"inLanguage":"de-DE"}]}},"_links":{"self":[{"href":"https:\/\/kopendoors.com\/de\/wp-json\/wp\/v2\/pages\/7008","targetHints":{"allow":["GET"]}}],"collection":[{"href":"https:\/\/kopendoors.com\/de\/wp-json\/wp\/v2\/pages"}],"about":[{"href":"https:\/\/kopendoors.com\/de\/wp-json\/wp\/v2\/types\/page"}],"author":[{"embeddable":true,"href":"https:\/\/kopendoors.com\/de\/wp-json\/wp\/v2\/users\/6"}],"replies":[{"embeddable":true,"href":"https:\/\/kopendoors.com\/de\/wp-json\/wp\/v2\/comments?post=7008"}],"version-history":[{"count":6,"href":"https:\/\/kopendoors.com\/de\/wp-json\/wp\/v2\/pages\/7008\/revisions"}],"predecessor-version":[{"id":7347,"href":"https:\/\/kopendoors.com\/de\/wp-json\/wp\/v2\/pages\/7008\/revisions\/7347"}],"wp:featuredmedia":[{"embeddable":true,"href":"https:\/\/kopendoors.com\/de\/wp-json\/wp\/v2\/media\/5587"}],"wp:attachment":[{"href":"https:\/\/kopendoors.com\/de\/wp-json\/wp\/v2\/media?parent=7008"}],"curies":[{"name":"wp","href":"https:\/\/api.w.org\/{rel}","templated":true}]}}