{"id":6505,"date":"2022-11-06T11:16:55","date_gmt":"2022-11-06T10:16:55","guid":{"rendered":"https:\/\/kopendoors.com\/design\/"},"modified":"2022-12-04T17:15:25","modified_gmt":"2022-12-04T16:15:25","slug":"design","status":"publish","type":"page","link":"https:\/\/kopendoors.com\/de\/design\/","title":{"rendered":"Design"},"content":{"rendered":"<section class=\"wpb-content-wrapper\"><p>[vc_row css=&#8221;.vc_custom_1667917284968{margin-right: -12px !important;margin-left: -12px !important;background-color: #c4bfbf !important;}&#8221;][vc_column offset=&#8221;vc_col-lg-offset-1 vc_col-lg-10&#8243;][vc_column_text css=&#8221;.vc_custom_1667917305387{padding-top: 50px !important;padding-bottom: 50px !important;}&#8221;]<\/p>\n<h3 style=\"text-align: center;\"><strong>Die Katalog T\u00fcren 2018 wird bereichert durch neue und exklusive Kollektionen, das Resultat der langen Arbeit unseres Teams von Designern und Planern, um alle architektonischen und Einrichtungsanforderungen zu erf\u00fcllen.<\/strong><\/h3>\n<p>[\/vc_column_text][\/vc_column][\/vc_row][vc_row][vc_column css=&#8221;.vc_custom_1667917556707{margin-top: 0px !important;margin-right: 0px !important;margin-bottom: 0px !important;margin-left: 0px !important;padding-top: 0px !important;padding-right: 3px !important;padding-bottom: 0px !important;padding-left: 3px !important;}&#8221;]\n\t\t<section class=\"reveal-image lay3\">\n\t\t\t<div class=\"reveal_main \">\n\t\t\t\t<div data-reveal=\"home\" data-reveal-bgcolor=\"#c4bfbf\" data-reveal-direction=\"rl\" data-reveal-duration=\"800\"  data-reveal-offset=\"-100\" data-reveal-cover-area=\"0\" class=\"reveal_cont-img full-width block-revealer\">\n\t\t\t\t\t<div class=\"block-revealer__content\">\n\t\t\t\t\t\t<div class=\"reveal_img image-bg image-large image-center\" style=\"background-image: url(https:\/\/kopendoors.com\/wp-content\/uploads\/2022\/11\/porta-kopen-detail-wood-1024x576.jpg);\">\n\t\t\t\t\t\t\t<img decoding=\"async\" class=\"reveal_img img-responsive hidden-lg\" src=\"https:\/\/kopendoors.com\/wp-content\/themes\/kopen\/img\/size-16-9.gif\"><img decoding=\"async\" class=\"reveal_img img-responsive hidden-sm\" src=\"https:\/\/kopendoors.com\/wp-content\/themes\/kopen\/img\/size-square.gif\">\n\t\t\t\t\t\t<\/div>\n\t\t\t\t\t<\/div>\n\t\t\t\t\t<div class=\"block-revealer__element\"><\/div>\n\t\t\t\t<\/div>\n\t\t\t<\/div>\n\t\t<\/section>\n\t\t[\/vc_column][\/vc_row][vc_row][vc_column css=&#8221;.vc_custom_1668174182551{margin-top: 40px !important;margin-bottom: 40px !important;}&#8221;]<div class=\"importedel\"><section class=\"wpb-content-wrapper\"><p>[vc_row equal_height=&#8221;yes&#8221; content_placement=&#8221;middle&#8221;][vc_column width=&#8221;2\/3&#8243; css=&#8221;.vc_custom_1667756009129{padding-right: 50px !important;padding-left: 50px !important;}&#8221;][vc_column_text]<\/p>\n<h3>Typen<\/h3>\n<p>&nbsp;<\/p>\n<p>Die Eingangst\u00fcr aus Aluminium von Kopen wurde entwickelt, um alle Anforderungen auf bestm\u00f6gliche Weise zu erf\u00fcllen und deshalb wird jedes einzelne Produkt nach Ma\u00df gefertigt. Aus diesem Grund ist jede Kopen-T\u00fcr ein Einzelst\u00fcck. Die Abmessungen sind als Standard anzusehen bis zu 1.060 x 2.250 mm (Abmessungen bezogen auf das einzelne T\u00fcrblatt &#8211; Au\u00dfenseite Rahmen), mit der M\u00f6glichkeit, Modelle bis zu 1.300 x 2.500 mm zu realisieren, einschlie\u00dflich der Wahl des Formats XL mit H\u00f6he von bis zu 2.800 mm.<\/p>\n<p>&nbsp;<\/p>\n<p>Mit der L\u00f6sung BILICO kann au\u00dferdem ein T\u00fcrblatt im Format XXL bis zu 1.800 x 3.000 mm realisiert werden (nur f\u00fcr die Modelle der Produktlinie Effect). Das System Kopen garantiert au\u00dferdem die maximale planerische Freiheit, auch aufgrund der M\u00f6glichkeit, zwischen f\u00fcnfzig verschiedenen Produktkonfigurierungen zu w\u00e4hlen, indem komplement\u00e4re Produkte kombiniert werden (die zur Vereinfachung der Bewegung, des Transports und der Montage separat verpackt geliefert werden), wie feste Seitenlichter und feste Oberlichter oder zu \u00f6ffnende Oberlichter sowie symmetrischer oder asymmetrischer zweiter T\u00fcrfl\u00fcgel.<\/p>\n<p>&nbsp;<\/p>\n<p>Au\u00dferdem kann die Eingangst\u00fcr von Kopen mit abgesenkter Schwelle in den Versionen schwarz oder silbern oxidiert und mit St\u00e4rke 24 mm oder mit beweglicher Schwelle (Zugluftschutz) geliefert werden, um alle Anforderungen des Endkunden zu erf\u00fcllen.[\/vc_column_text][\/vc_column][vc_column width=&#8221;1\/3&#8243;]<div class=\"owl-carousel owl-theme owl-loaded\" data-items=\"1\" data-margin=\"10\" data-loop=\"true\" data-merge=\"true\" data-nav=\"true\" data-dots=\"true\" data-imgbackground=\"false\" data-lazyload=\"false\" data-stagepadding=\"\" data-mobile=\"1\" data-tablet=\"1\" data-desktopsmall=\"1\" data-desktop=\"1\" data-autoplay=\"true\" data-delay=\"4000\"><div class=\"item\"><img decoding=\"async\" src=\"https:\/\/kopendoors.com\/wp-content\/uploads\/2022\/11\/porte-tipologie-a.jpg\"><\/div><div class=\"item\"><img decoding=\"async\" src=\"https:\/\/kopendoors.com\/wp-content\/uploads\/2022\/11\/porte-tipologie-b.jpg\"><\/div><div class=\"item\"><img decoding=\"async\" src=\"https:\/\/kopendoors.com\/wp-content\/uploads\/2022\/11\/porte-tipologie-c.jpg\"><\/div><div class=\"item\"><img decoding=\"async\" src=\"https:\/\/kopendoors.com\/wp-content\/uploads\/2022\/11\/porte-tipologie-d.jpg\"><\/div><\/div>[\/vc_column][\/vc_row][vc_row css=&#8221;.vc_custom_1667827812050{border-top-width: 1px !important;border-top-color: #e6e6e6 !important;border-top-style: solid !important;}&#8221;][vc_column width=&#8221;1\/3&#8243;][vc_single_image image=&#8221;5444&#8243; img_size=&#8221;large&#8221; alignment=&#8221;center&#8221; el_class=&#8221;tipologieimg&#8221;][vc_column_text]<\/p>\n<h5 style=\"text-align: center;\"><strong>T\u00fcr mit einem T\u00fcrfl\u00fcgel<\/strong><\/h5>\n<p>[\/vc_column_text][\/vc_column][vc_column width=&#8221;1\/3&#8243;][vc_single_image image=&#8221;5448&#8243; img_size=&#8221;large&#8221; alignment=&#8221;center&#8221; el_class=&#8221;tipologieimg&#8221;][vc_column_text]<\/p>\n<h5 style=\"text-align: center;\"><strong>T\u00fcr mit zwei T\u00fcrfl\u00fcgeln mit zu \u00f6ffnender Nebent\u00fcr<\/strong><\/h5>\n<p>[\/vc_column_text][\/vc_column][vc_column width=&#8221;1\/3&#8243;][vc_single_image image=&#8221;5452&#8243; img_size=&#8221;large&#8221; alignment=&#8221;center&#8221; el_class=&#8221;tipologieimg&#8221;][vc_column_text]<\/p>\n<h5 style=\"text-align: center;\"><strong>Symmetrische T\u00fcr mit zwei T\u00fcrfl\u00fcgeln<\/strong><\/h5>\n<p>[\/vc_column_text][\/vc_column][\/vc_row][vc_row css=&#8221;.vc_custom_1667827812050{border-top-width: 1px !important;border-top-color: #e6e6e6 !important;border-top-style: solid !important;}&#8221;][vc_column width=&#8221;1\/3&#8243;][vc_single_image image=&#8221;5456&#8243; img_size=&#8221;large&#8221; alignment=&#8221;center&#8221; el_class=&#8221;tipologieimg&#8221;][vc_column_text]<\/p>\n<h5 style=\"text-align: center;\"><strong>T\u00fcr mit einem T\u00fcrfl\u00fcgel mit festem Seitenlicht links<\/strong><\/h5>\n<p>[\/vc_column_text][\/vc_column][vc_column width=&#8221;1\/3&#8243;][vc_single_image image=&#8221;5460&#8243; img_size=&#8221;large&#8221; alignment=&#8221;center&#8221; el_class=&#8221;tipologieimg&#8221;][vc_column_text]<\/p>\n<h5 style=\"text-align: center;\"><strong>T\u00fcr mit einem T\u00fcrfl\u00fcgel mit festem Seitenlicht rechts<\/strong><\/h5>\n<p>[\/vc_column_text][\/vc_column][vc_column width=&#8221;1\/3&#8243;][vc_single_image image=&#8221;5464&#8243; img_size=&#8221;large&#8221; alignment=&#8221;center&#8221; el_class=&#8221;tipologieimg&#8221;][vc_column_text]<\/p>\n<h5 style=\"text-align: center;\"><strong>T\u00fcr mit einem T\u00fcrfl\u00fcgel mit festem Seitenlicht rechts und links<\/strong><\/h5>\n<p>[\/vc_column_text][\/vc_column][\/vc_row][vc_row css=&#8221;.vc_custom_1667827812050{border-top-width: 1px !important;border-top-color: #e6e6e6 !important;border-top-style: solid !important;}&#8221;][vc_column width=&#8221;1\/3&#8243;][vc_single_image image=&#8221;5468&#8243; img_size=&#8221;large&#8221; alignment=&#8221;center&#8221; el_class=&#8221;tipologieimg&#8221;][vc_column_text]<\/p>\n<h5 style=\"text-align: center;\"><strong>T\u00fcr mit einem T\u00fcrfl\u00fcgel mit festem Oberlicht<\/strong><\/h5>\n<p>[\/vc_column_text][\/vc_column][vc_column width=&#8221;1\/3&#8243;][vc_single_image image=&#8221;5472&#8243; img_size=&#8221;large&#8221; alignment=&#8221;center&#8221; el_class=&#8221;tipologieimg&#8221;][vc_column_text]<\/p>\n<h5 style=\"text-align: center;\"><strong>T\u00fcr mit einem T\u00fcrfl\u00fcgel mit zu \u00f6ffnendem Oberlicht<\/strong><\/h5>\n<p>[\/vc_column_text][\/vc_column][vc_column width=&#8221;1\/3&#8243;][vc_single_image image=&#8221;5476&#8243; img_size=&#8221;large&#8221; alignment=&#8221;center&#8221; el_class=&#8221;tipologieimg&#8221;][vc_column_text]<\/p>\n<h5 style=\"text-align: center;\"><strong>T\u00fcr mit einem T\u00fcrfl\u00fcgel mit Oberlicht und Seitenlichtern<\/strong><\/h5>\n<p>[\/vc_column_text][\/vc_column][\/vc_row]<\/p>\n<\/section><style type=\"text\/css\" data-type=\"vc_shortcodes-custom-css\">.vc_custom_1667827812050{border-top-width: 1px !important;border-top-color: #e6e6e6 !important;border-top-style: solid !important;}.vc_custom_1667827812050{border-top-width: 1px !important;border-top-color: #e6e6e6 !important;border-top-style: solid !important;}.vc_custom_1667827812050{border-top-width: 1px !important;border-top-color: #e6e6e6 !important;border-top-style: solid !important;}.vc_custom_1667756009129{padding-right: 50px !important;padding-left: 50px !important;}<\/style><\/div>[\/vc_column][\/vc_row][vc_row css=&#8221;.vc_custom_1667917111773{margin-right: -12px !important;margin-left: -12px !important;}&#8221;][vc_column css=&#8221;.vc_custom_1667917748771{margin-top: 0px !important;margin-right: 0px !important;margin-bottom: 0px !important;margin-left: 0px !important;padding-top: 0px !important;padding-right: 0px !important;padding-bottom: 0px !important;padding-left: 0px !important;}&#8221;]\n\t\t<section class=\"reveal-image lay3\">\n\t\t\t<div class=\"reveal_main \">\n\t\t\t\t<div data-reveal=\"home\" data-reveal-bgcolor=\"#c4bfbf\" data-reveal-direction=\"rl\" data-reveal-duration=\"800\"  data-reveal-offset=\"-100\" data-reveal-cover-area=\"0\" class=\"reveal_cont-img full-width block-revealer\">\n\t\t\t\t\t<div class=\"block-revealer__content\">\n\t\t\t\t\t\t<div class=\"reveal_img image-bg image-large image-center\" style=\"background-image: url(https:\/\/kopendoors.com\/wp-content\/uploads\/2022\/11\/porta-kopen-detail-linea-frame-1024x576.jpg);\">\n\t\t\t\t\t\t\t<img decoding=\"async\" class=\"reveal_img img-responsive hidden-lg\" src=\"https:\/\/kopendoors.com\/wp-content\/themes\/kopen\/img\/size-16-9.gif\"><img decoding=\"async\" class=\"reveal_img img-responsive hidden-sm\" src=\"https:\/\/kopendoors.com\/wp-content\/themes\/kopen\/img\/size-square.gif\">\n\t\t\t\t\t\t<\/div>\n\t\t\t\t\t<\/div>\n\t\t\t\t\t<div class=\"block-revealer__element\"><\/div>\n\t\t\t\t<\/div>\n\t\t\t<\/div>\n\t\t<\/section>\n\t\t[\/vc_column][\/vc_row]<\/p>\n<\/section>","protected":false},"excerpt":{"rendered":"<p>[vc_row css=&#8221;.vc_custom_1667917284968{margin-right: -12px !important;margin-left: -12px !important;background-color: #c4bfbf !important;}&#8221;][vc_column offset=&#8221;vc_col-lg-offset-1 vc_col-lg-10&#8243;][vc_column_text css=&#8221;.vc_custom_1667917305387{padding-top: 50px !important;padding-bottom: 50px !important;}&#8221;] Die Katalog T\u00fcren 2018 wird bereichert durch neue und exklusive Kollektionen, das Resultat der langen Arbeit unseres Teams von Designern und Planern, um alle architektonischen und Einrichtungsanforderungen zu erf\u00fcllen. [\/vc_column_text][\/vc_column][\/vc_row][vc_row][vc_column css=&#8221;.vc_custom_1667917556707{margin-top: 0px !important;margin-right: 0px !important;margin-bottom: 0px !important;margin-left: 0px !important;padding-top: 0px [&hellip;]<\/p>\n","protected":false},"author":1,"featured_media":5672,"parent":0,"menu_order":0,"comment_status":"closed","ping_status":"closed","template":"template_header2.php","meta":{"footnotes":""},"class_list":["post-6505","page","type-page","status-publish","has-post-thumbnail","hentry"],"acf":[],"yoast_head":"<!-- This site is optimized with the Yoast SEO plugin v25.9 - https:\/\/yoast.com\/wordpress\/plugins\/seo\/ -->\n<title>Design - Kopen<\/title>\n<meta name=\"description\" content=\"Entdecken Sie die Kollektionen von Kopen, entwickelt, um alle architektonischen Anforderungen zu erf\u00fcllen.\" \/>\n<meta name=\"robots\" content=\"index, follow, max-snippet:-1, max-image-preview:large, max-video-preview:-1\" \/>\n<link rel=\"canonical\" href=\"https:\/\/kopendoors.com\/de\/design\/\" \/>\n<meta property=\"og:locale\" content=\"de_DE\" \/>\n<meta property=\"og:type\" content=\"article\" \/>\n<meta property=\"og:title\" content=\"Design - Kopen\" \/>\n<meta property=\"og:description\" content=\"Entdecken Sie die Kollektionen von Kopen, entwickelt, um alle architektonischen Anforderungen zu erf\u00fcllen.\" \/>\n<meta property=\"og:url\" content=\"https:\/\/kopendoors.com\/de\/design\/\" \/>\n<meta property=\"og:site_name\" content=\"Kopen\" \/>\n<meta property=\"article:publisher\" content=\"https:\/\/www.facebook.com\/Kopendoors\" \/>\n<meta property=\"article:modified_time\" content=\"2022-12-04T16:15:25+00:00\" \/>\n<meta property=\"og:image\" content=\"https:\/\/kopendoors.com\/wp-content\/uploads\/2022\/11\/background-top-title-design.jpg\" \/>\n\t<meta property=\"og:image:width\" content=\"1920\" \/>\n\t<meta property=\"og:image:height\" content=\"514\" \/>\n\t<meta property=\"og:image:type\" content=\"image\/jpeg\" \/>\n<meta name=\"twitter:card\" content=\"summary_large_image\" \/>\n<meta name=\"twitter:site\" content=\"@Kopendoor\" \/>\n<meta name=\"twitter:label1\" content=\"Gesch\u00e4tzte Lesezeit\" \/>\n\t<meta name=\"twitter:data1\" content=\"1 minute\" \/>\n<script type=\"application\/ld+json\" class=\"yoast-schema-graph\">{\"@context\":\"https:\/\/schema.org\",\"@graph\":[{\"@type\":\"WebPage\",\"@id\":\"https:\/\/kopendoors.com\/de\/design\/\",\"url\":\"https:\/\/kopendoors.com\/de\/design\/\",\"name\":\"Design - Kopen\",\"isPartOf\":{\"@id\":\"https:\/\/kopendoors.com\/it\/#website\"},\"primaryImageOfPage\":{\"@id\":\"https:\/\/kopendoors.com\/de\/design\/#primaryimage\"},\"image\":{\"@id\":\"https:\/\/kopendoors.com\/de\/design\/#primaryimage\"},\"thumbnailUrl\":\"https:\/\/kopendoors.com\/wp-content\/uploads\/2022\/11\/background-top-title-design.jpg\",\"datePublished\":\"2022-11-06T10:16:55+00:00\",\"dateModified\":\"2022-12-04T16:15:25+00:00\",\"description\":\"Entdecken Sie die Kollektionen von Kopen, entwickelt, um alle architektonischen Anforderungen zu erf\u00fcllen.\",\"inLanguage\":\"de-DE\",\"potentialAction\":[{\"@type\":\"ReadAction\",\"target\":[\"https:\/\/kopendoors.com\/de\/design\/\"]}]},{\"@type\":\"ImageObject\",\"inLanguage\":\"de-DE\",\"@id\":\"https:\/\/kopendoors.com\/de\/design\/#primaryimage\",\"url\":\"https:\/\/kopendoors.com\/wp-content\/uploads\/2022\/11\/background-top-title-design.jpg\",\"contentUrl\":\"https:\/\/kopendoors.com\/wp-content\/uploads\/2022\/11\/background-top-title-design.jpg\",\"width\":1920,\"height\":514,\"caption\":\"design di qualit\u00e0\"},{\"@type\":\"WebSite\",\"@id\":\"https:\/\/kopendoors.com\/it\/#website\",\"url\":\"https:\/\/kopendoors.com\/it\/\",\"name\":\"Kopen\",\"description\":\"Porte di Ingresso in Alluminio con Design Esclusivo. Belle e Personalizzabili. Garanzia 15 anni.\",\"potentialAction\":[{\"@type\":\"SearchAction\",\"target\":{\"@type\":\"EntryPoint\",\"urlTemplate\":\"https:\/\/kopendoors.com\/it\/?s={search_term_string}\"},\"query-input\":{\"@type\":\"PropertyValueSpecification\",\"valueRequired\":true,\"valueName\":\"search_term_string\"}}],\"inLanguage\":\"de-DE\"}]}<\/script>\n<!-- \/ Yoast SEO plugin. -->","yoast_head_json":{"title":"Design - Kopen","description":"Entdecken Sie die Kollektionen von Kopen, entwickelt, um alle architektonischen Anforderungen zu erf\u00fcllen.","robots":{"index":"index","follow":"follow","max-snippet":"max-snippet:-1","max-image-preview":"max-image-preview:large","max-video-preview":"max-video-preview:-1"},"canonical":"https:\/\/kopendoors.com\/de\/design\/","og_locale":"de_DE","og_type":"article","og_title":"Design - Kopen","og_description":"Entdecken Sie die Kollektionen von Kopen, entwickelt, um alle architektonischen Anforderungen zu erf\u00fcllen.","og_url":"https:\/\/kopendoors.com\/de\/design\/","og_site_name":"Kopen","article_publisher":"https:\/\/www.facebook.com\/Kopendoors","article_modified_time":"2022-12-04T16:15:25+00:00","og_image":[{"width":1920,"height":514,"url":"https:\/\/kopendoors.com\/wp-content\/uploads\/2022\/11\/background-top-title-design.jpg","type":"image\/jpeg"}],"twitter_card":"summary_large_image","twitter_site":"@Kopendoor","twitter_misc":{"Gesch\u00e4tzte Lesezeit":"1 minute"},"schema":{"@context":"https:\/\/schema.org","@graph":[{"@type":"WebPage","@id":"https:\/\/kopendoors.com\/de\/design\/","url":"https:\/\/kopendoors.com\/de\/design\/","name":"Design - Kopen","isPartOf":{"@id":"https:\/\/kopendoors.com\/it\/#website"},"primaryImageOfPage":{"@id":"https:\/\/kopendoors.com\/de\/design\/#primaryimage"},"image":{"@id":"https:\/\/kopendoors.com\/de\/design\/#primaryimage"},"thumbnailUrl":"https:\/\/kopendoors.com\/wp-content\/uploads\/2022\/11\/background-top-title-design.jpg","datePublished":"2022-11-06T10:16:55+00:00","dateModified":"2022-12-04T16:15:25+00:00","description":"Entdecken Sie die Kollektionen von Kopen, entwickelt, um alle architektonischen Anforderungen zu erf\u00fcllen.","inLanguage":"de-DE","potentialAction":[{"@type":"ReadAction","target":["https:\/\/kopendoors.com\/de\/design\/"]}]},{"@type":"ImageObject","inLanguage":"de-DE","@id":"https:\/\/kopendoors.com\/de\/design\/#primaryimage","url":"https:\/\/kopendoors.com\/wp-content\/uploads\/2022\/11\/background-top-title-design.jpg","contentUrl":"https:\/\/kopendoors.com\/wp-content\/uploads\/2022\/11\/background-top-title-design.jpg","width":1920,"height":514,"caption":"design di qualit\u00e0"},{"@type":"WebSite","@id":"https:\/\/kopendoors.com\/it\/#website","url":"https:\/\/kopendoors.com\/it\/","name":"Kopen","description":"Porte di Ingresso in Alluminio con Design Esclusivo. Belle e Personalizzabili. Garanzia 15 anni.","potentialAction":[{"@type":"SearchAction","target":{"@type":"EntryPoint","urlTemplate":"https:\/\/kopendoors.com\/it\/?s={search_term_string}"},"query-input":{"@type":"PropertyValueSpecification","valueRequired":true,"valueName":"search_term_string"}}],"inLanguage":"de-DE"}]}},"_links":{"self":[{"href":"https:\/\/kopendoors.com\/de\/wp-json\/wp\/v2\/pages\/6505","targetHints":{"allow":["GET"]}}],"collection":[{"href":"https:\/\/kopendoors.com\/de\/wp-json\/wp\/v2\/pages"}],"about":[{"href":"https:\/\/kopendoors.com\/de\/wp-json\/wp\/v2\/types\/page"}],"author":[{"embeddable":true,"href":"https:\/\/kopendoors.com\/de\/wp-json\/wp\/v2\/users\/1"}],"replies":[{"embeddable":true,"href":"https:\/\/kopendoors.com\/de\/wp-json\/wp\/v2\/comments?post=6505"}],"version-history":[{"count":4,"href":"https:\/\/kopendoors.com\/de\/wp-json\/wp\/v2\/pages\/6505\/revisions"}],"predecessor-version":[{"id":6625,"href":"https:\/\/kopendoors.com\/de\/wp-json\/wp\/v2\/pages\/6505\/revisions\/6625"}],"wp:featuredmedia":[{"embeddable":true,"href":"https:\/\/kopendoors.com\/de\/wp-json\/wp\/v2\/media\/5672"}],"wp:attachment":[{"href":"https:\/\/kopendoors.com\/de\/wp-json\/wp\/v2\/media?parent=6505"}],"curies":[{"name":"wp","href":"https:\/\/api.w.org\/{rel}","templated":true}]}}