{"id":6493,"date":"2022-11-06T11:18:53","date_gmt":"2022-11-06T10:18:53","guid":{"rendered":"https:\/\/kopendoors.com\/quality\/"},"modified":"2022-12-04T17:22:03","modified_gmt":"2022-12-04T16:22:03","slug":"quality","status":"publish","type":"page","link":"https:\/\/kopendoors.com\/de\/quality\/","title":{"rendered":"Qualit\u00e4t"},"content":{"rendered":"<section class=\"wpb-content-wrapper\"><p>[vc_row equal_height=&#8221;yes&#8221; content_placement=&#8221;middle&#8221; css=&#8221;.vc_custom_1669221088372{margin-top: 100px !important;margin-bottom: 100px !important;}&#8221; el_class=&#8221;maxwk&#8221;][vc_column width=&#8221;1\/2&#8243;][vc_column_text]<\/p>\n<h3>Garantie<\/h3>\n<h4>Um alle Anspr\u00fcche erf\u00fcllen zu k\u00f6nnen, verf\u00fcgt Kopen \u00fcber ein qualifiziertes Beratungs- und Kundendienstteam. Ab der Phase der Erstellung des Kostenvoranschlags bis zur Montage ist unser qualifiziertes Personal in der Lage, Ihnen die erforderliche Unterst\u00fctzung zu bieten. Die T\u00fcren von Kopen wurden entwickelt, um jedem Haus eine sichere und exklusive Design-L\u00f6sung zu bieten. Jedes Produkt beruht auf dem gesamten Wissen von Kopen, um stets an der Seite des Kunden zu stehen.<\/h4>\n<p>[\/vc_column_text][\/vc_column][vc_column width=&#8221;1\/2&#8243;][vc_single_image image=&#8221;5789&#8243; img_size=&#8221;large&#8221; alignment=&#8221;center&#8221;][\/vc_column][\/vc_row][vc_row][vc_column css=&#8221;.vc_custom_1667927878225{padding-right: 3px !important;padding-left: 3px !important;}&#8221;]\n\t\t<section class=\"reveal-image lay3\">\n\t\t\t<div class=\"reveal_main \">\n\t\t\t\t<div data-reveal=\"home\" data-reveal-bgcolor=\"#c4bfbf\" data-reveal-direction=\"rl\" data-reveal-duration=\"800\"  data-reveal-offset=\"-100\" data-reveal-cover-area=\"0\" class=\"reveal_cont-img full-width block-revealer\">\n\t\t\t\t\t<div class=\"block-revealer__content\">\n\t\t\t\t\t\t<div class=\"reveal_img image-bg image-large image-center\" style=\"background-image: url(https:\/\/kopendoors.com\/wp-content\/uploads\/2022\/11\/porta-kopen-detail-classic-green-1024x576.jpg);\">\n\t\t\t\t\t\t\t<img decoding=\"async\" class=\"reveal_img img-responsive hidden-lg\" src=\"https:\/\/kopendoors.com\/wp-content\/themes\/kopen\/img\/size-16-9.gif\"><img decoding=\"async\" class=\"reveal_img img-responsive hidden-sm\" src=\"https:\/\/kopendoors.com\/wp-content\/themes\/kopen\/img\/size-square.gif\">\n\t\t\t\t\t\t<\/div>\n\t\t\t\t\t<\/div>\n\t\t\t\t\t<div class=\"block-revealer__element\"><\/div>\n\t\t\t\t<\/div>\n\t\t\t<\/div>\n\t\t<\/section>\n\t\t[\/vc_column][\/vc_row][vc_row css=&#8221;.vc_custom_1667927936647{background-color: #f5f5f5 !important;}&#8221;][vc_column][vc_row_inner el_class=&#8221;maxwk&#8221;][vc_column_inner][vc_column_text css=&#8221;.vc_custom_1667928223065{margin-top: 30px !important;margin-bottom: 30px !important;}&#8221;]<\/p>\n<h2 style=\"text-align: center;\"><strong>Performance &amp; Zertifizierungen<\/strong><\/h2>\n<p>[\/vc_column_text]<div class=\"importedel\"><section class=\"wpb-content-wrapper\"><p>[vc_row css=&#8221;.vc_custom_1667754574975{margin-top: 10px !important;margin-bottom: 20px !important;}&#8221;][vc_column css=&#8221;.vc_custom_1667755074807{margin-bottom: 30px !important;}&#8221;][vc_column_text]<\/p>\n<h4 style=\"text-align: center;\"><strong>Alle Eingangst\u00fcren von Kopen weisen die CE-Kennzeichnung gem\u00e4\u00df der Norm UNI EN 14351-1 sowie die folgenden Zertifizierungen auf.<\/strong><\/h4>\n<p>[\/vc_column_text][\/vc_column][\/vc_row][vc_row el_class=&#8221;certificazioni-block&#8221;][vc_column width=&#8221;1\/3&#8243; css=&#8221;.vc_custom_1667754811344{margin-bottom: 50px !important;}&#8221;][vc_single_image image=&#8221;5402&#8243; img_size=&#8221;large&#8221; alignment=&#8221;center&#8221; el_class=&#8221;certicon&#8221;][vc_column_text]<\/p>\n<p style=\"text-align: center;\"><strong>W\u00e4rme\u00fcbertragung<\/strong><\/p>\n<h5 style=\"text-align: center;\">(UNI EN IS012567-2)<br \/>\nBis Ud 0,68 W\/mq\u00b0K<\/h5>\n<p>[\/vc_column_text][\/vc_column][vc_column width=&#8221;1\/3&#8243; css=&#8221;.vc_custom_1667754817843{margin-bottom: 50px !important;}&#8221;][vc_single_image image=&#8221;5407&#8243; img_size=&#8221;large&#8221; alignment=&#8221;center&#8221; el_class=&#8221;certicon&#8221;][vc_column_text]<\/p>\n<p style=\"text-align: center;\"><strong>Wasserdichtigkeit<\/strong><\/p>\n<h5 style=\"text-align: center;\">(UNI EN 1027,12208)<\/h5>\n<h5 style=\"text-align: center;\">Bis Klasse 9A<\/h5>\n<p>[\/vc_column_text][\/vc_column][vc_column width=&#8221;1\/3&#8243; css=&#8221;.vc_custom_1667754825114{margin-bottom: 50px !important;}&#8221;][vc_single_image image=&#8221;5411&#8243; img_size=&#8221;large&#8221; alignment=&#8221;center&#8221; el_class=&#8221;certicon&#8221;][vc_column_text]<\/p>\n<p style=\"text-align: center;\"><strong>Luftdurchl\u00e4ssigkeit<\/strong><\/p>\n<h5 style=\"text-align: center;\">(UNI EN 1026, 12207)<\/h5>\n<h5 style=\"text-align: center;\">Bis Klasse 4<\/h5>\n<p>[\/vc_column_text][\/vc_column][\/vc_row][vc_row el_class=&#8221;certificazioni-block&#8221;][vc_column width=&#8221;1\/3&#8243; css=&#8221;.vc_custom_1667754811344{margin-bottom: 50px !important;}&#8221;][vc_single_image image=&#8221;5423&#8243; img_size=&#8221;large&#8221; alignment=&#8221;center&#8221; el_class=&#8221;certicon&#8221;][vc_column_text]<\/p>\n<p style=\"text-align: center;\"><strong>Windwiderstand<\/strong><\/p>\n<h5 style=\"text-align: center;\">(UNI EN 12211, 12210)<\/h5>\n<h5 style=\"text-align: center;\">Bis Klasse C4<\/h5>\n<p>[\/vc_column_text][\/vc_column][vc_column width=&#8221;1\/3&#8243; css=&#8221;.vc_custom_1667754817843{margin-bottom: 50px !important;}&#8221;][vc_single_image image=&#8221;5419&#8243; img_size=&#8221;large&#8221; alignment=&#8221;center&#8221; el_class=&#8221;certicon&#8221;][vc_column_text]<\/p>\n<p style=\"text-align: center;\"><strong>Schalld\u00e4mmung<\/strong><\/p>\n<h5 style=\"text-align: center;\">(UNI EN ISO140-3, UNI EN ISO R717-1)<\/h5>\n<h5 style=\"text-align: center;\">Bis 40 dB<\/h5>\n<p>[\/vc_column_text][\/vc_column][vc_column width=&#8221;1\/3&#8243; css=&#8221;.vc_custom_1667754825114{margin-bottom: 50px !important;}&#8221;][vc_single_image image=&#8221;5415&#8243; img_size=&#8221;large&#8221; alignment=&#8221;center&#8221; el_class=&#8221;certicon&#8221;][vc_column_text]<\/p>\n<p style=\"text-align: center;\"><strong>Einbruchschutz<\/strong><\/p>\n<h5 style=\"text-align: center;\">(UNI EN 1627-28-29-30)<br \/>\nRC2 \u2013 RC3 \u2013 RC4<\/h5>\n<p>[\/vc_column_text][\/vc_column][\/vc_row]<\/p>\n<\/section><style type=\"text\/css\" data-type=\"vc_shortcodes-custom-css\">.vc_custom_1667754574975{margin-top: 10px !important;margin-bottom: 20px !important;}.vc_custom_1667755074807{margin-bottom: 30px !important;}.vc_custom_1667754811344{margin-bottom: 50px !important;}.vc_custom_1667754817843{margin-bottom: 50px !important;}.vc_custom_1667754825114{margin-bottom: 50px !important;}.vc_custom_1667754811344{margin-bottom: 50px !important;}.vc_custom_1667754817843{margin-bottom: 50px !important;}.vc_custom_1667754825114{margin-bottom: 50px !important;}<\/style><\/div>[\/vc_column_inner][\/vc_row_inner][\/vc_column][\/vc_row][vc_row css=&#8221;.vc_custom_1667928257775{margin-top: 0px !important;padding-top: 0px !important;padding-bottom: 0px !important;}&#8221;][vc_column css=&#8221;.vc_custom_1667928252896{padding-top: 0px !important;padding-right: 3px !important;padding-bottom: 0px !important;padding-left: 3px !important;}&#8221;]\n\t\t<section class=\"reveal-image lay3\">\n\t\t\t<div class=\"reveal_main \">\n\t\t\t\t<div data-reveal=\"home\" data-reveal-bgcolor=\"#c4bfbf\" data-reveal-direction=\"rl\" data-reveal-duration=\"800\"  data-reveal-offset=\"-100\" data-reveal-cover-area=\"0\" class=\"reveal_cont-img full-width block-revealer\">\n\t\t\t\t\t<div class=\"block-revealer__content\">\n\t\t\t\t\t\t<div class=\"reveal_img image-bg image-large image-center\" style=\"background-image: url(https:\/\/kopendoors.com\/wp-content\/uploads\/2022\/11\/porta-kopen-detail-maniglia-1024x576.jpg);\">\n\t\t\t\t\t\t\t<img decoding=\"async\" class=\"reveal_img img-responsive hidden-lg\" src=\"https:\/\/kopendoors.com\/wp-content\/themes\/kopen\/img\/size-16-9.gif\"><img decoding=\"async\" class=\"reveal_img img-responsive hidden-sm\" src=\"https:\/\/kopendoors.com\/wp-content\/themes\/kopen\/img\/size-square.gif\">\n\t\t\t\t\t\t<\/div>\n\t\t\t\t\t<\/div>\n\t\t\t\t\t<div class=\"block-revealer__element\"><\/div>\n\t\t\t\t<\/div>\n\t\t\t<\/div>\n\t\t<\/section>\n\t\t[\/vc_column][\/vc_row]<\/p>\n<\/section>","protected":false},"excerpt":{"rendered":"<p>[vc_row equal_height=&#8221;yes&#8221; content_placement=&#8221;middle&#8221; css=&#8221;.vc_custom_1669221088372{margin-top: 100px !important;margin-bottom: 100px !important;}&#8221; el_class=&#8221;maxwk&#8221;][vc_column width=&#8221;1\/2&#8243;][vc_column_text] Garantie Um alle Anspr\u00fcche erf\u00fcllen zu k\u00f6nnen, verf\u00fcgt Kopen \u00fcber ein qualifiziertes Beratungs- und Kundendienstteam. Ab der Phase der Erstellung des Kostenvoranschlags bis zur Montage ist unser qualifiziertes Personal in der Lage, Ihnen die erforderliche Unterst\u00fctzung zu bieten. Die T\u00fcren von Kopen wurden entwickelt, um [&hellip;]<\/p>\n","protected":false},"author":1,"featured_media":5784,"parent":0,"menu_order":0,"comment_status":"closed","ping_status":"closed","template":"template_header2.php","meta":{"footnotes":""},"class_list":["post-6493","page","type-page","status-publish","has-post-thumbnail","hentry"],"acf":[],"yoast_head":"<!-- This site is optimized with the Yoast SEO plugin v25.9 - https:\/\/yoast.com\/wordpress\/plugins\/seo\/ -->\n<title>Qualit\u00e4t - Kopen<\/title>\n<meta name=\"description\" content=\"Die Wahl einer Eingangst\u00fcr von Kopen ist eine Entscheidung f\u00fcr die bestm\u00f6gliche W\u00e4rme- und Schalld\u00e4mmung, f\u00fcr ein widerstandsf\u00e4higes Qualit\u00e4tsprodukt mit garantierter langer Haltbarkeit.\" \/>\n<meta name=\"robots\" content=\"index, follow, max-snippet:-1, max-image-preview:large, max-video-preview:-1\" \/>\n<link rel=\"canonical\" href=\"https:\/\/kopendoors.com\/de\/quality\/\" \/>\n<meta property=\"og:locale\" content=\"de_DE\" \/>\n<meta property=\"og:type\" content=\"article\" \/>\n<meta property=\"og:title\" content=\"Qualit\u00e4t - Kopen\" \/>\n<meta property=\"og:description\" content=\"Die Wahl einer Eingangst\u00fcr von Kopen ist eine Entscheidung f\u00fcr die bestm\u00f6gliche W\u00e4rme- und Schalld\u00e4mmung, f\u00fcr ein widerstandsf\u00e4higes Qualit\u00e4tsprodukt mit garantierter langer Haltbarkeit.\" \/>\n<meta property=\"og:url\" content=\"https:\/\/kopendoors.com\/de\/quality\/\" \/>\n<meta property=\"og:site_name\" content=\"Kopen\" \/>\n<meta property=\"article:publisher\" content=\"https:\/\/www.facebook.com\/Kopendoors\" \/>\n<meta property=\"article:modified_time\" content=\"2022-12-04T16:22:03+00:00\" \/>\n<meta property=\"og:image\" content=\"https:\/\/kopendoors.com\/wp-content\/uploads\/2022\/11\/background-top-title-qualita.jpg\" \/>\n\t<meta property=\"og:image:width\" content=\"1920\" \/>\n\t<meta property=\"og:image:height\" content=\"514\" \/>\n\t<meta property=\"og:image:type\" content=\"image\/jpeg\" \/>\n<meta name=\"twitter:card\" content=\"summary_large_image\" \/>\n<meta name=\"twitter:site\" content=\"@Kopendoor\" \/>\n<meta name=\"twitter:label1\" content=\"Gesch\u00e4tzte Lesezeit\" \/>\n\t<meta name=\"twitter:data1\" content=\"1 minute\" \/>\n<script type=\"application\/ld+json\" class=\"yoast-schema-graph\">{\"@context\":\"https:\/\/schema.org\",\"@graph\":[{\"@type\":\"WebPage\",\"@id\":\"https:\/\/kopendoors.com\/de\/quality\/\",\"url\":\"https:\/\/kopendoors.com\/de\/quality\/\",\"name\":\"Qualit\u00e4t - Kopen\",\"isPartOf\":{\"@id\":\"https:\/\/kopendoors.com\/it\/#website\"},\"primaryImageOfPage\":{\"@id\":\"https:\/\/kopendoors.com\/de\/quality\/#primaryimage\"},\"image\":{\"@id\":\"https:\/\/kopendoors.com\/de\/quality\/#primaryimage\"},\"thumbnailUrl\":\"https:\/\/kopendoors.com\/wp-content\/uploads\/2022\/11\/background-top-title-qualita.jpg\",\"datePublished\":\"2022-11-06T10:18:53+00:00\",\"dateModified\":\"2022-12-04T16:22:03+00:00\",\"description\":\"Die Wahl einer Eingangst\u00fcr von Kopen ist eine Entscheidung f\u00fcr die bestm\u00f6gliche W\u00e4rme- und Schalld\u00e4mmung, f\u00fcr ein widerstandsf\u00e4higes Qualit\u00e4tsprodukt mit garantierter langer Haltbarkeit.\",\"inLanguage\":\"de-DE\",\"potentialAction\":[{\"@type\":\"ReadAction\",\"target\":[\"https:\/\/kopendoors.com\/de\/quality\/\"]}]},{\"@type\":\"ImageObject\",\"inLanguage\":\"de-DE\",\"@id\":\"https:\/\/kopendoors.com\/de\/quality\/#primaryimage\",\"url\":\"https:\/\/kopendoors.com\/wp-content\/uploads\/2022\/11\/background-top-title-qualita.jpg\",\"contentUrl\":\"https:\/\/kopendoors.com\/wp-content\/uploads\/2022\/11\/background-top-title-qualita.jpg\",\"width\":1920,\"height\":514,\"caption\":\"prodotti di qualit\u00e0 Kopen\"},{\"@type\":\"WebSite\",\"@id\":\"https:\/\/kopendoors.com\/it\/#website\",\"url\":\"https:\/\/kopendoors.com\/it\/\",\"name\":\"Kopen\",\"description\":\"Porte di Ingresso in Alluminio con Design Esclusivo. Belle e Personalizzabili. Garanzia 15 anni.\",\"potentialAction\":[{\"@type\":\"SearchAction\",\"target\":{\"@type\":\"EntryPoint\",\"urlTemplate\":\"https:\/\/kopendoors.com\/it\/?s={search_term_string}\"},\"query-input\":{\"@type\":\"PropertyValueSpecification\",\"valueRequired\":true,\"valueName\":\"search_term_string\"}}],\"inLanguage\":\"de-DE\"}]}<\/script>\n<!-- \/ Yoast SEO plugin. -->","yoast_head_json":{"title":"Qualit\u00e4t - Kopen","description":"Die Wahl einer Eingangst\u00fcr von Kopen ist eine Entscheidung f\u00fcr die bestm\u00f6gliche W\u00e4rme- und Schalld\u00e4mmung, f\u00fcr ein widerstandsf\u00e4higes Qualit\u00e4tsprodukt mit garantierter langer Haltbarkeit.","robots":{"index":"index","follow":"follow","max-snippet":"max-snippet:-1","max-image-preview":"max-image-preview:large","max-video-preview":"max-video-preview:-1"},"canonical":"https:\/\/kopendoors.com\/de\/quality\/","og_locale":"de_DE","og_type":"article","og_title":"Qualit\u00e4t - Kopen","og_description":"Die Wahl einer Eingangst\u00fcr von Kopen ist eine Entscheidung f\u00fcr die bestm\u00f6gliche W\u00e4rme- und Schalld\u00e4mmung, f\u00fcr ein widerstandsf\u00e4higes Qualit\u00e4tsprodukt mit garantierter langer Haltbarkeit.","og_url":"https:\/\/kopendoors.com\/de\/quality\/","og_site_name":"Kopen","article_publisher":"https:\/\/www.facebook.com\/Kopendoors","article_modified_time":"2022-12-04T16:22:03+00:00","og_image":[{"width":1920,"height":514,"url":"https:\/\/kopendoors.com\/wp-content\/uploads\/2022\/11\/background-top-title-qualita.jpg","type":"image\/jpeg"}],"twitter_card":"summary_large_image","twitter_site":"@Kopendoor","twitter_misc":{"Gesch\u00e4tzte Lesezeit":"1 minute"},"schema":{"@context":"https:\/\/schema.org","@graph":[{"@type":"WebPage","@id":"https:\/\/kopendoors.com\/de\/quality\/","url":"https:\/\/kopendoors.com\/de\/quality\/","name":"Qualit\u00e4t - Kopen","isPartOf":{"@id":"https:\/\/kopendoors.com\/it\/#website"},"primaryImageOfPage":{"@id":"https:\/\/kopendoors.com\/de\/quality\/#primaryimage"},"image":{"@id":"https:\/\/kopendoors.com\/de\/quality\/#primaryimage"},"thumbnailUrl":"https:\/\/kopendoors.com\/wp-content\/uploads\/2022\/11\/background-top-title-qualita.jpg","datePublished":"2022-11-06T10:18:53+00:00","dateModified":"2022-12-04T16:22:03+00:00","description":"Die Wahl einer Eingangst\u00fcr von Kopen ist eine Entscheidung f\u00fcr die bestm\u00f6gliche W\u00e4rme- und Schalld\u00e4mmung, f\u00fcr ein widerstandsf\u00e4higes Qualit\u00e4tsprodukt mit garantierter langer Haltbarkeit.","inLanguage":"de-DE","potentialAction":[{"@type":"ReadAction","target":["https:\/\/kopendoors.com\/de\/quality\/"]}]},{"@type":"ImageObject","inLanguage":"de-DE","@id":"https:\/\/kopendoors.com\/de\/quality\/#primaryimage","url":"https:\/\/kopendoors.com\/wp-content\/uploads\/2022\/11\/background-top-title-qualita.jpg","contentUrl":"https:\/\/kopendoors.com\/wp-content\/uploads\/2022\/11\/background-top-title-qualita.jpg","width":1920,"height":514,"caption":"prodotti di qualit\u00e0 Kopen"},{"@type":"WebSite","@id":"https:\/\/kopendoors.com\/it\/#website","url":"https:\/\/kopendoors.com\/it\/","name":"Kopen","description":"Porte di Ingresso in Alluminio con Design Esclusivo. Belle e Personalizzabili. Garanzia 15 anni.","potentialAction":[{"@type":"SearchAction","target":{"@type":"EntryPoint","urlTemplate":"https:\/\/kopendoors.com\/it\/?s={search_term_string}"},"query-input":{"@type":"PropertyValueSpecification","valueRequired":true,"valueName":"search_term_string"}}],"inLanguage":"de-DE"}]}},"_links":{"self":[{"href":"https:\/\/kopendoors.com\/de\/wp-json\/wp\/v2\/pages\/6493","targetHints":{"allow":["GET"]}}],"collection":[{"href":"https:\/\/kopendoors.com\/de\/wp-json\/wp\/v2\/pages"}],"about":[{"href":"https:\/\/kopendoors.com\/de\/wp-json\/wp\/v2\/types\/page"}],"author":[{"embeddable":true,"href":"https:\/\/kopendoors.com\/de\/wp-json\/wp\/v2\/users\/1"}],"replies":[{"embeddable":true,"href":"https:\/\/kopendoors.com\/de\/wp-json\/wp\/v2\/comments?post=6493"}],"version-history":[{"count":6,"href":"https:\/\/kopendoors.com\/de\/wp-json\/wp\/v2\/pages\/6493\/revisions"}],"predecessor-version":[{"id":6654,"href":"https:\/\/kopendoors.com\/de\/wp-json\/wp\/v2\/pages\/6493\/revisions\/6654"}],"wp:featuredmedia":[{"embeddable":true,"href":"https:\/\/kopendoors.com\/de\/wp-json\/wp\/v2\/media\/5784"}],"wp:attachment":[{"href":"https:\/\/kopendoors.com\/de\/wp-json\/wp\/v2\/media?parent=6493"}],"curies":[{"name":"wp","href":"https:\/\/api.w.org\/{rel}","templated":true}]}}