{"id":6460,"date":"2022-11-06T11:19:32","date_gmt":"2022-11-06T10:19:32","guid":{"rendered":"https:\/\/kopendoors.com\/glass\/"},"modified":"2022-12-13T10:46:04","modified_gmt":"2022-12-13T09:46:04","slug":"glass","status":"publish","type":"page","link":"https:\/\/kopendoors.com\/de\/glass\/","title":{"rendered":"Scheiben"},"content":{"rendered":"<section class=\"wpb-content-wrapper\"><p>[vc_row css=&#8221;.vc_custom_1669221605983{margin-top: 100px !important;margin-bottom: 100px !important;}&#8221; el_class=&#8221;maxwk&#8221;][vc_column width=&#8221;5\/6&#8243; offset=&#8221;vc_col-md-6 vc_col-xs-12&#8243;][vc_column_text]Die Produktlinie Scheiben von Kopen wurde entwickelt, um das Konzept der Scheibe in den Bereich Wohnungsbau und Einrichtung aufzuwerten und so zum Protagonisten des Designs im architektonischen Element der Eingangst\u00fcr zu machen.<\/p>\n<p>&nbsp;<\/p>\n<p>Satinierung, Gravur, Sandstrahlung und Lackierung sind die Verarbeitungen, die den Scheiben der Produktlinie von Kopen einen hohen Grad von Raffiniertheit verleihen, sowohl unter sensoriellem Profil, als auch hinsichtlich der Lichtverteilung, und sich dank der Vielzahl der diskreten Dekormotiven f\u00fcr verschiedene Einrichtungsstile eignen.<\/p>\n<p>&nbsp;<\/p>\n<p>Die Qualit\u00e4t der Scheibe der Eingangst\u00fcr von Kopen wird durch eine Zusammensetzung garantiert, die eine interne und eine externe satinierte wei\u00dfe Sicherheitsscheibe J13 zu 33.1 sowie zwei Zwischenscheiben zu 4 mm und drei Luftkammern vorsieht (1), w\u00e4hrend die Scheibe der Seitenlichter aus einer Scheibe mit doppelter Kammer besteht (2). Die perfekte Gleichf\u00f6rmigkeit und die konstante Qualit\u00e4t zeichnen die Produktlinie der Scheiben von Kopen aus, mit der Garantie eines zeitbest\u00e4ndigen Produkts.[\/vc_column_text][\/vc_column][vc_column width=&#8221;1\/6&#8243; offset=&#8221;vc_col-lg-6 vc_col-md-6 vc_col-xs-12&#8243;][vc_row_inner][vc_column_inner offset=&#8221;vc_col-lg-6 vc_col-md-6&#8243;][vc_single_image image=&#8221;5818&#8243; img_size=&#8221;full&#8221; alignment=&#8221;center&#8221; el_class=&#8221;fullw&#8221;][vc_column_text]<\/p>\n<p style=\"text-align: center;\"><strong>Scheibe Eingangst\u00fcr<\/strong><\/p>\n<p>[\/vc_column_text][\/vc_column_inner][vc_column_inner offset=&#8221;vc_col-lg-6 vc_col-md-6&#8243;][vc_single_image image=&#8221;5823&#8243; img_size=&#8221;full&#8221; alignment=&#8221;center&#8221; el_class=&#8221;fullw&#8221;][vc_column_text]<\/p>\n<p style=\"text-align: center;\"><strong>Scheibe Seitenlicht<\/strong><\/p>\n<p>[\/vc_column_text][\/vc_column_inner][\/vc_row_inner][\/vc_column][\/vc_row][vc_row css=&#8221;.vc_custom_1668002163097{padding-top: 100px !important;padding-bottom: 100px !important;background-color: #f5f5f5 !important;}&#8221;][vc_column][vc_row_inner el_class=&#8221;maxwk&#8221;][vc_column_inner][vc_column_text css=&#8221;.vc_custom_1668001295184{margin-bottom: 40px !important;}&#8221;]<\/p>\n<h2 style=\"text-align: center;\"><strong>Standardscheiben<\/strong><\/h2>\n<p>[\/vc_column_text][\/vc_column_inner][\/vc_row_inner][vc_row_inner el_class=&#8221;maxwk&#8221;][vc_column_inner width=&#8221;1\/3&#8243;][vc_single_image image=&#8221;5834&#8243; img_size=&#8221;full&#8221; alignment=&#8221;center&#8221; el_class=&#8221;fullw&#8221;][vc_column_text]<\/p>\n<p style=\"text-align: center;\"><strong>Satiniert Wei\u00df<\/strong><br \/>\nVTC 003 J13<\/p>\n<p>[\/vc_column_text][\/vc_column_inner][vc_column_inner width=&#8221;1\/3&#8243;][vc_single_image image=&#8221;5839&#8243; img_size=&#8221;full&#8221; alignment=&#8221;center&#8221; el_class=&#8221;fullw&#8221;][vc_column_text]<\/p>\n<p style=\"text-align: center;\"><strong>Satiniert Bronze<\/strong><br \/>\nVTC 003 J14<\/p>\n<p>[\/vc_column_text][\/vc_column_inner][vc_column_inner width=&#8221;1\/3&#8243;][vc_single_image image=&#8221;5843&#8243; img_size=&#8221;full&#8221; alignment=&#8221;center&#8221; el_class=&#8221;fullw&#8221;][vc_column_text]<\/p>\n<p style=\"text-align: center;\"><strong>Satiniert Fum\u00e8<\/strong><br \/>\nVTC 003 J15<\/p>\n<p>[\/vc_column_text][\/vc_column_inner][\/vc_row_inner][\/vc_column][\/vc_row][vc_row css=&#8221;.vc_custom_1669221718533{padding-top: 100px !important;padding-bottom: 100px !important;}&#8221; el_class=&#8221;maxwk&#8221;][vc_column][vc_column_text css=&#8221;.vc_custom_1668002203736{margin-bottom: 40px !important;}&#8221;]<\/p>\n<h2 style=\"text-align: center;\"><strong>Scheiben mit Motiven<\/strong><\/h2>\n<p>[\/vc_column_text][vc_row_inner content_placement=&#8221;top&#8221; el_class=&#8221;maxw1000&#8243; css=&#8221;.vc_custom_1668002851881{border-top-width: 1px !important;border-top-color: #e6e6e6 !important;border-top-style: solid !important;}&#8221;][vc_column_inner width=&#8221;1\/4&#8243;][vc_single_image image=&#8221;5853&#8243; img_size=&#8221;large&#8221; alignment=&#8221;center&#8221; el_class=&#8221;fullw&#8221;][vc_column_text]<\/p>\n<p style=\"text-align: center;\"><strong>VTC 003 J16<\/strong><\/p>\n<p>[\/vc_column_text][\/vc_column_inner][vc_column_inner width=&#8221;1\/4&#8243; css=&#8221;.vc_custom_1668002675058{margin-bottom: 20px !important;}&#8221;][vc_single_image image=&#8221;5849&#8243; img_size=&#8221;large&#8221; alignment=&#8221;center&#8221; el_class=&#8221;fullw&#8221;][vc_column_text]<\/p>\n<p style=\"text-align: center;\"><strong>VTC 003 J17<\/strong><\/p>\n<p>[\/vc_column_text][\/vc_column_inner][vc_column_inner width=&#8221;1\/2&#8243; css=&#8221;.vc_custom_1668002933982{margin-bottom: 30px !important;}&#8221;][vc_column_text]<\/p>\n<h4><strong>LINEAR<\/strong><\/h4>\n<p>&nbsp;<\/p>\n<p>Punkte und Linie, die den Scheiben Leben verleihen und Vibrationen und Energie \u00fcbermitteln. Der Minimalismus ist beabsichtigt, um die schlichten Linien des zeitgen\u00f6ssischen Designs zu unterstreichen.[\/vc_column_text][\/vc_column_inner][\/vc_row_inner][vc_row_inner content_placement=&#8221;top&#8221; el_class=&#8221;maxw1000&#8243; css=&#8221;.vc_custom_1668002851881{border-top-width: 1px !important;border-top-color: #e6e6e6 !important;border-top-style: solid !important;}&#8221;][vc_column_inner width=&#8221;1\/4&#8243;][vc_single_image image=&#8221;5867&#8243; img_size=&#8221;large&#8221; alignment=&#8221;center&#8221; el_class=&#8221;fullw&#8221;][vc_column_text]<\/p>\n<p style=\"text-align: center;\"><strong>VTC 003 J18<\/strong><\/p>\n<p>[\/vc_column_text][\/vc_column_inner][vc_column_inner width=&#8221;1\/4&#8243; css=&#8221;.vc_custom_1668002675058{margin-bottom: 20px !important;}&#8221;][vc_single_image image=&#8221;5863&#8243; img_size=&#8221;large&#8221; alignment=&#8221;center&#8221; el_class=&#8221;fullw&#8221;][vc_column_text]<\/p>\n<p style=\"text-align: center;\"><strong>VTC 003 J19<\/strong><\/p>\n<p>[\/vc_column_text][\/vc_column_inner][vc_column_inner width=&#8221;1\/2&#8243; css=&#8221;.vc_custom_1668002933982{margin-bottom: 30px !important;}&#8221;][vc_column_text]<\/p>\n<h4><strong>MATERICA<\/strong><\/h4>\n<p>&nbsp;<\/p>\n<p>Materien, Texturen und Atmosph\u00e4ren finden in der Scheibe einen neuen Ausdruck dank der besonderen Bearbeitungstechniken, die den visuellen und taktilen Effekt der Oberfl\u00e4che ver\u00e4ndern und zu einer einzigartigen Komponente der Architektur und des Designs machen.[\/vc_column_text][\/vc_column_inner][\/vc_row_inner][vc_row_inner content_placement=&#8221;top&#8221; el_class=&#8221;maxw1000&#8243; css=&#8221;.vc_custom_1668002851881{border-top-width: 1px !important;border-top-color: #e6e6e6 !important;border-top-style: solid !important;}&#8221;][vc_column_inner width=&#8221;1\/4&#8243;][\/vc_column_inner][vc_column_inner width=&#8221;1\/4&#8243; css=&#8221;.vc_custom_1668002675058{margin-bottom: 20px !important;}&#8221;][vc_single_image image=&#8221;5871&#8243; img_size=&#8221;large&#8221; alignment=&#8221;center&#8221; el_class=&#8221;fullw&#8221;][vc_column_text]<\/p>\n<p style=\"text-align: center;\"><strong>VTC 003 J20<\/strong><\/p>\n<p>[\/vc_column_text][\/vc_column_inner][vc_column_inner width=&#8221;1\/2&#8243; css=&#8221;.vc_custom_1668002933982{margin-bottom: 30px !important;}&#8221;][vc_column_text]<\/p>\n<h4><strong>DESIGN<\/strong><\/h4>\n<p>&nbsp;<\/p>\n<p>Technologie und Kreativit\u00e4t f\u00fcr neue Motive, die die Einrichtung gestalten und den Eingangsbereich beleben und durch die Leichtigkeit der Satinierungen sowie der tiefen Gravuren aufwerten.[\/vc_column_text][\/vc_column_inner][\/vc_row_inner][\/vc_column][\/vc_row]<\/p>\n<\/section>","protected":false},"excerpt":{"rendered":"<p>[vc_row css=&#8221;.vc_custom_1669221605983{margin-top: 100px !important;margin-bottom: 100px !important;}&#8221; el_class=&#8221;maxwk&#8221;][vc_column width=&#8221;5\/6&#8243; offset=&#8221;vc_col-md-6 vc_col-xs-12&#8243;][vc_column_text]Die Produktlinie Scheiben von Kopen wurde entwickelt, um das Konzept der Scheibe in den Bereich Wohnungsbau und Einrichtung aufzuwerten und so zum Protagonisten des Designs im architektonischen Element der Eingangst\u00fcr zu machen. &nbsp; Satinierung, Gravur, Sandstrahlung und Lackierung sind die Verarbeitungen, die den Scheiben der Produktlinie [&hellip;]<\/p>\n","protected":false},"author":1,"featured_media":5813,"parent":0,"menu_order":0,"comment_status":"closed","ping_status":"closed","template":"template_header.php","meta":{"footnotes":""},"class_list":["post-6460","page","type-page","status-publish","has-post-thumbnail","hentry"],"acf":[],"yoast_head":"<!-- This site is optimized with the Yoast SEO plugin v25.9 - https:\/\/yoast.com\/wordpress\/plugins\/seo\/ -->\n<title>Scheiben - Kopen<\/title>\n<meta name=\"description\" content=\"Satinierung, Gravur, Sandstrahlung und Lackierung sind die Verarbeitungen, die den Scheiben der Produktlinie von Kopen einen hohen Grad von Raffiniertheit verleihen.\" \/>\n<meta name=\"robots\" content=\"index, follow, max-snippet:-1, max-image-preview:large, max-video-preview:-1\" \/>\n<link rel=\"canonical\" href=\"https:\/\/kopendoors.com\/de\/glass\/\" \/>\n<meta property=\"og:locale\" content=\"de_DE\" \/>\n<meta property=\"og:type\" content=\"article\" \/>\n<meta property=\"og:title\" content=\"Scheiben - Kopen\" \/>\n<meta property=\"og:description\" content=\"Satinierung, Gravur, Sandstrahlung und Lackierung sind die Verarbeitungen, die den Scheiben der Produktlinie von Kopen einen hohen Grad von Raffiniertheit verleihen.\" \/>\n<meta property=\"og:url\" content=\"https:\/\/kopendoors.com\/de\/glass\/\" \/>\n<meta property=\"og:site_name\" content=\"Kopen\" \/>\n<meta property=\"article:publisher\" content=\"https:\/\/www.facebook.com\/Kopendoors\" \/>\n<meta property=\"article:modified_time\" content=\"2022-12-13T09:46:04+00:00\" \/>\n<meta property=\"og:image\" content=\"https:\/\/kopendoors.com\/wp-content\/uploads\/2022\/11\/top-title-others.jpg\" \/>\n\t<meta property=\"og:image:width\" content=\"1920\" \/>\n\t<meta property=\"og:image:height\" content=\"514\" \/>\n\t<meta property=\"og:image:type\" content=\"image\/jpeg\" \/>\n<meta name=\"twitter:card\" content=\"summary_large_image\" \/>\n<meta name=\"twitter:site\" content=\"@Kopendoor\" \/>\n<meta name=\"twitter:label1\" content=\"Gesch\u00e4tzte Lesezeit\" \/>\n\t<meta name=\"twitter:data1\" content=\"4 minutes\" \/>\n<script type=\"application\/ld+json\" class=\"yoast-schema-graph\">{\"@context\":\"https:\/\/schema.org\",\"@graph\":[{\"@type\":\"WebPage\",\"@id\":\"https:\/\/kopendoors.com\/de\/glass\/\",\"url\":\"https:\/\/kopendoors.com\/de\/glass\/\",\"name\":\"Scheiben - Kopen\",\"isPartOf\":{\"@id\":\"https:\/\/kopendoors.com\/it\/#website\"},\"primaryImageOfPage\":{\"@id\":\"https:\/\/kopendoors.com\/de\/glass\/#primaryimage\"},\"image\":{\"@id\":\"https:\/\/kopendoors.com\/de\/glass\/#primaryimage\"},\"thumbnailUrl\":\"https:\/\/kopendoors.com\/wp-content\/uploads\/2022\/11\/top-title-others.jpg\",\"datePublished\":\"2022-11-06T10:19:32+00:00\",\"dateModified\":\"2022-12-13T09:46:04+00:00\",\"description\":\"Satinierung, Gravur, Sandstrahlung und Lackierung sind die Verarbeitungen, die den Scheiben der Produktlinie von Kopen einen hohen Grad von Raffiniertheit verleihen.\",\"inLanguage\":\"de-DE\",\"potentialAction\":[{\"@type\":\"ReadAction\",\"target\":[\"https:\/\/kopendoors.com\/de\/glass\/\"]}]},{\"@type\":\"ImageObject\",\"inLanguage\":\"de-DE\",\"@id\":\"https:\/\/kopendoors.com\/de\/glass\/#primaryimage\",\"url\":\"https:\/\/kopendoors.com\/wp-content\/uploads\/2022\/11\/top-title-others.jpg\",\"contentUrl\":\"https:\/\/kopendoors.com\/wp-content\/uploads\/2022\/11\/top-title-others.jpg\",\"width\":1920,\"height\":514,\"caption\":\"raffinatezza prodotti Kopen\"},{\"@type\":\"WebSite\",\"@id\":\"https:\/\/kopendoors.com\/it\/#website\",\"url\":\"https:\/\/kopendoors.com\/it\/\",\"name\":\"Kopen\",\"description\":\"Porte di Ingresso in Alluminio con Design Esclusivo. Belle e Personalizzabili. Garanzia 15 anni.\",\"potentialAction\":[{\"@type\":\"SearchAction\",\"target\":{\"@type\":\"EntryPoint\",\"urlTemplate\":\"https:\/\/kopendoors.com\/it\/?s={search_term_string}\"},\"query-input\":{\"@type\":\"PropertyValueSpecification\",\"valueRequired\":true,\"valueName\":\"search_term_string\"}}],\"inLanguage\":\"de-DE\"}]}<\/script>\n<!-- \/ Yoast SEO plugin. -->","yoast_head_json":{"title":"Scheiben - Kopen","description":"Satinierung, Gravur, Sandstrahlung und Lackierung sind die Verarbeitungen, die den Scheiben der Produktlinie von Kopen einen hohen Grad von Raffiniertheit verleihen.","robots":{"index":"index","follow":"follow","max-snippet":"max-snippet:-1","max-image-preview":"max-image-preview:large","max-video-preview":"max-video-preview:-1"},"canonical":"https:\/\/kopendoors.com\/de\/glass\/","og_locale":"de_DE","og_type":"article","og_title":"Scheiben - Kopen","og_description":"Satinierung, Gravur, Sandstrahlung und Lackierung sind die Verarbeitungen, die den Scheiben der Produktlinie von Kopen einen hohen Grad von Raffiniertheit verleihen.","og_url":"https:\/\/kopendoors.com\/de\/glass\/","og_site_name":"Kopen","article_publisher":"https:\/\/www.facebook.com\/Kopendoors","article_modified_time":"2022-12-13T09:46:04+00:00","og_image":[{"width":1920,"height":514,"url":"https:\/\/kopendoors.com\/wp-content\/uploads\/2022\/11\/top-title-others.jpg","type":"image\/jpeg"}],"twitter_card":"summary_large_image","twitter_site":"@Kopendoor","twitter_misc":{"Gesch\u00e4tzte Lesezeit":"4 minutes"},"schema":{"@context":"https:\/\/schema.org","@graph":[{"@type":"WebPage","@id":"https:\/\/kopendoors.com\/de\/glass\/","url":"https:\/\/kopendoors.com\/de\/glass\/","name":"Scheiben - Kopen","isPartOf":{"@id":"https:\/\/kopendoors.com\/it\/#website"},"primaryImageOfPage":{"@id":"https:\/\/kopendoors.com\/de\/glass\/#primaryimage"},"image":{"@id":"https:\/\/kopendoors.com\/de\/glass\/#primaryimage"},"thumbnailUrl":"https:\/\/kopendoors.com\/wp-content\/uploads\/2022\/11\/top-title-others.jpg","datePublished":"2022-11-06T10:19:32+00:00","dateModified":"2022-12-13T09:46:04+00:00","description":"Satinierung, Gravur, Sandstrahlung und Lackierung sind die Verarbeitungen, die den Scheiben der Produktlinie von Kopen einen hohen Grad von Raffiniertheit verleihen.","inLanguage":"de-DE","potentialAction":[{"@type":"ReadAction","target":["https:\/\/kopendoors.com\/de\/glass\/"]}]},{"@type":"ImageObject","inLanguage":"de-DE","@id":"https:\/\/kopendoors.com\/de\/glass\/#primaryimage","url":"https:\/\/kopendoors.com\/wp-content\/uploads\/2022\/11\/top-title-others.jpg","contentUrl":"https:\/\/kopendoors.com\/wp-content\/uploads\/2022\/11\/top-title-others.jpg","width":1920,"height":514,"caption":"raffinatezza prodotti Kopen"},{"@type":"WebSite","@id":"https:\/\/kopendoors.com\/it\/#website","url":"https:\/\/kopendoors.com\/it\/","name":"Kopen","description":"Porte di Ingresso in Alluminio con Design Esclusivo. Belle e Personalizzabili. Garanzia 15 anni.","potentialAction":[{"@type":"SearchAction","target":{"@type":"EntryPoint","urlTemplate":"https:\/\/kopendoors.com\/it\/?s={search_term_string}"},"query-input":{"@type":"PropertyValueSpecification","valueRequired":true,"valueName":"search_term_string"}}],"inLanguage":"de-DE"}]}},"_links":{"self":[{"href":"https:\/\/kopendoors.com\/de\/wp-json\/wp\/v2\/pages\/6460","targetHints":{"allow":["GET"]}}],"collection":[{"href":"https:\/\/kopendoors.com\/de\/wp-json\/wp\/v2\/pages"}],"about":[{"href":"https:\/\/kopendoors.com\/de\/wp-json\/wp\/v2\/types\/page"}],"author":[{"embeddable":true,"href":"https:\/\/kopendoors.com\/de\/wp-json\/wp\/v2\/users\/1"}],"replies":[{"embeddable":true,"href":"https:\/\/kopendoors.com\/de\/wp-json\/wp\/v2\/comments?post=6460"}],"version-history":[{"count":30,"href":"https:\/\/kopendoors.com\/de\/wp-json\/wp\/v2\/pages\/6460\/revisions"}],"predecessor-version":[{"id":6762,"href":"https:\/\/kopendoors.com\/de\/wp-json\/wp\/v2\/pages\/6460\/revisions\/6762"}],"wp:featuredmedia":[{"embeddable":true,"href":"https:\/\/kopendoors.com\/de\/wp-json\/wp\/v2\/media\/5813"}],"wp:attachment":[{"href":"https:\/\/kopendoors.com\/de\/wp-json\/wp\/v2\/media?parent=6460"}],"curies":[{"name":"wp","href":"https:\/\/api.w.org\/{rel}","templated":true}]}}