{"id":6442,"date":"2022-11-06T11:17:34","date_gmt":"2022-11-06T10:17:34","guid":{"rendered":"https:\/\/kopendoors.com\/kds\/"},"modified":"2023-07-07T15:15:43","modified_gmt":"2023-07-07T13:15:43","slug":"kds-100","status":"publish","type":"page","link":"https:\/\/kopendoors.com\/de\/kds-100\/","title":{"rendered":"Innovation KDS 100"},"content":{"rendered":"<section class=\"wpb-content-wrapper\"><p>[vc_row css=&#8221;.vc_custom_1669219623878{margin-top: 50px !important;}&#8221; el_class=&#8221;maxwk&#8221;][vc_column offset=&#8221;vc_col-lg-offset-0 vc_col-lg-12&#8243; css=&#8221;.vc_custom_1669219856213{margin-bottom: 0px !important;}&#8221;][vc_column_text]<\/p>\n<h3 style=\"text-align: center;\">Das\u00a0<span style=\"color: #cb272b;\">System KDS 100<\/span> ist ein innovatives und exklusives System, das von Kopen f\u00fcr die Realisierung von Eingangst\u00fcren aus Aluminium entwickelt wurde, die eine hohe W\u00e4rmed\u00e4mmung und Sicherheit bieten.<\/h3>\n<p>[\/vc_column_text][\/vc_column][\/vc_row][vc_row css=&#8221;.vc_custom_1669219614147{border-bottom-width: 1px !important;padding-bottom: 40px !important;border-bottom-color: #e6e6e6 !important;border-bottom-style: solid !important;}&#8221; el_class=&#8221;maxwk&#8221;][vc_column width=&#8221;1\/2&#8243; offset=&#8221;vc_col-lg-offset-0 vc_col-lg-6&#8243;][vc_column_text]Das System KDS 100 ist ein W\u00e4rmeisolierungssystem mit einer kontinuierlichen W\u00e4rmesperre, bestehend aus extrudierten Profilen aus hochwertiger Aluminiumlegierung mit einem Rahmen von 84 mm und einem T\u00fcrblatt mit Querschnitt 98\/102\/121 in Abh\u00e4ngigkeit von der gew\u00e4hlten L\u00f6sung.[\/vc_column_text][\/vc_column][vc_column width=&#8221;1\/2&#8243; offset=&#8221;vc_col-lg-6&#8243;][vc_column_text]Dank der Innovation sowie der Forschung und Entwicklung pr\u00e4sentiert Kopen mit dem Katalog T\u00fcren 2018 neue technische L\u00f6sungen und Design-L\u00f6sungen, die die M\u00f6glichkeit bieten, das Produkt zu w\u00e4hlen, das den Anforderungen des Kunden am besten entspricht.[\/vc_column_text][\/vc_column][\/vc_row][vc_row equal_height=&#8221;yes&#8221; content_placement=&#8221;middle&#8221; css=&#8221;.vc_custom_1669219629658{border-bottom-width: 1px !important;padding-bottom: 40px !important;border-bottom-color: #e6e6e6 !important;border-bottom-style: solid !important;}&#8221; el_class=&#8221;maxwk&#8221;][vc_column width=&#8221;1\/2&#8243; offset=&#8221;vc_col-lg-offset-0 vc_col-lg-6 vc_col-md-5&#8243;][vc_single_image image=&#8221;5402&#8243; img_size=&#8221;large&#8221; alignment=&#8221;center&#8221;][vc_column_text]<\/p>\n<p style=\"text-align: center;\"><strong>W\u00c4RME\u00dcBERTRAGUNG<\/strong><\/p>\n<p style=\"text-align: center;\">(UNI EN ISO 12567-2)<br \/>\nBis Ud 0,68 W\/mq\u00b0K<\/p>\n<p>[\/vc_column_text][\/vc_column][vc_column width=&#8221;1\/2&#8243; offset=&#8221;vc_col-lg-offset-0 vc_col-lg-6 vc_col-md-7&#8243;][vc_column_text]<\/p>\n<h2 style=\"text-align: center;\"><strong>Energieeinsparung.<\/strong><\/h2>\n<p>&nbsp;<\/p>\n<p style=\"text-align: center;\">Das System KDS 100 wurde entwickelt, um die bestm\u00f6gliche Energieeinsparung zu garantieren, f\u00fcr die Realisierung einer Eingangst\u00fcr, die in der Lage ist, die Anforderungen der geltenden Normen zu erf\u00fcllen.<\/p>\n<p>[\/vc_column_text][\/vc_column][\/vc_row][vc_row][vc_column css=&#8221;.vc_custom_1667913340118{margin-top: 40px !important;margin-bottom: 40px !important;padding-top: 0px !important;padding-right: 0px !important;padding-bottom: 0px !important;padding-left: 0px !important;}&#8221;]\n\t\t<section class=\"reveal-box lay2\">\n\t\t\t<div class=\"reveal_main reveal_right\">\n\t\t\t\t<div data-reveal=\"home\" data-reveal-bgcolor=\"#c4bfbf\" data-reveal-direction=\"lr\" data-reveal-duration=\"800\"  data-reveal-cover-area=\"0\" class=\"reveal_cont-img block-revealer\">\n\t\t\t\t\t<div class=\"reveal_cont-img block-revealer\">\n\t\t\t\t\t\t<div class=\"reveal_img image-bg image-large\" style=\"background-image: url(https:\/\/kopendoors.com\/wp-content\/uploads\/2022\/11\/reveal-ghost.jpg);\">\n\t\t\t\t\t\t\t<img decoding=\"async\" class=\"reveal_img img-responsive\" src=\"https:\/\/kopendoors.com\/wp-content\/themes\/kopen\/img\/size-16-9.gif\">\n\t\t\t\t\t\t<\/div>\n\t\t\t\t\t<\/div>\n\t\t\t\t\t<div class=\"block-revealer__element\"><\/div>\n\t\t\t\t<\/div>\n\t\t\t\t<div data-reveal-text=\"\" data-reveal-offset=\"-100\" data-reveal-delay=\"400\" class=\"reveal_cont-text reveal-bg\" style=\"background:#c4bfbf; color:#000000 !important;\">\n\t\t\t\t\t<\/p>\n<h2>System <strong>Ghost<\/strong><\/h2>\n<p>Mit dem Angebot 2018 f\u00fcgt Kopen dem Typ mit innerer \u00dcberlagerung, au\u00dfen abschlie\u00dfend und mit dreifacher Dichtung die L\u00f6sung GHOST hinzu, das hei\u00dft, ein dank der Ausstattung mit unsichtbaren Scharnieren innen und au\u00dfen abschlie\u00dfendes System.\n\t\t\t\t\t\n\t\t\t\t<\/div>\n\t\t\t<\/div>\n\t\t<\/section>\n\t\t[\/vc_column][\/vc_row][vc_row][vc_column css=&#8221;.vc_custom_1667913347118{margin-bottom: 40px !important;padding-top: 0px !important;padding-right: 0px !important;padding-bottom: 0px !important;padding-left: 0px !important;}&#8221;]\n\t\t<section class=\"reveal-box lay2\">\n\t\t\t<div class=\"reveal_main \">\n\t\t\t\t<div data-reveal=\"home\" data-reveal-bgcolor=\"#c4bfbf\" data-reveal-direction=\"rl\" data-reveal-duration=\"800\"  data-reveal-cover-area=\"0\" class=\"reveal_cont-img block-revealer\">\n\t\t\t\t\t<div class=\"reveal_cont-img block-revealer\">\n\t\t\t\t\t\t<div class=\"reveal_img image-bg image-large\" style=\"background-image: url(https:\/\/kopendoors.com\/wp-content\/uploads\/2022\/11\/reveal-bilico.jpg);\">\n\t\t\t\t\t\t\t<img decoding=\"async\" class=\"reveal_img img-responsive\" src=\"https:\/\/kopendoors.com\/wp-content\/themes\/kopen\/img\/size-16-9.gif\">\n\t\t\t\t\t\t<\/div>\n\t\t\t\t\t<\/div>\n\t\t\t\t\t<div class=\"block-revealer__element\"><\/div>\n\t\t\t\t<\/div>\n\t\t\t\t<div data-reveal-text=\"\" data-reveal-offset=\"-100\" data-reveal-delay=\"400\" class=\"reveal_cont-text reveal-bg\" style=\"background:#c4bfbf; color:#000000 !important;\">\n\t\t\t\t\t<\/p>\n<h2>System <strong>Bilico<\/strong><\/h2>\n<p>Ab 2018 bietet Kopen auch die innovative L\u00f6sung BILICO, das hei\u00dft, die Eingangst\u00fcr aus Aluminium mit Balance-\u00d6ffnung, die es gestattet, T\u00fcren nach Ma\u00df mit einer Gr\u00f6\u00dfe von bis zu 1.300 x 2.800 mm sowie f\u00fcr die Modelle der Produktlinie Effect von bis zu 1.800 x 3.000 mm zu realisieren.\n\t\t\t\t\t\n\t\t\t\t<\/div>\n\t\t\t<\/div>\n\t\t<\/section>\n\t\t[\/vc_column][\/vc_row][vc_row][vc_column][vc_column_text css=&#8221;.vc_custom_1667914610198{padding-top: 40px !important;}&#8221;]<\/p>\n<h2 style=\"text-align: center;\"><strong>Kopen-L\u00f6sungen<\/strong><\/h2>\n<p>[\/vc_column_text][\/vc_column][\/vc_row][vc_row el_class=&#8221;soluzionikopen&#8221; css=&#8221;.vc_custom_1667914616098{margin-top: 40px !important;}&#8221;][vc_column width=&#8221;1\/3&#8243;][vc_column_text]<\/p>\n<h4><span style=\"color: #cb272b;\">KDS100<\/span><\/h4>\n<p>Blinde T\u00fcr. Innerer und \u00e4u\u00dferer Rahmen aus Aluminium. Paneel innen und au\u00dfen aus Aluminium, St\u00e4rke 2,5 mm.[\/vc_column_text][vc_single_image image=&#8221;5631&#8243; img_size=&#8221;large&#8221; alignment=&#8221;center&#8221;][\/vc_column][vc_column width=&#8221;1\/3&#8243;][vc_column_text]<\/p>\n<h4><span style=\"color: #cb272b;\">KDS100V<\/span><\/h4>\n<p>Verglaste T\u00fcr. Innerer und \u00e4u\u00dferer Rahmen aus Aluminium. Paneel innen und au\u00dfen aus Aluminium, St\u00e4rke 2,5 mm.[\/vc_column_text][vc_single_image image=&#8221;5640&#8243; img_size=&#8221;large&#8221; alignment=&#8221;center&#8221;][\/vc_column][vc_column width=&#8221;1\/3&#8243;][vc_column_text]<\/p>\n<h4><span style=\"color: #cb272b;\">KDS100WD7<\/span><\/h4>\n<p>Blinde T\u00fcr. Innerer und \u00e4u\u00dferer Rahmen aus Aluminium. Inneres Paneel aus Holzlaminat, St\u00e4rke 7 mm. \u00c4u\u00dferes Paneel aus Aluminium, St\u00e4rke 2,5 mm.[\/vc_column_text][vc_single_image image=&#8221;5644&#8243; img_size=&#8221;large&#8221; alignment=&#8221;center&#8221;][\/vc_column][\/vc_row][vc_row el_class=&#8221;soluzionikopen&#8221; css=&#8221;.vc_custom_1667914804367{margin-top: 40px !important;margin-bottom: 40px !important;}&#8221;][vc_column width=&#8221;1\/3&#8243;][vc_column_text]<\/p>\n<h4><span style=\"color: #cb272b;\">KDS100WD14<\/span><\/h4>\n<p>Blinde T\u00fcr. Innerer und \u00e4u\u00dferer Rahmen aus Aluminium. Inneres Paneel aus Holz mit Pantografbearbeitung, St\u00e4rke 14 mm. \u00c4u\u00dferes Paneel aus Aluminium, St\u00e4rke 2,5 mm.[\/vc_column_text][vc_single_image image=&#8221;5650&#8243; img_size=&#8221;large&#8221; alignment=&#8221;center&#8221;][\/vc_column][vc_column width=&#8221;1\/3&#8243;][vc_column_text]<\/p>\n<h4><span style=\"color: #cb272b;\">KDS100AWD14\/WD7<\/span><\/h4>\n<p>Blinde T\u00fcr. Innerer und \u00e4u\u00dferer Rahmen mit Holz verblendet. Inneres Paneel aus Holz mit Pantografbearbeitung, St\u00e4rke 14 mm. \u00c4u\u00dferes Paneel aus Holzlaminat, St\u00e4rke 7 mm.[\/vc_column_text][vc_single_image image=&#8221;5654&#8243; img_size=&#8221;large&#8221; alignment=&#8221;center&#8221;][\/vc_column][vc_column width=&#8221;1\/3&#8243;][vc_column_text]<\/p>\n<h4><span style=\"color: #cb272b;\">KDS100AWD14\/WD14<\/span><\/h4>\n<p>Innerer und \u00e4u\u00dferer Rahmen mit Holz verblendet. Inneres Paneel aus Holz mit Pantografbearbeitung, St\u00e4rke 14 mm. \u00c4u\u00dferes Paneel aus Holz mit Pantografbearbeitung, St\u00e4rke 14 mm.[\/vc_column_text][vc_single_image image=&#8221;5658&#8243; img_size=&#8221;large&#8221; alignment=&#8221;center&#8221;][\/vc_column][\/vc_row][vc_row css=&#8221;.vc_custom_1667916305716{margin-right: -12px !important;margin-left: -12px !important;}&#8221;][vc_column css=&#8221;.vc_custom_1667915774247{margin: 0px !important;padding: 0px !important;}&#8221;]\n\t\t<section class=\"reveal-image lay3\">\n\t\t\t<div class=\"reveal_main \">\n\t\t\t\t<div data-reveal=\"home\" data-reveal-bgcolor=\"#cb272b\" data-reveal-direction=\"rl\" data-reveal-duration=\"800\"  data-reveal-offset=\"-100\" data-reveal-cover-area=\"0\" class=\"reveal_cont-img full-width block-revealer\">\n\t\t\t\t\t<div class=\"block-revealer__content\">\n\t\t\t\t\t\t<div class=\"reveal_img image-bg image-large image-center\" style=\"background-image: url(https:\/\/kopendoors.com\/wp-content\/uploads\/2022\/11\/porta-kopen-detail-cucina-1024x576.jpg);\">\n\t\t\t\t\t\t\t<img decoding=\"async\" class=\"reveal_img img-responsive hidden-lg\" src=\"https:\/\/kopendoors.com\/wp-content\/themes\/kopen\/img\/size-16-9.gif\"><img decoding=\"async\" class=\"reveal_img img-responsive hidden-sm\" src=\"https:\/\/kopendoors.com\/wp-content\/themes\/kopen\/img\/size-square.gif\">\n\t\t\t\t\t\t<\/div>\n\t\t\t\t\t<\/div>\n\t\t\t\t\t<div class=\"block-revealer__element\"><\/div>\n\t\t\t\t<\/div>\n\t\t\t<\/div>\n\t\t<\/section>\n\t\t[\/vc_column][\/vc_row]<\/p>\n<\/section>","protected":false},"excerpt":{"rendered":"<p>[vc_row css=&#8221;.vc_custom_1669219623878{margin-top: 50px !important;}&#8221; el_class=&#8221;maxwk&#8221;][vc_column offset=&#8221;vc_col-lg-offset-0 vc_col-lg-12&#8243; css=&#8221;.vc_custom_1669219856213{margin-bottom: 0px !important;}&#8221;][vc_column_text] Das\u00a0System KDS 100 ist ein innovatives und exklusives System, das von Kopen f\u00fcr die Realisierung von Eingangst\u00fcren aus Aluminium entwickelt wurde, die eine hohe W\u00e4rmed\u00e4mmung und Sicherheit bieten. [\/vc_column_text][\/vc_column][\/vc_row][vc_row css=&#8221;.vc_custom_1669219614147{border-bottom-width: 1px !important;padding-bottom: 40px !important;border-bottom-color: #e6e6e6 !important;border-bottom-style: solid !important;}&#8221; el_class=&#8221;maxwk&#8221;][vc_column width=&#8221;1\/2&#8243; offset=&#8221;vc_col-lg-offset-0 vc_col-lg-6&#8243;][vc_column_text]Das System KDS 100 [&hellip;]<\/p>\n","protected":false},"author":1,"featured_media":5587,"parent":0,"menu_order":0,"comment_status":"closed","ping_status":"closed","template":"template_header2.php","meta":{"footnotes":""},"class_list":["post-6442","page","type-page","status-publish","has-post-thumbnail","hentry"],"acf":[],"yoast_head":"<!-- This site is optimized with the Yoast SEO plugin v25.9 - https:\/\/yoast.com\/wordpress\/plugins\/seo\/ -->\n<title>Innovation KDS 100 - Kopen<\/title>\n<meta name=\"description\" content=\"Das\u00a0System KDS 100 ist ein innovatives und exklusives System, das von Kopen f\u00fcr die Realisierung von Eingangst\u00fcren aus Aluminium entwickelt wurde, die eine hohe W\u00e4rmed\u00e4mmung und Sicherheit bieten.\" \/>\n<meta name=\"robots\" content=\"index, follow, max-snippet:-1, max-image-preview:large, max-video-preview:-1\" \/>\n<link rel=\"canonical\" href=\"https:\/\/kopendoors.com\/de\/kds-100\/\" \/>\n<meta property=\"og:locale\" content=\"de_DE\" \/>\n<meta property=\"og:type\" content=\"article\" \/>\n<meta property=\"og:title\" content=\"Innovation KDS 100 - Kopen\" \/>\n<meta property=\"og:description\" content=\"Das\u00a0System KDS 100 ist ein innovatives und exklusives System, das von Kopen f\u00fcr die Realisierung von Eingangst\u00fcren aus Aluminium entwickelt wurde, die eine hohe W\u00e4rmed\u00e4mmung und Sicherheit bieten.\" \/>\n<meta property=\"og:url\" content=\"https:\/\/kopendoors.com\/de\/kds-100\/\" \/>\n<meta property=\"og:site_name\" content=\"Kopen\" \/>\n<meta property=\"article:publisher\" content=\"https:\/\/www.facebook.com\/Kopendoors\" \/>\n<meta property=\"article:modified_time\" content=\"2023-07-07T13:15:43+00:00\" \/>\n<meta property=\"og:image\" content=\"https:\/\/kopendoors.com\/wp-content\/uploads\/2022\/11\/background-top-title-innovazione.jpg\" \/>\n\t<meta property=\"og:image:width\" content=\"1920\" \/>\n\t<meta property=\"og:image:height\" content=\"514\" \/>\n\t<meta property=\"og:image:type\" content=\"image\/jpeg\" \/>\n<meta name=\"twitter:card\" content=\"summary_large_image\" \/>\n<meta name=\"twitter:site\" content=\"@Kopendoor\" \/>\n<meta name=\"twitter:label1\" content=\"Gesch\u00e4tzte Lesezeit\" \/>\n\t<meta name=\"twitter:data1\" content=\"3 minutes\" \/>\n<script type=\"application\/ld+json\" class=\"yoast-schema-graph\">{\"@context\":\"https:\/\/schema.org\",\"@graph\":[{\"@type\":\"WebPage\",\"@id\":\"https:\/\/kopendoors.com\/de\/kds-100\/\",\"url\":\"https:\/\/kopendoors.com\/de\/kds-100\/\",\"name\":\"Innovation KDS 100 - Kopen\",\"isPartOf\":{\"@id\":\"https:\/\/kopendoors.com\/it\/#website\"},\"primaryImageOfPage\":{\"@id\":\"https:\/\/kopendoors.com\/de\/kds-100\/#primaryimage\"},\"image\":{\"@id\":\"https:\/\/kopendoors.com\/de\/kds-100\/#primaryimage\"},\"thumbnailUrl\":\"https:\/\/kopendoors.com\/wp-content\/uploads\/2022\/11\/background-top-title-innovazione.jpg\",\"datePublished\":\"2022-11-06T10:17:34+00:00\",\"dateModified\":\"2023-07-07T13:15:43+00:00\",\"description\":\"Das\u00a0System KDS 100 ist ein innovatives und exklusives System, das von Kopen f\u00fcr die Realisierung von Eingangst\u00fcren aus Aluminium entwickelt wurde, die eine hohe W\u00e4rmed\u00e4mmung und Sicherheit bieten.\",\"inLanguage\":\"de-DE\",\"potentialAction\":[{\"@type\":\"ReadAction\",\"target\":[\"https:\/\/kopendoors.com\/de\/kds-100\/\"]}]},{\"@type\":\"ImageObject\",\"inLanguage\":\"de-DE\",\"@id\":\"https:\/\/kopendoors.com\/de\/kds-100\/#primaryimage\",\"url\":\"https:\/\/kopendoors.com\/wp-content\/uploads\/2022\/11\/background-top-title-innovazione.jpg\",\"contentUrl\":\"https:\/\/kopendoors.com\/wp-content\/uploads\/2022\/11\/background-top-title-innovazione.jpg\",\"width\":1920,\"height\":514,\"caption\":\"Sistema KDS100\u00a0innovativo\"},{\"@type\":\"WebSite\",\"@id\":\"https:\/\/kopendoors.com\/it\/#website\",\"url\":\"https:\/\/kopendoors.com\/it\/\",\"name\":\"Kopen\",\"description\":\"Porte di Ingresso in Alluminio con Design Esclusivo. Belle e Personalizzabili. Garanzia 15 anni.\",\"potentialAction\":[{\"@type\":\"SearchAction\",\"target\":{\"@type\":\"EntryPoint\",\"urlTemplate\":\"https:\/\/kopendoors.com\/it\/?s={search_term_string}\"},\"query-input\":{\"@type\":\"PropertyValueSpecification\",\"valueRequired\":true,\"valueName\":\"search_term_string\"}}],\"inLanguage\":\"de-DE\"}]}<\/script>\n<!-- \/ Yoast SEO plugin. -->","yoast_head_json":{"title":"Innovation KDS 100 - Kopen","description":"Das\u00a0System KDS 100 ist ein innovatives und exklusives System, das von Kopen f\u00fcr die Realisierung von Eingangst\u00fcren aus Aluminium entwickelt wurde, die eine hohe W\u00e4rmed\u00e4mmung und Sicherheit bieten.","robots":{"index":"index","follow":"follow","max-snippet":"max-snippet:-1","max-image-preview":"max-image-preview:large","max-video-preview":"max-video-preview:-1"},"canonical":"https:\/\/kopendoors.com\/de\/kds-100\/","og_locale":"de_DE","og_type":"article","og_title":"Innovation KDS 100 - Kopen","og_description":"Das\u00a0System KDS 100 ist ein innovatives und exklusives System, das von Kopen f\u00fcr die Realisierung von Eingangst\u00fcren aus Aluminium entwickelt wurde, die eine hohe W\u00e4rmed\u00e4mmung und Sicherheit bieten.","og_url":"https:\/\/kopendoors.com\/de\/kds-100\/","og_site_name":"Kopen","article_publisher":"https:\/\/www.facebook.com\/Kopendoors","article_modified_time":"2023-07-07T13:15:43+00:00","og_image":[{"width":1920,"height":514,"url":"https:\/\/kopendoors.com\/wp-content\/uploads\/2022\/11\/background-top-title-innovazione.jpg","type":"image\/jpeg"}],"twitter_card":"summary_large_image","twitter_site":"@Kopendoor","twitter_misc":{"Gesch\u00e4tzte Lesezeit":"3 minutes"},"schema":{"@context":"https:\/\/schema.org","@graph":[{"@type":"WebPage","@id":"https:\/\/kopendoors.com\/de\/kds-100\/","url":"https:\/\/kopendoors.com\/de\/kds-100\/","name":"Innovation KDS 100 - Kopen","isPartOf":{"@id":"https:\/\/kopendoors.com\/it\/#website"},"primaryImageOfPage":{"@id":"https:\/\/kopendoors.com\/de\/kds-100\/#primaryimage"},"image":{"@id":"https:\/\/kopendoors.com\/de\/kds-100\/#primaryimage"},"thumbnailUrl":"https:\/\/kopendoors.com\/wp-content\/uploads\/2022\/11\/background-top-title-innovazione.jpg","datePublished":"2022-11-06T10:17:34+00:00","dateModified":"2023-07-07T13:15:43+00:00","description":"Das\u00a0System KDS 100 ist ein innovatives und exklusives System, das von Kopen f\u00fcr die Realisierung von Eingangst\u00fcren aus Aluminium entwickelt wurde, die eine hohe W\u00e4rmed\u00e4mmung und Sicherheit bieten.","inLanguage":"de-DE","potentialAction":[{"@type":"ReadAction","target":["https:\/\/kopendoors.com\/de\/kds-100\/"]}]},{"@type":"ImageObject","inLanguage":"de-DE","@id":"https:\/\/kopendoors.com\/de\/kds-100\/#primaryimage","url":"https:\/\/kopendoors.com\/wp-content\/uploads\/2022\/11\/background-top-title-innovazione.jpg","contentUrl":"https:\/\/kopendoors.com\/wp-content\/uploads\/2022\/11\/background-top-title-innovazione.jpg","width":1920,"height":514,"caption":"Sistema KDS100\u00a0innovativo"},{"@type":"WebSite","@id":"https:\/\/kopendoors.com\/it\/#website","url":"https:\/\/kopendoors.com\/it\/","name":"Kopen","description":"Porte di Ingresso in Alluminio con Design Esclusivo. Belle e Personalizzabili. Garanzia 15 anni.","potentialAction":[{"@type":"SearchAction","target":{"@type":"EntryPoint","urlTemplate":"https:\/\/kopendoors.com\/it\/?s={search_term_string}"},"query-input":{"@type":"PropertyValueSpecification","valueRequired":true,"valueName":"search_term_string"}}],"inLanguage":"de-DE"}]}},"_links":{"self":[{"href":"https:\/\/kopendoors.com\/de\/wp-json\/wp\/v2\/pages\/6442","targetHints":{"allow":["GET"]}}],"collection":[{"href":"https:\/\/kopendoors.com\/de\/wp-json\/wp\/v2\/pages"}],"about":[{"href":"https:\/\/kopendoors.com\/de\/wp-json\/wp\/v2\/types\/page"}],"author":[{"embeddable":true,"href":"https:\/\/kopendoors.com\/de\/wp-json\/wp\/v2\/users\/1"}],"replies":[{"embeddable":true,"href":"https:\/\/kopendoors.com\/de\/wp-json\/wp\/v2\/comments?post=6442"}],"version-history":[{"count":9,"href":"https:\/\/kopendoors.com\/de\/wp-json\/wp\/v2\/pages\/6442\/revisions"}],"predecessor-version":[{"id":7007,"href":"https:\/\/kopendoors.com\/de\/wp-json\/wp\/v2\/pages\/6442\/revisions\/7007"}],"wp:featuredmedia":[{"embeddable":true,"href":"https:\/\/kopendoors.com\/de\/wp-json\/wp\/v2\/media\/5587"}],"wp:attachment":[{"href":"https:\/\/kopendoors.com\/de\/wp-json\/wp\/v2\/media?parent=6442"}],"curies":[{"name":"wp","href":"https:\/\/api.w.org\/{rel}","templated":true}]}}