{"id":6366,"date":"2022-11-04T08:39:56","date_gmt":"2022-11-04T07:39:56","guid":{"rendered":"https:\/\/kopendoors.com\/color\/"},"modified":"2022-12-04T17:17:03","modified_gmt":"2022-12-04T16:17:03","slug":"color","status":"publish","type":"page","link":"https:\/\/kopendoors.com\/de\/color\/","title":{"rendered":"Verarbeitungen"},"content":{"rendered":"<section class=\"wpb-content-wrapper\"><p>[vc_row css=&#8221;.vc_custom_1669221782167{margin-top: 100px !important;margin-bottom: 100px !important;}&#8221; el_class=&#8221;maxwk&#8221;][vc_column][vc_column_text css=&#8221;.vc_custom_1668004118703{padding-bottom: 50px !important;}&#8221;]<\/p>\n<h2 style=\"text-align: center;\"><strong>Beschichtung innen<\/strong><\/h2>\n<p>[\/vc_column_text][vc_row_inner el_class=&#8221;maxw1200&#8243;][vc_column_inner width=&#8221;1\/2&#8243; css=&#8221;.vc_custom_1668008135313{margin-bottom: 40px !important;}&#8221;]<div class=\"owl-carousel owl-theme owl-loaded\" data-items=\"1\" data-margin=\"10\" data-loop=\"true\" data-merge=\"true\" data-nav=\"true\" data-dots=\"true\" data-imgbackground=\"false\" data-lazyload=\"false\" data-stagepadding=\"\" data-mobile=\"1\" data-tablet=\"1\" data-desktopsmall=\"1\" data-desktop=\"1\" data-autoplay=\"true\" data-delay=\"4000\"><div class=\"item\"><img decoding=\"async\" src=\"https:\/\/kopendoors.com\/wp-content\/uploads\/2022\/11\/bianco.jpg\"><\/div><div class=\"item\"><img decoding=\"async\" src=\"https:\/\/kopendoors.com\/wp-content\/uploads\/2022\/11\/legno.jpg\"><\/div><\/div>[\/vc_column_inner][vc_column_inner width=&#8221;1\/2&#8243;][vc_column_text]Die T\u00fcren von Kopen sind die einzigen, die entwickelt wurden, um f\u00fcr die Beschichtung innen zwischen Aluminium und Holz zu w\u00e4hlen. Die Basisausstattung sieht die innere Beschichtung mit Holzpaneel mit 5 Basisverarbeitungen vor. Alternativ ist es m\u00f6glich, innen aus dem gesamten Angebot der Holzverarbeitungen auszuw\u00e4hlen.<\/p>\n<p>&nbsp;<\/p>\n<p>Alternativ ist es m\u00f6glich, f\u00fcr die innere Verkleidung aus Aluminium aus der im Folgenden angegebenen gro\u00dfe Auswahl auszuw\u00e4hlen. Dank der Partnerschaft mit Kromoss kann der Innenrahmen mit der f\u00fcr die innere Verkleidung ausgew\u00e4hlten Verarbeitung gew\u00e4hlt werden.[\/vc_column_text][\/vc_column_inner][\/vc_row_inner][\/vc_column][\/vc_row]<\/p>\n<\/section>","protected":false},"excerpt":{"rendered":"<p>[vc_row css=&#8221;.vc_custom_1669221782167{margin-top: 100px !important;margin-bottom: 100px !important;}&#8221; el_class=&#8221;maxwk&#8221;][vc_column][vc_column_text css=&#8221;.vc_custom_1668004118703{padding-bottom: 50px !important;}&#8221;] Beschichtung innen [\/vc_column_text][vc_row_inner el_class=&#8221;maxw1200&#8243;][vc_column_inner width=&#8221;1\/2&#8243; css=&#8221;.vc_custom_1668008135313{margin-bottom: 40px !important;}&#8221;][\/vc_column_inner][vc_column_inner width=&#8221;1\/2&#8243;][vc_column_text]Die T\u00fcren von Kopen sind die einzigen, die entwickelt wurden, um f\u00fcr die Beschichtung innen zwischen Aluminium und Holz zu w\u00e4hlen. Die Basisausstattung sieht die innere Beschichtung mit Holzpaneel mit 5 Basisverarbeitungen vor. Alternativ ist es m\u00f6glich, [&hellip;]<\/p>\n","protected":false},"author":1,"featured_media":5876,"parent":0,"menu_order":0,"comment_status":"closed","ping_status":"closed","template":"template_finiture.php","meta":{"footnotes":""},"class_list":["post-6366","page","type-page","status-publish","has-post-thumbnail","hentry"],"acf":[],"yoast_head":"<!-- This site is optimized with the Yoast SEO plugin v25.9 - https:\/\/yoast.com\/wordpress\/plugins\/seo\/ -->\n<title>Verarbeitungen - Kopen<\/title>\n<meta name=\"description\" content=\"Entdecken Sie die unz\u00e4hligen Personalisierungsm\u00f6glichkeiten unserer Eingangst\u00fcren aus Aluminium.\" \/>\n<meta name=\"robots\" content=\"index, follow, max-snippet:-1, max-image-preview:large, max-video-preview:-1\" \/>\n<link rel=\"canonical\" href=\"https:\/\/kopendoors.com\/de\/color\/\" \/>\n<meta property=\"og:locale\" content=\"de_DE\" \/>\n<meta property=\"og:type\" content=\"article\" \/>\n<meta property=\"og:title\" content=\"Verarbeitungen - Kopen\" \/>\n<meta property=\"og:description\" content=\"Entdecken Sie die unz\u00e4hligen Personalisierungsm\u00f6glichkeiten unserer Eingangst\u00fcren aus Aluminium.\" \/>\n<meta property=\"og:url\" content=\"https:\/\/kopendoors.com\/de\/color\/\" \/>\n<meta property=\"og:site_name\" content=\"Kopen\" \/>\n<meta property=\"article:publisher\" content=\"https:\/\/www.facebook.com\/Kopendoors\" \/>\n<meta property=\"article:modified_time\" content=\"2022-12-04T16:17:03+00:00\" \/>\n<meta property=\"og:image\" content=\"https:\/\/kopendoors.com\/wp-content\/uploads\/2022\/11\/top-title-color.jpg\" \/>\n\t<meta property=\"og:image:width\" content=\"1920\" \/>\n\t<meta property=\"og:image:height\" content=\"514\" \/>\n\t<meta property=\"og:image:type\" content=\"image\/jpeg\" \/>\n<meta name=\"twitter:card\" content=\"summary_large_image\" \/>\n<meta name=\"twitter:site\" content=\"@Kopendoor\" \/>\n<meta name=\"twitter:label1\" content=\"Gesch\u00e4tzte Lesezeit\" \/>\n\t<meta name=\"twitter:data1\" content=\"1 minute\" \/>\n<script type=\"application\/ld+json\" class=\"yoast-schema-graph\">{\"@context\":\"https:\/\/schema.org\",\"@graph\":[{\"@type\":\"WebPage\",\"@id\":\"https:\/\/kopendoors.com\/de\/color\/\",\"url\":\"https:\/\/kopendoors.com\/de\/color\/\",\"name\":\"Verarbeitungen - Kopen\",\"isPartOf\":{\"@id\":\"https:\/\/kopendoors.com\/it\/#website\"},\"primaryImageOfPage\":{\"@id\":\"https:\/\/kopendoors.com\/de\/color\/#primaryimage\"},\"image\":{\"@id\":\"https:\/\/kopendoors.com\/de\/color\/#primaryimage\"},\"thumbnailUrl\":\"https:\/\/kopendoors.com\/wp-content\/uploads\/2022\/11\/top-title-color.jpg\",\"datePublished\":\"2022-11-04T07:39:56+00:00\",\"dateModified\":\"2022-12-04T16:17:03+00:00\",\"description\":\"Entdecken Sie die unz\u00e4hligen Personalisierungsm\u00f6glichkeiten unserer Eingangst\u00fcren aus Aluminium.\",\"inLanguage\":\"de-DE\",\"potentialAction\":[{\"@type\":\"ReadAction\",\"target\":[\"https:\/\/kopendoors.com\/de\/color\/\"]}]},{\"@type\":\"ImageObject\",\"inLanguage\":\"de-DE\",\"@id\":\"https:\/\/kopendoors.com\/de\/color\/#primaryimage\",\"url\":\"https:\/\/kopendoors.com\/wp-content\/uploads\/2022\/11\/top-title-color.jpg\",\"contentUrl\":\"https:\/\/kopendoors.com\/wp-content\/uploads\/2022\/11\/top-title-color.jpg\",\"width\":1920,\"height\":514,\"caption\":\"finiture escliusive\"},{\"@type\":\"WebSite\",\"@id\":\"https:\/\/kopendoors.com\/it\/#website\",\"url\":\"https:\/\/kopendoors.com\/it\/\",\"name\":\"Kopen\",\"description\":\"Porte di Ingresso in Alluminio con Design Esclusivo. Belle e Personalizzabili. Garanzia 15 anni.\",\"potentialAction\":[{\"@type\":\"SearchAction\",\"target\":{\"@type\":\"EntryPoint\",\"urlTemplate\":\"https:\/\/kopendoors.com\/it\/?s={search_term_string}\"},\"query-input\":{\"@type\":\"PropertyValueSpecification\",\"valueRequired\":true,\"valueName\":\"search_term_string\"}}],\"inLanguage\":\"de-DE\"}]}<\/script>\n<!-- \/ Yoast SEO plugin. -->","yoast_head_json":{"title":"Verarbeitungen - Kopen","description":"Entdecken Sie die unz\u00e4hligen Personalisierungsm\u00f6glichkeiten unserer Eingangst\u00fcren aus Aluminium.","robots":{"index":"index","follow":"follow","max-snippet":"max-snippet:-1","max-image-preview":"max-image-preview:large","max-video-preview":"max-video-preview:-1"},"canonical":"https:\/\/kopendoors.com\/de\/color\/","og_locale":"de_DE","og_type":"article","og_title":"Verarbeitungen - Kopen","og_description":"Entdecken Sie die unz\u00e4hligen Personalisierungsm\u00f6glichkeiten unserer Eingangst\u00fcren aus Aluminium.","og_url":"https:\/\/kopendoors.com\/de\/color\/","og_site_name":"Kopen","article_publisher":"https:\/\/www.facebook.com\/Kopendoors","article_modified_time":"2022-12-04T16:17:03+00:00","og_image":[{"width":1920,"height":514,"url":"https:\/\/kopendoors.com\/wp-content\/uploads\/2022\/11\/top-title-color.jpg","type":"image\/jpeg"}],"twitter_card":"summary_large_image","twitter_site":"@Kopendoor","twitter_misc":{"Gesch\u00e4tzte Lesezeit":"1 minute"},"schema":{"@context":"https:\/\/schema.org","@graph":[{"@type":"WebPage","@id":"https:\/\/kopendoors.com\/de\/color\/","url":"https:\/\/kopendoors.com\/de\/color\/","name":"Verarbeitungen - Kopen","isPartOf":{"@id":"https:\/\/kopendoors.com\/it\/#website"},"primaryImageOfPage":{"@id":"https:\/\/kopendoors.com\/de\/color\/#primaryimage"},"image":{"@id":"https:\/\/kopendoors.com\/de\/color\/#primaryimage"},"thumbnailUrl":"https:\/\/kopendoors.com\/wp-content\/uploads\/2022\/11\/top-title-color.jpg","datePublished":"2022-11-04T07:39:56+00:00","dateModified":"2022-12-04T16:17:03+00:00","description":"Entdecken Sie die unz\u00e4hligen Personalisierungsm\u00f6glichkeiten unserer Eingangst\u00fcren aus Aluminium.","inLanguage":"de-DE","potentialAction":[{"@type":"ReadAction","target":["https:\/\/kopendoors.com\/de\/color\/"]}]},{"@type":"ImageObject","inLanguage":"de-DE","@id":"https:\/\/kopendoors.com\/de\/color\/#primaryimage","url":"https:\/\/kopendoors.com\/wp-content\/uploads\/2022\/11\/top-title-color.jpg","contentUrl":"https:\/\/kopendoors.com\/wp-content\/uploads\/2022\/11\/top-title-color.jpg","width":1920,"height":514,"caption":"finiture escliusive"},{"@type":"WebSite","@id":"https:\/\/kopendoors.com\/it\/#website","url":"https:\/\/kopendoors.com\/it\/","name":"Kopen","description":"Porte di Ingresso in Alluminio con Design Esclusivo. Belle e Personalizzabili. Garanzia 15 anni.","potentialAction":[{"@type":"SearchAction","target":{"@type":"EntryPoint","urlTemplate":"https:\/\/kopendoors.com\/it\/?s={search_term_string}"},"query-input":{"@type":"PropertyValueSpecification","valueRequired":true,"valueName":"search_term_string"}}],"inLanguage":"de-DE"}]}},"_links":{"self":[{"href":"https:\/\/kopendoors.com\/de\/wp-json\/wp\/v2\/pages\/6366","targetHints":{"allow":["GET"]}}],"collection":[{"href":"https:\/\/kopendoors.com\/de\/wp-json\/wp\/v2\/pages"}],"about":[{"href":"https:\/\/kopendoors.com\/de\/wp-json\/wp\/v2\/types\/page"}],"author":[{"embeddable":true,"href":"https:\/\/kopendoors.com\/de\/wp-json\/wp\/v2\/users\/1"}],"replies":[{"embeddable":true,"href":"https:\/\/kopendoors.com\/de\/wp-json\/wp\/v2\/comments?post=6366"}],"version-history":[{"count":9,"href":"https:\/\/kopendoors.com\/de\/wp-json\/wp\/v2\/pages\/6366\/revisions"}],"predecessor-version":[{"id":6633,"href":"https:\/\/kopendoors.com\/de\/wp-json\/wp\/v2\/pages\/6366\/revisions\/6633"}],"wp:featuredmedia":[{"embeddable":true,"href":"https:\/\/kopendoors.com\/de\/wp-json\/wp\/v2\/media\/5876"}],"wp:attachment":[{"href":"https:\/\/kopendoors.com\/de\/wp-json\/wp\/v2\/media?parent=6366"}],"curies":[{"name":"wp","href":"https:\/\/api.w.org\/{rel}","templated":true}]}}